{"id":17130,"date":"2021-10-13T17:43:07","date_gmt":"2021-10-13T17:43:07","guid":{"rendered":"https:\/\/topholds.com\/allen-skruv-m10\/"},"modified":"2026-01-24T21:13:45","modified_gmt":"2026-01-24T21:13:45","slug":"allen-skruv-m10","status":"publish","type":"product","link":"https:\/\/topholds.com\/sv\/erbjudande\/fasten\/allen-skruvar\/allen-skruv-m10\/","title":{"rendered":"Allen Skruv M10"},"content":{"rendered":"<p>Den <strong>hexagonala skruven Tornillo allen DIN 912 kvalitet 8.8 f\u00f6rzinkad<\/strong> \u00e4r idealisk f\u00f6r att f\u00e4sta dina kl\u00e4ttringsgrepp eller OCR p\u00e5 sl\u00e4ta ytor och dra \u00e5t dem med precision och s\u00e4kerhet.<\/p>\n<p>Den \u00e4r tillverkad av h\u00f6g h\u00e5llfasthet st\u00e5l och har en f\u00f6rzinkad yta som skyddar mot korrosion. Den har ett cylindriskt huvud med ett hexagonalt h\u00e5l som passar en insexnyckel 8.<\/p>\n<p>Dess l\u00e4ngd m\u00e4ts i millimeter utan att r\u00e4kna med huvudet.<\/p>\n<p>Om du beh\u00f6ver stora m\u00e4ngder av denna skruv, kontakta oss.<\/p>\n","protected":false},"excerpt":{"rendered":"<ul>\n<li>Insexskruv DIN 912 kvalitet 8.8 f\u00f6rzinkad. Metrisk 10<\/li>\n<li>Tillverkad av h\u00f6gkvalitativt st\u00e5l<\/li>\n<li>F\u00f6rzinkad finish som skyddar mot korrosion<\/li>\n<\/ul>\n","protected":false},"featured_media":10975,"comment_status":"open","ping_status":"closed","template":"","meta":[],"product_brand":[],"product_cat":[490,424],"product_tag":[],"class_list":{"0":"post-17130","1":"product","2":"type-product","3":"status-publish","4":"has-post-thumbnail","6":"product_cat-allen-skruvar","7":"product_cat-fasten","9":"first","10":"instock","11":"taxable","12":"shipping-taxable","13":"purchasable","14":"product-type-variable"},"_links":{"self":[{"href":"https:\/\/topholds.com\/sv\/wp-json\/wp\/v2\/product\/17130","targetHints":{"allow":["GET"]}}],"collection":[{"href":"https:\/\/topholds.com\/sv\/wp-json\/wp\/v2\/product"}],"about":[{"href":"https:\/\/topholds.com\/sv\/wp-json\/wp\/v2\/types\/product"}],"replies":[{"embeddable":true,"href":"https:\/\/topholds.com\/sv\/wp-json\/wp\/v2\/comments?post=17130"}],"wp:featuredmedia":[{"embeddable":true,"href":"https:\/\/topholds.com\/sv\/wp-json\/wp\/v2\/media\/10975"}],"wp:attachment":[{"href":"https:\/\/topholds.com\/sv\/wp-json\/wp\/v2\/media?parent=17130"}],"wp:term":[{"taxonomy":"product_brand","embeddable":true,"href":"https:\/\/topholds.com\/sv\/wp-json\/wp\/v2\/product_brand?post=17130"},{"taxonomy":"product_cat","embeddable":true,"href":"https:\/\/topholds.com\/sv\/wp-json\/wp\/v2\/product_cat?post=17130"},{"taxonomy":"product_tag","embeddable":true,"href":"https:\/\/topholds.com\/sv\/wp-json\/wp\/v2\/product_tag?post=17130"}],"curies":[{"name":"wp","href":"https:\/\/api.w.org\/{rel}","templated":true}]}}