{"id":17135,"date":"2021-10-13T18:15:23","date_gmt":"2021-10-13T18:15:23","guid":{"rendered":"https:\/\/topholds.com\/allen-skruv-m8\/"},"modified":"2024-08-26T04:50:44","modified_gmt":"2024-08-26T04:50:44","slug":"allen-skruv-m8","status":"publish","type":"product","link":"https:\/\/topholds.com\/sv\/erbjudande\/fasten\/allen-skruvar\/allen-skruv-m8\/","title":{"rendered":"Allen Skruv M8"},"content":{"rendered":"<p>Det<strong> hexagonala skruven Tornillo allen DIN 912 kvalitet 8.8 f\u00f6rzinkad<\/strong> \u00e4r idealisk f\u00f6r att sammanfoga dina kl\u00e4ttringsgrepp eller OCR med sl\u00e4ta ytor och dra \u00e5t dem med precision och s\u00e4kerhet.<\/p>\n<p>Den \u00e4r tillverkad av h\u00f6gmotst\u00e5ndsst\u00e5l och har en f\u00f6rzinkad yta som skyddar den mot korrosion. Den har ett cylindriskt huvud med ett hexagonalt h\u00e5l som passar en 6 mm insexnyckel.<\/p>\n<p>Dess l\u00e4ngd m\u00e4ts i millimeter utan att r\u00e4kna med huvudet.<\/p>\n<p>Om du beh\u00f6ver stora m\u00e4ngder av denna skruv, kontakta oss.<\/p>\n","protected":false},"excerpt":{"rendered":"<ul>\n<li>Insexskruv DIN 912 kvalitet 8.8 f\u00f6rzinkad. Metrisk 8<\/li>\n<li>Tillverkad av h\u00f6g h\u00e5llfasthetsst\u00e5l<\/li>\n<li>F\u00f6rzinkad yta som skyddar mot korrosion<\/li>\n<\/ul>\n","protected":false},"featured_media":10975,"comment_status":"open","ping_status":"closed","template":"","meta":[],"product_brand":[],"product_cat":[490,424],"product_tag":[],"class_list":{"0":"post-17135","1":"product","2":"type-product","3":"status-publish","4":"has-post-thumbnail","6":"product_cat-allen-skruvar","7":"product_cat-fasten","9":"first","10":"instock","11":"taxable","12":"shipping-taxable","13":"purchasable","14":"product-type-variable"},"_links":{"self":[{"href":"https:\/\/topholds.com\/sv\/wp-json\/wp\/v2\/product\/17135","targetHints":{"allow":["GET"]}}],"collection":[{"href":"https:\/\/topholds.com\/sv\/wp-json\/wp\/v2\/product"}],"about":[{"href":"https:\/\/topholds.com\/sv\/wp-json\/wp\/v2\/types\/product"}],"replies":[{"embeddable":true,"href":"https:\/\/topholds.com\/sv\/wp-json\/wp\/v2\/comments?post=17135"}],"wp:featuredmedia":[{"embeddable":true,"href":"https:\/\/topholds.com\/sv\/wp-json\/wp\/v2\/media\/10975"}],"wp:attachment":[{"href":"https:\/\/topholds.com\/sv\/wp-json\/wp\/v2\/media?parent=17135"}],"wp:term":[{"taxonomy":"product_brand","embeddable":true,"href":"https:\/\/topholds.com\/sv\/wp-json\/wp\/v2\/product_brand?post=17135"},{"taxonomy":"product_cat","embeddable":true,"href":"https:\/\/topholds.com\/sv\/wp-json\/wp\/v2\/product_cat?post=17135"},{"taxonomy":"product_tag","embeddable":true,"href":"https:\/\/topholds.com\/sv\/wp-json\/wp\/v2\/product_tag?post=17135"}],"curies":[{"name":"wp","href":"https:\/\/api.w.org\/{rel}","templated":true}]}}