{"id":17145,"date":"2021-10-14T16:58:30","date_gmt":"2021-10-14T16:58:30","guid":{"rendered":"https:\/\/topholds.com\/bestial-holds-2\/"},"modified":"2024-08-26T04:51:56","modified_gmt":"2024-08-26T04:51:56","slug":"bestial-holds-2","status":"publish","type":"product","link":"https:\/\/topholds.com\/sv\/erbjudande\/hinderbana\/traning\/grepp\/bestial-holds-2\/","title":{"rendered":"Hinderbana Grepp Bestial Holds 2"},"content":{"rendered":"<div class=\"flex-1 overflow-hidden\">\n<div class=\"react-scroll-to-bottom--css-ccche-79elbk h-full dark:bg-gray-800\">\n<div class=\"react-scroll-to-bottom--css-ccche-1n7m0yu\">\n<div class=\"flex flex-col items-center text-sm dark:bg-gray-800\">\n<div class=\"w-full border-b border-black\/10 dark:border-gray-900\/50 text-gray-800 dark:text-gray-100 group bg-gray-50 dark:bg-[#444654]\">\n<div class=\"text-base gap-4 md:gap-6 m-auto md:max-w-2xl lg:max-w-2xl xl:max-w-3xl p-4 md:py-6 flex lg:px-0\">\n<div class=\"relative flex w-[calc(100%-50px)] flex-col gap-1 md:gap-3 lg:w-[calc(100%-115px)]\">\n<div class=\"flex flex-grow flex-col gap-3\">\n<div class=\"min-h-[20px] flex flex-col items-start gap-4 whitespace-pre-wrap\">\n<div class=\"markdown prose w-full break-words dark:prose-invert light\">\n<p>Den<strong> Bestial Holds 2 OCR-grepp<\/strong> har designats f\u00f6r att imitera den mjuka sandstensstrukturen i naturen, vilket ger en unik och sp\u00e4nnande kl\u00e4ttringsupplevelse.<\/p>\n<p>Den har ett anti-rotationsgrop f\u00f6r bult som garanterar en s\u00e4ker och stabil f\u00e4ste p\u00e5 v\u00e4ggen.<\/p>\n<p><em>Bestial Holds \u00e4r ett h\u00f6gkvalitativt grepp<\/em> som du hittar p\u00e5 <strong>Bestial kl\u00e4ttergymmet<\/strong>.<\/p>\n<p>F\u00f6r installation rekommenderas det att anv\u00e4nda en skruv M10x60 eller M8x60, som inte ing\u00e5r i paketet.<\/p>\n<p>Om du beh\u00f6ver en specifik f\u00e4rg, kontakta oss s\u00e5 ska vi g\u00f6ra v\u00e5rt b\u00e4sta f\u00f6r att erbjuda dig greppet i den f\u00e4rg du beh\u00f6ver.<\/p>\n<\/div>\n<\/div>\n<\/div>\n<\/div>\n<\/div>\n<\/div>\n<\/div>\n<\/div>\n<\/div>\n","protected":false},"excerpt":{"rendered":"<ul>\n<li>Mjukt sandstensutseende<\/li>\n<li>S\u00e4ker och stabil f\u00e4stning p\u00e5 v\u00e4ggen tack vare h\u00e5let f\u00f6r skruven som f\u00f6rhindrar rotation.<\/li>\n<li>\u00d6verl\u00e4gsen kvalitet och n\u00e4rvaro i kl\u00e4tterhallen Bestial.<\/li>\n<\/ul>\n","protected":false},"featured_media":20859,"comment_status":"open","ping_status":"closed","template":"","meta":[],"product_brand":[],"product_cat":[416,518,515,425],"product_tag":[],"class_list":{"0":"post-17145","1":"product","2":"type-product","3":"status-publish","4":"has-post-thumbnail","6":"product_cat-hinderbana","7":"product_cat-grepp","8":"product_cat-traning","9":"product_cat-klattringrepp","11":"first","12":"instock","13":"taxable","14":"shipping-taxable","15":"purchasable","16":"product-type-simple"},"_links":{"self":[{"href":"https:\/\/topholds.com\/sv\/wp-json\/wp\/v2\/product\/17145","targetHints":{"allow":["GET"]}}],"collection":[{"href":"https:\/\/topholds.com\/sv\/wp-json\/wp\/v2\/product"}],"about":[{"href":"https:\/\/topholds.com\/sv\/wp-json\/wp\/v2\/types\/product"}],"replies":[{"embeddable":true,"href":"https:\/\/topholds.com\/sv\/wp-json\/wp\/v2\/comments?post=17145"}],"wp:featuredmedia":[{"embeddable":true,"href":"https:\/\/topholds.com\/sv\/wp-json\/wp\/v2\/media\/20859"}],"wp:attachment":[{"href":"https:\/\/topholds.com\/sv\/wp-json\/wp\/v2\/media?parent=17145"}],"wp:term":[{"taxonomy":"product_brand","embeddable":true,"href":"https:\/\/topholds.com\/sv\/wp-json\/wp\/v2\/product_brand?post=17145"},{"taxonomy":"product_cat","embeddable":true,"href":"https:\/\/topholds.com\/sv\/wp-json\/wp\/v2\/product_cat?post=17145"},{"taxonomy":"product_tag","embeddable":true,"href":"https:\/\/topholds.com\/sv\/wp-json\/wp\/v2\/product_tag?post=17145"}],"curies":[{"name":"wp","href":"https:\/\/api.w.org\/{rel}","templated":true}]}}