{"id":17150,"date":"2021-10-28T18:10:11","date_gmt":"2021-10-28T18:10:11","guid":{"rendered":"https:\/\/topholds.com\/sakerhetskarbin\/"},"modified":"2024-08-26T04:52:35","modified_gmt":"2024-08-26T04:52:35","slug":"sakerhetskarbin","status":"publish","type":"product","link":"https:\/\/topholds.com\/sv\/erbjudande\/hinderbana\/traning\/sakerhetskarbin\/","title":{"rendered":"S\u00e4kerhetskarbin"},"content":{"rendered":"<div class=\"flex-1 overflow-hidden\">\n<div class=\"react-scroll-to-bottom--css-ccche-79elbk h-full dark:bg-gray-800\">\n<div class=\"react-scroll-to-bottom--css-ccche-1n7m0yu\">\n<div class=\"flex flex-col items-center text-sm dark:bg-gray-800\">\n<div class=\"w-full border-b border-black\/10 dark:border-gray-900\/50 text-gray-800 dark:text-gray-100 group bg-gray-50 dark:bg-[#444654]\">\n<div class=\"text-base gap-4 md:gap-6 m-auto md:max-w-2xl lg:max-w-2xl xl:max-w-3xl p-4 md:py-6 flex lg:px-0\">\n<div class=\"relative flex w-[calc(100%-50px)] flex-col gap-1 md:gap-3 lg:w-[calc(100%-115px)]\">\n<div class=\"flex flex-grow flex-col gap-3\">\n<div class=\"min-h-[20px] flex flex-col items-start gap-4 whitespace-pre-wrap\">\n<div class=\"markdown prose w-full break-words dark:prose-invert light\">\n<p>Om du s\u00f6ker en <strong>s\u00e4kert och p\u00e5litlig karbinhake f\u00f6r att h\u00e4nga upp upph\u00e4ngningar och\/eller OCR-grepp<\/strong>, \u00e4r v\u00e5r karbinhake med s\u00e4kerhetsl\u00e5s ett perfekt val f\u00f6r dig. Tack vare sitt g\u00e4ngade l\u00e5s kan du vara s\u00e4ker p\u00e5 att det inte kommer att ske n\u00e5gra oavsiktliga \u00f6ppningar som kan \u00e4ventyra din s\u00e4kerhet.<\/p>\n<p>Tillverkade av f\u00f6rzinkat st\u00e5l \u00e4r dessa karbinhakar b\u00e5de starka och h\u00e5llbara. Dessutom g\u00f6r deras design dem perfekta f\u00f6r <em>att h\u00e4nga upp dina upph\u00e4ngningar och grepp p\u00e5 ett enkelt och s\u00e4kert s\u00e4tt<\/em>.<\/p>\n<p>T\u00e4nk p\u00e5 att dessa karbinhakar inte \u00e4r godk\u00e4nda f\u00f6r kl\u00e4ttring eller vertikalt arbete. Men den maximala rekommenderade lasten fr\u00e5n v\u00e5r tillverkare \u00e4r 230 kilo f\u00f6r storlek 8&#215;80 och 350 kilo f\u00f6r storlek 10&#215;100, vilket g\u00f6r dem perfekta f\u00f6r anv\u00e4ndning i installationer av upph\u00e4ngningar och OCR-grepp.<\/p>\n<p>Riskera inte din s\u00e4kerhet med produkter av l\u00e5g kvalitet.<\/p>\n<\/div>\n<\/div>\n<\/div>\n<\/div>\n<\/div>\n<\/div>\n<\/div>\n<\/div>\n<\/div>\n","protected":false},"excerpt":{"rendered":"<ul>\n<li>Karbinhake med g\u00e4ngad s\u00e4kerhetsring.<\/li>\n<li>F\u00f6rhindrar oavsiktlig \u00f6ppning.<\/li>\n<li>Idealiska f\u00f6r att h\u00e4nga dina upph\u00e4ngningar och OCR-handtag.<\/li>\n<li>Tillverkade av galvaniserat st\u00e5l.<\/li>\n<\/ul>\n<p>&nbsp;<\/p>\n<p>&nbsp;<\/p>\n","protected":false},"featured_media":20872,"comment_status":"open","ping_status":"closed","template":"","meta":[],"product_brand":[],"product_cat":[416,515,507,422],"product_tag":[],"class_list":{"0":"post-17150","1":"product","2":"type-product","3":"status-publish","4":"has-post-thumbnail","6":"product_cat-hinderbana","7":"product_cat-traning","8":"product_cat-ovrigt","9":"product_cat-tillbehor","11":"first","12":"instock","13":"taxable","14":"shipping-taxable","15":"purchasable","16":"product-type-variable"},"_links":{"self":[{"href":"https:\/\/topholds.com\/sv\/wp-json\/wp\/v2\/product\/17150","targetHints":{"allow":["GET"]}}],"collection":[{"href":"https:\/\/topholds.com\/sv\/wp-json\/wp\/v2\/product"}],"about":[{"href":"https:\/\/topholds.com\/sv\/wp-json\/wp\/v2\/types\/product"}],"replies":[{"embeddable":true,"href":"https:\/\/topholds.com\/sv\/wp-json\/wp\/v2\/comments?post=17150"}],"wp:featuredmedia":[{"embeddable":true,"href":"https:\/\/topholds.com\/sv\/wp-json\/wp\/v2\/media\/20872"}],"wp:attachment":[{"href":"https:\/\/topholds.com\/sv\/wp-json\/wp\/v2\/media?parent=17150"}],"wp:term":[{"taxonomy":"product_brand","embeddable":true,"href":"https:\/\/topholds.com\/sv\/wp-json\/wp\/v2\/product_brand?post=17150"},{"taxonomy":"product_cat","embeddable":true,"href":"https:\/\/topholds.com\/sv\/wp-json\/wp\/v2\/product_cat?post=17150"},{"taxonomy":"product_tag","embeddable":true,"href":"https:\/\/topholds.com\/sv\/wp-json\/wp\/v2\/product_tag?post=17150"}],"curies":[{"name":"wp","href":"https:\/\/api.w.org\/{rel}","templated":true}]}}