{"id":17155,"date":"2021-10-29T16:05:55","date_gmt":"2021-10-29T16:05:55","guid":{"rendered":"https:\/\/topholds.com\/topholds-rep-6mm\/"},"modified":"2024-08-26T04:53:11","modified_gmt":"2024-08-26T04:53:11","slug":"topholds-rep-6mm","status":"publish","type":"product","link":"https:\/\/topholds.com\/sv\/erbjudande\/hinderbana\/traning\/topholds-rep-6mm\/","title":{"rendered":"Topholds Rep 6 mm"},"content":{"rendered":"<div class=\"flex-1 overflow-hidden\">\n<div class=\"react-scroll-to-bottom--css-ccche-79elbk h-full dark:bg-gray-800\">\n<div class=\"react-scroll-to-bottom--css-ccche-1n7m0yu\">\n<div class=\"flex flex-col items-center text-sm dark:bg-gray-800\">\n<div class=\"w-full border-b border-black\/10 dark:border-gray-900\/50 text-gray-800 dark:text-gray-100 group bg-gray-50 dark:bg-[#444654]\">\n<div class=\"text-base gap-4 md:gap-6 m-auto md:max-w-2xl lg:max-w-2xl xl:max-w-3xl p-4 md:py-6 flex lg:px-0\">\n<div class=\"relative flex w-[calc(100%-50px)] flex-col gap-1 md:gap-3 lg:w-[calc(100%-115px)]\">\n<div class=\"flex flex-grow flex-col gap-3\">\n<div class=\"min-h-[20px] flex flex-col items-start gap-4 whitespace-pre-wrap\">\n<div class=\"markdown prose w-full break-words dark:prose-invert light\">\n<p>Vill du ta dina h\u00e4ngf\u00e4rdigheter till n\u00e4sta niv\u00e5?<\/p>\n<p>D\u00e5 \u00e4r v\u00e5r <strong>hj\u00e4lprope f\u00f6r h\u00e4ngningar och OCR-grepp<\/strong> precis vad du beh\u00f6ver. Denna rep g\u00f6r att du kan utforska nya f\u00f6rankringsm\u00f6jligheter var som helst, oavsett sv\u00e4ngavst\u00e5nd eller terr\u00e4ngens sv\u00e5righetsgrad.<\/p>\n<p>Trots sin lilla diameter p\u00e5 6 millimeter \u00e4r detta rep extremt h\u00e5llbart och kan klara av brust\u00e5liga laster p\u00e5 upp till 730 kilo. Dessutom \u00e4r det v\u00e4derbest\u00e4ndigt, s\u00e5 du kan anv\u00e4nda det i alla v\u00e4derf\u00f6rh\u00e5llanden utan att beh\u00f6va oroa dig f\u00f6r dess h\u00e5llbarhet.<\/p>\n<p>Den <em>hj\u00e4lprope f\u00f6r h\u00e4ngningar och OCR-grepp<\/em> kommer i en elegant svart f\u00e4rg som kommer att ge en stilfull touch till din OCR-utrustning. Med detta rep kan du ta dina h\u00e4ngf\u00e4rdigheter till n\u00e4sta niv\u00e5 och bem\u00e4stra nya utmaningar i den vertikala v\u00e4rlden.<\/p>\n<\/div>\n<\/div>\n<\/div>\n<\/div>\n<\/div>\n<\/div>\n<\/div>\n<\/div>\n<\/div>\n<p>Priset \u00e4r per meter och kommer att levereras i ett enda stycke av det valda antalet meter.<\/p>\n<p>*Information tillhandah\u00e5llen av v\u00e5r tillverkare<\/p>\n","protected":false},"excerpt":{"rendered":"<ul>\n<li>Flera m\u00f6jligheter till f\u00f6rt\u00f6jning p\u00e5 olika platser, pendelavst\u00e5nd osv&#8230;<\/li>\n<li>Extremt h\u00e5llbar. Brottlast: +-730 kilo*<\/li>\n<li>V\u00e4derbest\u00e4ndig.<\/li>\n<li>Svart f\u00e4rg<\/li>\n<\/ul>\n","protected":false},"featured_media":20879,"comment_status":"open","ping_status":"closed","template":"","meta":[],"product_brand":[],"product_cat":[416,515,507,422],"product_tag":[],"class_list":{"0":"post-17155","1":"product","2":"type-product","3":"status-publish","4":"has-post-thumbnail","6":"product_cat-hinderbana","7":"product_cat-traning","8":"product_cat-ovrigt","9":"product_cat-tillbehor","10":"product_shipping_class-ekonomifrakt","12":"first","13":"instock","14":"taxable","15":"shipping-taxable","16":"purchasable","17":"product-type-simple"},"_links":{"self":[{"href":"https:\/\/topholds.com\/sv\/wp-json\/wp\/v2\/product\/17155","targetHints":{"allow":["GET"]}}],"collection":[{"href":"https:\/\/topholds.com\/sv\/wp-json\/wp\/v2\/product"}],"about":[{"href":"https:\/\/topholds.com\/sv\/wp-json\/wp\/v2\/types\/product"}],"replies":[{"embeddable":true,"href":"https:\/\/topholds.com\/sv\/wp-json\/wp\/v2\/comments?post=17155"}],"wp:featuredmedia":[{"embeddable":true,"href":"https:\/\/topholds.com\/sv\/wp-json\/wp\/v2\/media\/20879"}],"wp:attachment":[{"href":"https:\/\/topholds.com\/sv\/wp-json\/wp\/v2\/media?parent=17155"}],"wp:term":[{"taxonomy":"product_brand","embeddable":true,"href":"https:\/\/topholds.com\/sv\/wp-json\/wp\/v2\/product_brand?post=17155"},{"taxonomy":"product_cat","embeddable":true,"href":"https:\/\/topholds.com\/sv\/wp-json\/wp\/v2\/product_cat?post=17155"},{"taxonomy":"product_tag","embeddable":true,"href":"https:\/\/topholds.com\/sv\/wp-json\/wp\/v2\/product_tag?post=17155"}],"curies":[{"name":"wp","href":"https:\/\/api.w.org\/{rel}","templated":true}]}}