{"id":17165,"date":"2022-01-30T16:46:14","date_gmt":"2022-01-30T16:46:14","guid":{"rendered":"https:\/\/topholds.com\/spartan-holds\/"},"modified":"2024-08-26T04:54:32","modified_gmt":"2024-08-26T04:54:32","slug":"spartan-holds","status":"publish","type":"product","link":"https:\/\/topholds.com\/sv\/erbjudande\/hinderbana\/traning\/grepp\/spartan-holds\/","title":{"rendered":"Hinderbana Grepp Spartan Holds"},"content":{"rendered":"<p><strong>Spartan Holds \u00e4r ett OCR-grepp<\/strong> med mjuk sandstensstruktur som erbjuder ett s\u00e4kert och bekv\u00e4mt grepp. Dess stora sk\u00e5l g\u00f6r den idealisk f\u00f6r \u00f6verh\u00e4ng och tak.<\/p>\n<p>Monteringen g\u00f6rs med 2 skruvar och garanterar en solid och h\u00e5llbar installation.<\/p>\n<p>Dessutom, om du \u00f6nskar en speciell f\u00e4rg f\u00f6r ditt <strong>OCR-grepp<\/strong>, tveka inte att kontakta oss s\u00e5 ska vi g\u00f6ra v\u00e5rt b\u00e4sta f\u00f6r att tillgodose dina \u00f6nskem\u00e5l.<\/p>\n<p>Utmanar dina gr\u00e4nser med Spartan!<\/p>\n","protected":false},"excerpt":{"rendered":"<ul>\n<li>Mjuk sandstensstruktur.<\/li>\n<li>Ideal f\u00f6r alla \u00f6verh\u00e4ng och tak.<\/li>\n<li>Montering med 2 skruvar.<\/li>\n<\/ul>\n","protected":false},"featured_media":20909,"comment_status":"open","ping_status":"closed","template":"","meta":[],"product_brand":[],"product_cat":[416,518,515,425],"product_tag":[],"class_list":{"0":"post-17165","1":"product","2":"type-product","3":"status-publish","4":"has-post-thumbnail","6":"product_cat-hinderbana","7":"product_cat-grepp","8":"product_cat-traning","9":"product_cat-klattringrepp","11":"first","12":"instock","13":"sale","14":"taxable","15":"shipping-taxable","16":"purchasable","17":"product-type-simple"},"_links":{"self":[{"href":"https:\/\/topholds.com\/sv\/wp-json\/wp\/v2\/product\/17165","targetHints":{"allow":["GET"]}}],"collection":[{"href":"https:\/\/topholds.com\/sv\/wp-json\/wp\/v2\/product"}],"about":[{"href":"https:\/\/topholds.com\/sv\/wp-json\/wp\/v2\/types\/product"}],"replies":[{"embeddable":true,"href":"https:\/\/topholds.com\/sv\/wp-json\/wp\/v2\/comments?post=17165"}],"wp:featuredmedia":[{"embeddable":true,"href":"https:\/\/topholds.com\/sv\/wp-json\/wp\/v2\/media\/20909"}],"wp:attachment":[{"href":"https:\/\/topholds.com\/sv\/wp-json\/wp\/v2\/media?parent=17165"}],"wp:term":[{"taxonomy":"product_brand","embeddable":true,"href":"https:\/\/topholds.com\/sv\/wp-json\/wp\/v2\/product_brand?post=17165"},{"taxonomy":"product_cat","embeddable":true,"href":"https:\/\/topholds.com\/sv\/wp-json\/wp\/v2\/product_cat?post=17165"},{"taxonomy":"product_tag","embeddable":true,"href":"https:\/\/topholds.com\/sv\/wp-json\/wp\/v2\/product_tag?post=17165"}],"curies":[{"name":"wp","href":"https:\/\/api.w.org\/{rel}","templated":true}]}}