{"id":17170,"date":"2022-01-30T17:29:38","date_gmt":"2022-01-30T17:29:38","guid":{"rendered":"https:\/\/topholds.com\/asa-xl\/"},"modified":"2024-08-26T04:55:09","modified_gmt":"2024-08-26T04:55:09","slug":"asa-xl","status":"publish","type":"product","link":"https:\/\/topholds.com\/sv\/erbjudande\/klattringrepp\/asa-xl\/","title":{"rendered":"Kl\u00e4ttergrepp Asa XL"},"content":{"rendered":"<p>La <strong>kl\u00e4ttergrepp Asa XL<\/strong> \u00e4r ett perfekt val f\u00f6r utmaningens \u00e4lskare.<\/p>\n<p>Med sin mjuka sandstensstruktur ger den ett bekv\u00e4mt och s\u00e4kert grepp f\u00f6r <strong>tr\u00e4ning b\u00e5de med en hand och med tv\u00e5<\/strong>. Dessutom m\u00f6jligg\u00f6r den gener\u00f6sa storleken p\u00e5 28 cm i l\u00e4ngd ett brett och varierat grepp.<\/p>\n<p>Den levereras med n\u00f6dv\u00e4ndiga M10x50 skruvar och skruvankare f\u00f6r installation, s\u00e5 du kan b\u00f6rja tr\u00e4na inom n\u00e5gra minuter.<\/p>\n<p>Tveka inte att \u00f6vervinna dina gr\u00e4nser med <strong>Asa XL<\/strong>!<\/p>\n","protected":false},"excerpt":{"rendered":"<ul>\n<li>Mjuk sandstensstruktur f\u00f6r ett komfortabelt och s\u00e4kert grepp<\/li>\n<li>Storlek p\u00e5 28 cm i l\u00e4ngd f\u00f6r ett brett och varierat grepp<\/li>\n<li>Inkluderar skruvar och pluggar f\u00f6r enkel installation och snabb tr\u00e4ning.<\/li>\n<\/ul>\n","protected":false},"featured_media":20924,"comment_status":"open","ping_status":"closed","template":"","meta":[],"product_brand":[],"product_cat":[425],"product_tag":[],"class_list":{"0":"post-17170","1":"product","2":"type-product","3":"status-publish","4":"has-post-thumbnail","6":"product_cat-klattringrepp","8":"first","9":"instock","10":"taxable","11":"shipping-taxable","12":"purchasable","13":"product-type-simple"},"_links":{"self":[{"href":"https:\/\/topholds.com\/sv\/wp-json\/wp\/v2\/product\/17170","targetHints":{"allow":["GET"]}}],"collection":[{"href":"https:\/\/topholds.com\/sv\/wp-json\/wp\/v2\/product"}],"about":[{"href":"https:\/\/topholds.com\/sv\/wp-json\/wp\/v2\/types\/product"}],"replies":[{"embeddable":true,"href":"https:\/\/topholds.com\/sv\/wp-json\/wp\/v2\/comments?post=17170"}],"wp:featuredmedia":[{"embeddable":true,"href":"https:\/\/topholds.com\/sv\/wp-json\/wp\/v2\/media\/20924"}],"wp:attachment":[{"href":"https:\/\/topholds.com\/sv\/wp-json\/wp\/v2\/media?parent=17170"}],"wp:term":[{"taxonomy":"product_brand","embeddable":true,"href":"https:\/\/topholds.com\/sv\/wp-json\/wp\/v2\/product_brand?post=17170"},{"taxonomy":"product_cat","embeddable":true,"href":"https:\/\/topholds.com\/sv\/wp-json\/wp\/v2\/product_cat?post=17170"},{"taxonomy":"product_tag","embeddable":true,"href":"https:\/\/topholds.com\/sv\/wp-json\/wp\/v2\/product_tag?post=17170"}],"curies":[{"name":"wp","href":"https:\/\/api.w.org\/{rel}","templated":true}]}}