{"id":17175,"date":"2022-02-16T15:29:45","date_gmt":"2022-02-16T15:29:45","guid":{"rendered":"https:\/\/topholds.com\/poseidon-grips\/"},"modified":"2024-08-26T04:55:47","modified_gmt":"2024-08-26T04:55:47","slug":"poseidon-grips","status":"publish","type":"product","link":"https:\/\/topholds.com\/sv\/erbjudande\/hinderbana\/traning\/upphangningar\/poseidon-grips\/","title":{"rendered":"Hinderbana Upph\u00e4ngningar Poseidon Grips"},"content":{"rendered":"<p><strong>Suspension OCR Poseid\u00f3n Grips<\/strong> \u00e4r en produkt f\u00f6r dem som s\u00f6ker lite mer <strong>sp\u00e4nning i tr\u00e4ningen<\/strong>, d\u00e5 den m\u00f6jligg\u00f6r grepp med ena handen fr\u00e5n ovansidan eller med tv\u00e5 h\u00e4nder i br\u00e4dd p\u00e5 sidorna.<\/p>\n<p>Dess mjuka men greppv\u00e4nliga textur g\u00f6r den till ett perfekt verktyg f\u00f6r v\u00e5ra <strong>OCR-tr\u00e4ningar, kl\u00e4ttring, calisthenics och Crossfit<\/strong>.<\/p>\n<p>Inom 3 sekunder med en loopen knut kan vi h\u00e4nga upp dem p\u00e5 vilken gren, pull-up st\u00e5ng, etc.<\/p>\n<p>Det finns inga fler urs\u00e4kter f\u00f6r lite lidande varje dag.<\/p>\n<p>F\u00e4rgerna kan skilja sig fr\u00e5n bilden (kontakta oss om du \u00f6nskar en speciell).<\/p>\n","protected":false},"excerpt":{"rendered":"<ul>\n<li>Ideal f\u00f6r upph\u00e4ngningar\/traktioner.<\/li>\n<li>\u00d6verl\u00e4gsen grepp med bollar och laterala grepp med smala och breda kl\u00e4mmor.<\/li>\n<li>V\u00e4ldigt l\u00e4tta, perfekta att ta med till v\u00e5ra tr\u00e4ningar var som helst.<\/li>\n<\/ul>\n","protected":false},"featured_media":20934,"comment_status":"open","ping_status":"closed","template":"","meta":[],"product_brand":[],"product_cat":[416,515,517],"product_tag":[],"class_list":{"0":"post-17175","1":"product","2":"type-product","3":"status-publish","4":"has-post-thumbnail","6":"product_cat-hinderbana","7":"product_cat-traning","8":"product_cat-upphangningar","10":"first","11":"instock","12":"taxable","13":"shipping-taxable","14":"purchasable","15":"product-type-simple"},"_links":{"self":[{"href":"https:\/\/topholds.com\/sv\/wp-json\/wp\/v2\/product\/17175","targetHints":{"allow":["GET"]}}],"collection":[{"href":"https:\/\/topholds.com\/sv\/wp-json\/wp\/v2\/product"}],"about":[{"href":"https:\/\/topholds.com\/sv\/wp-json\/wp\/v2\/types\/product"}],"replies":[{"embeddable":true,"href":"https:\/\/topholds.com\/sv\/wp-json\/wp\/v2\/comments?post=17175"}],"wp:featuredmedia":[{"embeddable":true,"href":"https:\/\/topholds.com\/sv\/wp-json\/wp\/v2\/media\/20934"}],"wp:attachment":[{"href":"https:\/\/topholds.com\/sv\/wp-json\/wp\/v2\/media?parent=17175"}],"wp:term":[{"taxonomy":"product_brand","embeddable":true,"href":"https:\/\/topholds.com\/sv\/wp-json\/wp\/v2\/product_brand?post=17175"},{"taxonomy":"product_cat","embeddable":true,"href":"https:\/\/topholds.com\/sv\/wp-json\/wp\/v2\/product_cat?post=17175"},{"taxonomy":"product_tag","embeddable":true,"href":"https:\/\/topholds.com\/sv\/wp-json\/wp\/v2\/product_tag?post=17175"}],"curies":[{"name":"wp","href":"https:\/\/api.w.org\/{rel}","templated":true}]}}