{"id":17180,"date":"2022-05-08T17:10:01","date_gmt":"2022-05-08T17:10:01","guid":{"rendered":"https:\/\/topholds.com\/spartan-nyckelring\/"},"modified":"2024-08-26T04:56:26","modified_gmt":"2024-08-26T04:56:26","slug":"spartan-nyckelring","status":"publish","type":"product","link":"https:\/\/topholds.com\/sv\/erbjudande\/tillbehor\/nyckelringar\/spartan-nyckelring\/","title":{"rendered":"Spartan Nyckelring"},"content":{"rendered":"<p>Det verkar som att din f\u00f6rfr\u00e5gan var tom. V\u00e4nligen skriv den text du vill ha \u00f6versatt till svenska, s\u00e5 hj\u00e4lper jag dig g\u00e4rna!<\/p>\n","protected":false},"excerpt":{"rendered":"<p>&nbsp;<\/p>\n<p>V\u00e4lj din Spartans favoritf\u00e4rg.<\/p>\n","protected":false},"featured_media":20972,"comment_status":"open","ping_status":"closed","template":"","meta":[],"product_brand":[],"product_cat":[508,422],"product_tag":[],"class_list":{"0":"post-17180","1":"product","2":"type-product","3":"status-publish","4":"has-post-thumbnail","6":"product_cat-nyckelringar","7":"product_cat-tillbehor","8":"product_shipping_class-ekonomifrakt","10":"first","11":"instock","12":"taxable","13":"shipping-taxable","14":"purchasable","15":"product-type-variable"},"_links":{"self":[{"href":"https:\/\/topholds.com\/sv\/wp-json\/wp\/v2\/product\/17180","targetHints":{"allow":["GET"]}}],"collection":[{"href":"https:\/\/topholds.com\/sv\/wp-json\/wp\/v2\/product"}],"about":[{"href":"https:\/\/topholds.com\/sv\/wp-json\/wp\/v2\/types\/product"}],"replies":[{"embeddable":true,"href":"https:\/\/topholds.com\/sv\/wp-json\/wp\/v2\/comments?post=17180"}],"wp:featuredmedia":[{"embeddable":true,"href":"https:\/\/topholds.com\/sv\/wp-json\/wp\/v2\/media\/20972"}],"wp:attachment":[{"href":"https:\/\/topholds.com\/sv\/wp-json\/wp\/v2\/media?parent=17180"}],"wp:term":[{"taxonomy":"product_brand","embeddable":true,"href":"https:\/\/topholds.com\/sv\/wp-json\/wp\/v2\/product_brand?post=17180"},{"taxonomy":"product_cat","embeddable":true,"href":"https:\/\/topholds.com\/sv\/wp-json\/wp\/v2\/product_cat?post=17180"},{"taxonomy":"product_tag","embeddable":true,"href":"https:\/\/topholds.com\/sv\/wp-json\/wp\/v2\/product_tag?post=17180"}],"curies":[{"name":"wp","href":"https:\/\/api.w.org\/{rel}","templated":true}]}}