{"id":17185,"date":"2022-05-08T17:43:04","date_gmt":"2022-05-08T17:43:04","guid":{"rendered":"https:\/\/topholds.com\/kong\/"},"modified":"2024-08-26T04:57:00","modified_gmt":"2024-08-26T04:57:00","slug":"kong","status":"publish","type":"product","link":"https:\/\/topholds.com\/sv\/erbjudande\/hinderbana\/traning\/upphangningar\/kong\/","title":{"rendered":"Hinderbana Upph\u00e4ngningar Kong"},"content":{"rendered":"<p><strong>Suspensioner fr\u00e5n OCR Kong<\/strong> har form av en banan och \u00e4r ett fantastiskt verktyg f\u00f6r v\u00e5ra <strong>kl\u00e4ttringstr\u00e4ningar, OCR och Crossfit<\/strong>.<\/p>\n<p>De \u00e4r mycket l\u00e4tta, perfekta att ta med till v\u00e5ra tr\u00e4ningar var som helst.<\/p>\n<ul>\n<li style=\"text-align: left;\">P\u00e5 3 sekunder h\u00e4nger vi dem i ett alondraknut p\u00e5 vilken gren, pull-up-st\u00e5ng etc. som helst.<\/li>\n<li>Med en karbinhake h\u00e4nger vi dem f\u00f6r takh\u00e4ng eller \u00f6verh\u00e4ng.<\/li>\n<\/ul>\n<p><strong>OCR Kong<\/strong> inkluderar en dubbel snodd p\u00e5 6 mm.<\/p>\n<p>Texturen fr\u00e5n TopHolds, som alla redan k\u00e4nner till, \u00e4r mycket greppv\u00e4nlig och mjuk mot h\u00e4nderna.<\/p>\n<p>Det finns inga urs\u00e4kter f\u00f6r att inte f\u00e5 lite lidande varje dag.<\/p>\n<p>F\u00e4rgerna kan variera fr\u00e5n de som visas p\u00e5 bilden (kontakta oss om du vill ha en speciell f\u00e4rg).<\/p>\n","protected":false},"excerpt":{"rendered":"<ul>\n<li>Den bananformade upph\u00e4ngningen fr\u00e5n OCR Kong erbjuder en m\u00e4ngd olika grepp f\u00f6r dina tr\u00e4ningspass.<\/li>\n<li>L\u00e4tta och enkla att ta med dig var som helst.<\/li>\n<\/ul>\n","protected":false},"featured_media":11746,"comment_status":"open","ping_status":"closed","template":"","meta":[],"product_brand":[],"product_cat":[416,515,517],"product_tag":[],"class_list":{"0":"post-17185","1":"product","2":"type-product","3":"status-publish","4":"has-post-thumbnail","6":"product_cat-hinderbana","7":"product_cat-traning","8":"product_cat-upphangningar","10":"first","11":"instock","12":"featured","13":"taxable","14":"shipping-taxable","15":"purchasable","16":"product-type-simple"},"_links":{"self":[{"href":"https:\/\/topholds.com\/sv\/wp-json\/wp\/v2\/product\/17185","targetHints":{"allow":["GET"]}}],"collection":[{"href":"https:\/\/topholds.com\/sv\/wp-json\/wp\/v2\/product"}],"about":[{"href":"https:\/\/topholds.com\/sv\/wp-json\/wp\/v2\/types\/product"}],"replies":[{"embeddable":true,"href":"https:\/\/topholds.com\/sv\/wp-json\/wp\/v2\/comments?post=17185"}],"wp:featuredmedia":[{"embeddable":true,"href":"https:\/\/topholds.com\/sv\/wp-json\/wp\/v2\/media\/11746"}],"wp:attachment":[{"href":"https:\/\/topholds.com\/sv\/wp-json\/wp\/v2\/media?parent=17185"}],"wp:term":[{"taxonomy":"product_brand","embeddable":true,"href":"https:\/\/topholds.com\/sv\/wp-json\/wp\/v2\/product_brand?post=17185"},{"taxonomy":"product_cat","embeddable":true,"href":"https:\/\/topholds.com\/sv\/wp-json\/wp\/v2\/product_cat?post=17185"},{"taxonomy":"product_tag","embeddable":true,"href":"https:\/\/topholds.com\/sv\/wp-json\/wp\/v2\/product_tag?post=17185"}],"curies":[{"name":"wp","href":"https:\/\/api.w.org\/{rel}","templated":true}]}}