{"id":17190,"date":"2022-08-05T10:33:00","date_gmt":"2022-08-05T10:33:00","guid":{"rendered":"https:\/\/topholds.com\/asa-l\/"},"modified":"2024-08-26T04:57:35","modified_gmt":"2024-08-26T04:57:35","slug":"asa-l","status":"publish","type":"product","link":"https:\/\/topholds.com\/sv\/erbjudande\/klattringrepp\/asa-l\/","title":{"rendered":"Kl\u00e4ttergrepp Asa L"},"content":{"rendered":"<p>La <strong>kl\u00e4ttringshandtaget Asa L<\/strong> \u00e4r ett utm\u00e4rkt val f\u00f6r dem som s\u00f6ker ett bekv\u00e4mt och s\u00e4kert grepp under sina tr\u00e4ningar. Med en mjuk sandstensyta erbjuder detta handtag en behaglig k\u00e4nsla vid kontakt med huden.<\/p>\n<p>Dess storlek p\u00e5 22,5 cm l\u00e4ngd g\u00f6r den till ett m\u00e5ngsidigt handtag som kan anv\u00e4ndas b\u00e5de f\u00f6r <strong>grepp med en hand och grepp med tv\u00e5 h\u00e4nder<\/strong>. Dessutom passar Asa L perfekt p\u00e5 en m\u00e4ngd olika ytor och kl\u00e4tterv\u00e4ggar.<\/p>\n<p>F\u00f6r installation kr\u00e4vs skruvar M10x40 och gipsankare, vilket garanterar en s\u00e4ker och h\u00e5llbar f\u00e4stning.<\/p>\n","protected":false},"excerpt":{"rendered":"<ul>\n<li>Dess m\u00e5ngsidiga design g\u00f6r att den kan anv\u00e4ndas b\u00e5de med ett- och tv\u00e5handsfattning.<\/li>\n<li>Erbjuder ett bekv\u00e4mt och s\u00e4kert grepp under kl\u00e4ttringstr\u00e4ningen.<\/li>\n<li>Mjukt sandstensliknande yta<\/li>\n<\/ul>\n","protected":false},"featured_media":20989,"comment_status":"open","ping_status":"closed","template":"","meta":[],"product_brand":[],"product_cat":[425],"product_tag":[],"class_list":{"0":"post-17190","1":"product","2":"type-product","3":"status-publish","4":"has-post-thumbnail","6":"product_cat-klattringrepp","8":"first","9":"instock","10":"sale","11":"taxable","12":"shipping-taxable","13":"purchasable","14":"product-type-simple"},"_links":{"self":[{"href":"https:\/\/topholds.com\/sv\/wp-json\/wp\/v2\/product\/17190","targetHints":{"allow":["GET"]}}],"collection":[{"href":"https:\/\/topholds.com\/sv\/wp-json\/wp\/v2\/product"}],"about":[{"href":"https:\/\/topholds.com\/sv\/wp-json\/wp\/v2\/types\/product"}],"replies":[{"embeddable":true,"href":"https:\/\/topholds.com\/sv\/wp-json\/wp\/v2\/comments?post=17190"}],"wp:featuredmedia":[{"embeddable":true,"href":"https:\/\/topholds.com\/sv\/wp-json\/wp\/v2\/media\/20989"}],"wp:attachment":[{"href":"https:\/\/topholds.com\/sv\/wp-json\/wp\/v2\/media?parent=17190"}],"wp:term":[{"taxonomy":"product_brand","embeddable":true,"href":"https:\/\/topholds.com\/sv\/wp-json\/wp\/v2\/product_brand?post=17190"},{"taxonomy":"product_cat","embeddable":true,"href":"https:\/\/topholds.com\/sv\/wp-json\/wp\/v2\/product_cat?post=17190"},{"taxonomy":"product_tag","embeddable":true,"href":"https:\/\/topholds.com\/sv\/wp-json\/wp\/v2\/product_tag?post=17190"}],"curies":[{"name":"wp","href":"https:\/\/api.w.org\/{rel}","templated":true}]}}