{"id":17195,"date":"2022-08-05T11:29:45","date_gmt":"2022-08-05T11:29:45","guid":{"rendered":"https:\/\/topholds.com\/kong-chain\/"},"modified":"2024-08-26T04:58:09","modified_gmt":"2024-08-26T04:58:09","slug":"kong-chain","status":"publish","type":"product","link":"https:\/\/topholds.com\/sv\/erbjudande\/hinderbana\/traning\/upphangningar\/kong-chain\/","title":{"rendered":"Hinderbana Upph\u00e4ngningar Kong Chain"},"content":{"rendered":"<p>Med <strong>Suspension OCR kong Chain<\/strong> kan du ta dina kl\u00e4ttrings-, OCR- och Crossfit-tr\u00e4ningar till n\u00e4sta niv\u00e5.<\/p>\n<p>Detta grepp med krok- och bananform \u00e4r perfekt f\u00f6r horisontella eller vertikala progressioner i kedjor eller sm\u00e5 ringar.<\/p>\n<p>Dess b\u00f6jda design g\u00f6r den till ett element av medelsv\u00e5righetsgrad, perfekt f\u00f6r alla tr\u00e4ningsniv\u00e5er. Dessutom erbjuder TopHolds v\u00e4lk\u00e4nda textur ett utm\u00e4rkt grepp och en mjuk k\u00e4nsla vid ber\u00f6ring, vilket f\u00f6rhindrar att den glider ur handen och till\u00e5ter l\u00e5nga perioder av motst\u00e5ndstr\u00e4ning.<\/p>\n<p><em>Suspension OCR kong Chain<\/em> \u00e4r l\u00e4tt och portabel, idealisk att ta med \u00f6verallt och l\u00e4gga till dina tr\u00e4ningspass n\u00e4r som helst. L\u00e4gg till Suspension OCR kong Chain i din tr\u00e4ningsrutin idag och utmana dina gr\u00e4nser.<\/p>\n<p>T\u00e4nk p\u00e5 att f\u00e4rgerna kan variera n\u00e5got fr\u00e5n bilden, men om du \u00f6nskar en specifik f\u00e4rg, tveka inte att kontakta oss.<\/p>\n","protected":false},"excerpt":{"rendered":"<ul>\n<li>Ideal f\u00f6r horisontella eller vertikala progressioner i kedjor eller sm\u00e5 ringar.<\/li>\n<li>Deras b\u00f6jda form g\u00f6r dem till ett element av medelsv\u00e5righet, perfekt f\u00f6r alla niv\u00e5er.<\/li>\n<li>Mycket l\u00e4tta, perfekta att ta med till v\u00e5ra tr\u00e4ningar vart som helst.<\/li>\n<\/ul>\n<p>&nbsp;<\/p>\n<p>&nbsp;<\/p>\n<p>&nbsp;<\/p>\n","protected":false},"featured_media":12047,"comment_status":"open","ping_status":"closed","template":"","meta":[],"product_brand":[],"product_cat":[416,515,517],"product_tag":[],"class_list":{"0":"post-17195","1":"product","2":"type-product","3":"status-publish","4":"has-post-thumbnail","6":"product_cat-hinderbana","7":"product_cat-traning","8":"product_cat-upphangningar","10":"first","11":"instock","12":"taxable","13":"shipping-taxable","14":"purchasable","15":"product-type-simple"},"_links":{"self":[{"href":"https:\/\/topholds.com\/sv\/wp-json\/wp\/v2\/product\/17195","targetHints":{"allow":["GET"]}}],"collection":[{"href":"https:\/\/topholds.com\/sv\/wp-json\/wp\/v2\/product"}],"about":[{"href":"https:\/\/topholds.com\/sv\/wp-json\/wp\/v2\/types\/product"}],"replies":[{"embeddable":true,"href":"https:\/\/topholds.com\/sv\/wp-json\/wp\/v2\/comments?post=17195"}],"wp:featuredmedia":[{"embeddable":true,"href":"https:\/\/topholds.com\/sv\/wp-json\/wp\/v2\/media\/12047"}],"wp:attachment":[{"href":"https:\/\/topholds.com\/sv\/wp-json\/wp\/v2\/media?parent=17195"}],"wp:term":[{"taxonomy":"product_brand","embeddable":true,"href":"https:\/\/topholds.com\/sv\/wp-json\/wp\/v2\/product_brand?post=17195"},{"taxonomy":"product_cat","embeddable":true,"href":"https:\/\/topholds.com\/sv\/wp-json\/wp\/v2\/product_cat?post=17195"},{"taxonomy":"product_tag","embeddable":true,"href":"https:\/\/topholds.com\/sv\/wp-json\/wp\/v2\/product_tag?post=17195"}],"curies":[{"name":"wp","href":"https:\/\/api.w.org\/{rel}","templated":true}]}}