{"id":17200,"date":"2022-08-05T12:40:10","date_gmt":"2022-08-05T12:40:10","guid":{"rendered":"https:\/\/topholds.com\/tree\/"},"modified":"2024-08-26T04:58:44","modified_gmt":"2024-08-26T04:58:44","slug":"tree","status":"publish","type":"product","link":"https:\/\/topholds.com\/sv\/erbjudande\/klattringrepp\/barn\/tree\/","title":{"rendered":"Barnkl\u00e4ttergrepp Tree"},"content":{"rendered":"<p>\u00a1Utforska nya kl\u00e4ttringsutmaningar med <strong>kl\u00e4ttergreppet Tree<\/strong>! <\/p>\n<p>Detta <strong>set med 8 barnv\u00e4nliga kl\u00e4ttergrepp<\/strong> med mjuk sandstensstruktur \u00e4r perfekt f\u00f6r barn i alla \u00e5ldrar. Dess design har noggrant utformats f\u00f6r att passa b\u00e5de sm\u00e5 och stora h\u00e4nder, vilket ger bra st\u00f6d f\u00f6r f\u00f6tterna under kl\u00e4ttringen. <\/p>\n<p><em>Tree-greppen<\/em> erbjuder en mjuk sandstensstruktur, vilket ger <strong>en unik och utmanande kl\u00e4ttringsupplevelse<\/strong>. Tree-greppet erbjuder en sp\u00e4nnande m\u00f6jlighet f\u00f6r barn att <strong>f\u00f6rb\u00e4ttra sina kl\u00e4ttringsf\u00e4rdigheter och sitt sj\u00e4lvf\u00f6rtroende<\/strong>. <\/p>\n<p>\u00c4ven om f\u00e4rgerna kan variera n\u00e5got fr\u00e5n bilden, kan du l\u00e5ta oss veta i kommentarerna till din best\u00e4llning om du \u00f6nskar en specifik f\u00e4rg, eller kontakta oss f\u00f6r att anpassa din best\u00e4llning. <\/p>\n<p>F\u00f6r installation av greppen rekommenderas det att anv\u00e4nda skruvar M10x40 eller M8x40.<\/p>\n","protected":false},"excerpt":{"rendered":"<ul>\n<li>Set med 8 grepp med mjuk sandstensstruktur.<\/li>\n<li>Designen av greppet Tree anpassar sig till b\u00e5de sm\u00e5 och stora h\u00e4nder.<\/li>\n<li>Hj\u00e4lper barn att f\u00f6rb\u00e4ttra sina kl\u00e4ttringsf\u00e4rdigheter.<\/li>\n<\/ul>\n","protected":false},"featured_media":21004,"comment_status":"open","ping_status":"closed","template":"","meta":[],"product_brand":[],"product_cat":[479,425],"product_tag":[],"class_list":{"0":"post-17200","1":"product","2":"type-product","3":"status-publish","4":"has-post-thumbnail","6":"product_cat-barn","7":"product_cat-klattringrepp","9":"first","10":"instock","11":"taxable","12":"shipping-taxable","13":"purchasable","14":"product-type-simple"},"_links":{"self":[{"href":"https:\/\/topholds.com\/sv\/wp-json\/wp\/v2\/product\/17200","targetHints":{"allow":["GET"]}}],"collection":[{"href":"https:\/\/topholds.com\/sv\/wp-json\/wp\/v2\/product"}],"about":[{"href":"https:\/\/topholds.com\/sv\/wp-json\/wp\/v2\/types\/product"}],"replies":[{"embeddable":true,"href":"https:\/\/topholds.com\/sv\/wp-json\/wp\/v2\/comments?post=17200"}],"wp:featuredmedia":[{"embeddable":true,"href":"https:\/\/topholds.com\/sv\/wp-json\/wp\/v2\/media\/21004"}],"wp:attachment":[{"href":"https:\/\/topholds.com\/sv\/wp-json\/wp\/v2\/media?parent=17200"}],"wp:term":[{"taxonomy":"product_brand","embeddable":true,"href":"https:\/\/topholds.com\/sv\/wp-json\/wp\/v2\/product_brand?post=17200"},{"taxonomy":"product_cat","embeddable":true,"href":"https:\/\/topholds.com\/sv\/wp-json\/wp\/v2\/product_cat?post=17200"},{"taxonomy":"product_tag","embeddable":true,"href":"https:\/\/topholds.com\/sv\/wp-json\/wp\/v2\/product_tag?post=17200"}],"curies":[{"name":"wp","href":"https:\/\/api.w.org\/{rel}","templated":true}]}}