{"id":17205,"date":"2022-08-05T15:52:33","date_gmt":"2022-08-05T15:52:33","guid":{"rendered":"https:\/\/topholds.com\/fruits\/"},"modified":"2024-08-26T04:59:29","modified_gmt":"2024-08-26T04:59:29","slug":"fruits","status":"publish","type":"product","link":"https:\/\/topholds.com\/sv\/erbjudande\/klattringrepp\/barn\/fruits\/","title":{"rendered":"Kl\u00e4ttergrepp Fruits"},"content":{"rendered":"<p>\u00a1Uppt\u00e4ck n\u00f6jet med <strong>att kl\u00e4ttra med kl\u00e4ttringsgrepp i Fruits<\/strong>!<\/p>\n<p>Detta <strong>set av 8 barnv\u00e4nliga grepp<\/strong> i form av frukter \u00e4r perfekt f\u00f6r barn i alla \u00e5ldrar. Deras design har noggrant utformats f\u00f6r att passa b\u00e5de mindre och st\u00f6rre h\u00e4nder, samt att ge bra st\u00f6d f\u00f6r f\u00f6tterna under kl\u00e4ttringen.<\/p>\n<p>Fruits-greppen \u00e4r inte bara funktionella, utan ocks\u00e5 mycket roliga tack vare sina i\u00f6gonfallande f\u00e4rger och lekfulla former.<\/p>\n<p>Med Fruits kan barn <strong>njuta av inomhuskl\u00e4ttring p\u00e5 ett s\u00e4kert och roligt s\u00e4tt<\/strong>. L\u00e4gg till detta sp\u00e4nnande greppset p\u00e5 din kl\u00e4tterv\u00e4gg idag!<\/p>\n<p>Om du \u00f6nskar en specifik f\u00e4rg, l\u00e5t oss veta det i noterna p\u00e5 din best\u00e4llning eller kontakta oss s\u00e5 att vi kan anpassa din best\u00e4llning!<\/p>\n<p>F\u00f6r installation av greppen rekommenderas att anv\u00e4nda skruvar M10x40 eller M8x40.<\/p>\n","protected":false},"excerpt":{"rendered":"<ul>\n<li>Fruits \u00e4r en upps\u00e4ttning av 8 grepp i form av frukter.<\/li>\n<li>Perfekt f\u00f6r barn i alla \u00e5ldrar.<\/li>\n<li>Design anpassad f\u00f6r sm\u00e5 och stora h\u00e4nder f\u00f6r optimalt grepp.<\/li>\n<li>Tillf\u00f6r roligt och s\u00e4kerhet till inomhuskl\u00e4ttring.<\/li>\n<\/ul>\n<p>&nbsp;<\/p>\n","protected":false},"featured_media":21009,"comment_status":"open","ping_status":"closed","template":"","meta":[],"product_brand":[],"product_cat":[479],"product_tag":[],"class_list":{"0":"post-17205","1":"product","2":"type-product","3":"status-publish","4":"has-post-thumbnail","6":"product_cat-barn","8":"first","9":"instock","10":"taxable","11":"shipping-taxable","12":"purchasable","13":"product-type-simple"},"_links":{"self":[{"href":"https:\/\/topholds.com\/sv\/wp-json\/wp\/v2\/product\/17205","targetHints":{"allow":["GET"]}}],"collection":[{"href":"https:\/\/topholds.com\/sv\/wp-json\/wp\/v2\/product"}],"about":[{"href":"https:\/\/topholds.com\/sv\/wp-json\/wp\/v2\/types\/product"}],"replies":[{"embeddable":true,"href":"https:\/\/topholds.com\/sv\/wp-json\/wp\/v2\/comments?post=17205"}],"wp:featuredmedia":[{"embeddable":true,"href":"https:\/\/topholds.com\/sv\/wp-json\/wp\/v2\/media\/21009"}],"wp:attachment":[{"href":"https:\/\/topholds.com\/sv\/wp-json\/wp\/v2\/media?parent=17205"}],"wp:term":[{"taxonomy":"product_brand","embeddable":true,"href":"https:\/\/topholds.com\/sv\/wp-json\/wp\/v2\/product_brand?post=17205"},{"taxonomy":"product_cat","embeddable":true,"href":"https:\/\/topholds.com\/sv\/wp-json\/wp\/v2\/product_cat?post=17205"},{"taxonomy":"product_tag","embeddable":true,"href":"https:\/\/topholds.com\/sv\/wp-json\/wp\/v2\/product_tag?post=17205"}],"curies":[{"name":"wp","href":"https:\/\/api.w.org\/{rel}","templated":true}]}}