{"id":17211,"date":"2022-08-05T16:00:40","date_gmt":"2022-08-05T16:00:40","guid":{"rendered":"https:\/\/topholds.com\/monkey\/"},"modified":"2024-08-26T05:00:12","modified_gmt":"2024-08-26T05:00:12","slug":"monkey","status":"publish","type":"product","link":"https:\/\/topholds.com\/sv\/erbjudande\/klattringrepp\/barn\/monkey\/","title":{"rendered":"Barnkl\u00e4ttergrepp Monkey"},"content":{"rendered":"<p>G\u00f6r kl\u00e4ttringen rolig och sp\u00e4nnande f\u00f6r dina barn med <strong>kl\u00e4ttergreppet Monkey<\/strong>! Utformat f\u00f6r sm\u00e5 h\u00e4nder, detta grepp i form av en skopa <strong>ger ett fast grepp och bra st\u00f6d f\u00f6r f\u00f6tterna<\/strong>.<\/p>\n<p><strong>Kl\u00e4ttergreppet f\u00f6r barn Monkey<\/strong> har ett anti-rotation h\u00e5l f\u00f6r att s\u00e4kerst\u00e4lla s\u00e4kerheten f\u00f6r dina sm\u00e5 kl\u00e4ttrare.<\/p>\n<p>T\u00e4nk p\u00e5 att f\u00e4rgerna kan variera fr\u00e5n bilden som visas, men om du \u00f6nskar en speciell f\u00e4rg, skriv det i anteckningsavsnittet eller kontakta oss f\u00f6r mer information.<\/p>\n<p>F\u00f6r en s\u00e4ker och enkel installation rekommenderar vi anv\u00e4ndning av skruvar M10x40 (eller M8x40) som inte ing\u00e5r i k\u00f6pet.<\/p>\n","protected":false},"excerpt":{"rendered":"<ul>\n<li>Rolig press, ideal f\u00f6r alla barn.<\/li>\n<li>Stort grepp f\u00f6r h\u00e4nderna i form av en skopa och stort st\u00f6d f\u00f6r f\u00f6tterna.<\/li>\n<li>Med anti-rotationsh\u00e5l.<\/li>\n<\/ul>\n","protected":false},"featured_media":21014,"comment_status":"open","ping_status":"closed","template":"","meta":[],"product_brand":[],"product_cat":[479],"product_tag":[],"class_list":{"0":"post-17211","1":"product","2":"type-product","3":"status-publish","4":"has-post-thumbnail","6":"product_cat-barn","8":"first","9":"instock","10":"sale","11":"taxable","12":"shipping-taxable","13":"purchasable","14":"product-type-simple"},"_links":{"self":[{"href":"https:\/\/topholds.com\/sv\/wp-json\/wp\/v2\/product\/17211","targetHints":{"allow":["GET"]}}],"collection":[{"href":"https:\/\/topholds.com\/sv\/wp-json\/wp\/v2\/product"}],"about":[{"href":"https:\/\/topholds.com\/sv\/wp-json\/wp\/v2\/types\/product"}],"replies":[{"embeddable":true,"href":"https:\/\/topholds.com\/sv\/wp-json\/wp\/v2\/comments?post=17211"}],"wp:featuredmedia":[{"embeddable":true,"href":"https:\/\/topholds.com\/sv\/wp-json\/wp\/v2\/media\/21014"}],"wp:attachment":[{"href":"https:\/\/topholds.com\/sv\/wp-json\/wp\/v2\/media?parent=17211"}],"wp:term":[{"taxonomy":"product_brand","embeddable":true,"href":"https:\/\/topholds.com\/sv\/wp-json\/wp\/v2\/product_brand?post=17211"},{"taxonomy":"product_cat","embeddable":true,"href":"https:\/\/topholds.com\/sv\/wp-json\/wp\/v2\/product_cat?post=17211"},{"taxonomy":"product_tag","embeddable":true,"href":"https:\/\/topholds.com\/sv\/wp-json\/wp\/v2\/product_tag?post=17211"}],"curies":[{"name":"wp","href":"https:\/\/api.w.org\/{rel}","templated":true}]}}