{"id":17217,"date":"2022-08-05T16:15:29","date_gmt":"2022-08-05T16:15:29","guid":{"rendered":"https:\/\/topholds.com\/paket-monkey-fruits\/"},"modified":"2024-08-26T05:00:47","modified_gmt":"2024-08-26T05:00:47","slug":"paket-monkey-fruits","status":"publish","type":"product","link":"https:\/\/topholds.com\/sv\/erbjudande\/klattringrepp\/barn\/paket-monkey-fruits\/","title":{"rendered":"Barnkl\u00e4ttergrepp Paket Monkey Fruits"},"content":{"rendered":"<p>\u00a1Klattring kan vara roligt och l\u00e4rorikt! Med <strong>Monkey Fruits kl\u00e4ttringsgreppset<\/strong> kan barn l\u00e4ra sig v\u00e4rdefulla f\u00e4rdigheter som:<\/p>\n<ul>\n<li>Motoriska probleml\u00f6sningar<\/li>\n<li>Snabba beslut<\/li>\n<li>Matematisk ber\u00e4kning<\/li>\n<li>Kreativitet<\/li>\n<\/ul>\n<p>Och allt detta medan de njuter av kl\u00e4ttringen. Dessa grepp <strong>kommer att fylla vilken kl\u00e4tterv\u00e4gg som helst med f\u00e4rg och gl\u00e4dje<\/strong>, vilket g\u00f6r dem mer attraktiva f\u00f6r de sm\u00e5 kl\u00e4ttrarna.<\/p>\n<p>Detta paket inkluderar fyra roliga spel: Monkey, Fruits (med en extra jordgubbe), Tree och River. Njut av kl\u00e4ttring och l\u00e4rande med dessa <strong>kl\u00e4ttringsgreppsspel<\/strong>!<\/p>\n<p>F\u00e4rgerna kommer att variera fr\u00e5n de som visas p\u00e5 bilden, men de kommer alltid att vara s\u00e5 m\u00e5ngsidiga som m\u00f6jligt.<\/p>\n<p>F\u00f6r installation p\u00e5 en platta upp till 19 mm rekommenderar vi att anv\u00e4nda 28 M10x40 insexskruvar och 28 M10 spindelmutter (man kan \u00e4ven anv\u00e4nda M8 skruvar och muttrar). Om du vill installera dem p\u00e5 en annan yta, som tegel, betong eller sten, tveka inte att kontakta oss.<\/p>\n","protected":false},"excerpt":{"rendered":"<ul>\n<li>Pack Monkey Fruits inneh\u00e5ller 28 roliga grepp, perfekta f\u00f6r barn och nyb\u00f6rjare.<\/li>\n<li>De har en textur som g\u00f6r dem l\u00e4tta att greppa f\u00f6r barn.<\/li>\n<li>Fr\u00e4mjar l\u00e4rande genom roligt och kl\u00e4ttring.<\/li>\n<li>Ger m\u00f6jlighet att utveckla m\u00e5nga lekar f\u00f6r de sm\u00e5.<\/li>\n<\/ul>\n","protected":false},"featured_media":21035,"comment_status":"open","ping_status":"closed","template":"","meta":[],"product_brand":[],"product_cat":[479],"product_tag":[],"class_list":{"0":"post-17217","1":"product","2":"type-product","3":"status-publish","4":"has-post-thumbnail","6":"product_cat-barn","8":"first","9":"instock","10":"sale","11":"taxable","12":"shipping-taxable","13":"purchasable","14":"product-type-simple"},"_links":{"self":[{"href":"https:\/\/topholds.com\/sv\/wp-json\/wp\/v2\/product\/17217","targetHints":{"allow":["GET"]}}],"collection":[{"href":"https:\/\/topholds.com\/sv\/wp-json\/wp\/v2\/product"}],"about":[{"href":"https:\/\/topholds.com\/sv\/wp-json\/wp\/v2\/types\/product"}],"replies":[{"embeddable":true,"href":"https:\/\/topholds.com\/sv\/wp-json\/wp\/v2\/comments?post=17217"}],"wp:featuredmedia":[{"embeddable":true,"href":"https:\/\/topholds.com\/sv\/wp-json\/wp\/v2\/media\/21035"}],"wp:attachment":[{"href":"https:\/\/topholds.com\/sv\/wp-json\/wp\/v2\/media?parent=17217"}],"wp:term":[{"taxonomy":"product_brand","embeddable":true,"href":"https:\/\/topholds.com\/sv\/wp-json\/wp\/v2\/product_brand?post=17217"},{"taxonomy":"product_cat","embeddable":true,"href":"https:\/\/topholds.com\/sv\/wp-json\/wp\/v2\/product_cat?post=17217"},{"taxonomy":"product_tag","embeddable":true,"href":"https:\/\/topholds.com\/sv\/wp-json\/wp\/v2\/product_tag?post=17217"}],"curies":[{"name":"wp","href":"https:\/\/api.w.org\/{rel}","templated":true}]}}