{"id":17223,"date":"2022-08-08T09:09:07","date_gmt":"2022-08-08T09:09:07","guid":{"rendered":"https:\/\/topholds.com\/puppies\/"},"modified":"2026-01-24T21:13:42","modified_gmt":"2026-01-24T21:13:42","slug":"puppies","status":"publish","type":"product","link":"https:\/\/topholds.com\/sv\/erbjudande\/klattringrepp\/barn\/puppies\/","title":{"rendered":"Barnkl\u00e4ttergrepp Puppies"},"content":{"rendered":"<p>Las<strong> kl\u00e4ttringsgrepp f\u00f6r barn Puppies<\/strong> \u00e4r det perfekta valet f\u00f6r alla barn som vill njuta av kl\u00e4ttring hemma eller i parken. Med sin sk\u00e5lform och stora grepp, b\u00e5de f\u00f6r h\u00e4nder och f\u00f6tter, garanterar vi en s\u00e4ker och rolig kl\u00e4ttringsupplevelse.<\/p>\n<p>F\u00f6r enklare installation rekommenderar vi att anv\u00e4nda skruvar M10x40 eller M8x40, vilka inte ing\u00e5r i k\u00f6pet.<\/p>\n<p>T\u00e4nk p\u00e5 att f\u00e4rgerna kan variera fr\u00e5n bilden som visas. Om du \u00f6nskar en speciell f\u00e4rg, tveka inte att skriva det i noteringsf\u00e4ltet n\u00e4r du genomf\u00f6r ditt k\u00f6p eller kontakta oss f\u00f6r mer information.<\/p>\n<p>Ha s\u00e5 kul med kl\u00e4ttringen p\u00e5 ett s\u00e4kert och roligt s\u00e4tt!<\/p>\n","protected":false},"excerpt":{"rendered":"<ul>\n<li>Garanti f\u00f6r en s\u00e4ker och rolig kl\u00e4ttringsupplevelse f\u00f6r barn.<\/li>\n<li>Vi rekommenderar speciella skruvar f\u00f6r enkel installation.<\/li>\n<li>Alternativ att v\u00e4lja en speciell f\u00e4rg f\u00f6r att anpassa ditt k\u00f6p.<\/li>\n<\/ul>\n","protected":false},"featured_media":21041,"comment_status":"open","ping_status":"closed","template":"","meta":[],"product_brand":[],"product_cat":[479],"product_tag":[],"class_list":{"0":"post-17223","1":"product","2":"type-product","3":"status-publish","4":"has-post-thumbnail","6":"product_cat-barn","8":"first","9":"instock","10":"sale","11":"taxable","12":"shipping-taxable","13":"purchasable","14":"product-type-simple"},"_links":{"self":[{"href":"https:\/\/topholds.com\/sv\/wp-json\/wp\/v2\/product\/17223","targetHints":{"allow":["GET"]}}],"collection":[{"href":"https:\/\/topholds.com\/sv\/wp-json\/wp\/v2\/product"}],"about":[{"href":"https:\/\/topholds.com\/sv\/wp-json\/wp\/v2\/types\/product"}],"replies":[{"embeddable":true,"href":"https:\/\/topholds.com\/sv\/wp-json\/wp\/v2\/comments?post=17223"}],"wp:featuredmedia":[{"embeddable":true,"href":"https:\/\/topholds.com\/sv\/wp-json\/wp\/v2\/media\/21041"}],"wp:attachment":[{"href":"https:\/\/topholds.com\/sv\/wp-json\/wp\/v2\/media?parent=17223"}],"wp:term":[{"taxonomy":"product_brand","embeddable":true,"href":"https:\/\/topholds.com\/sv\/wp-json\/wp\/v2\/product_brand?post=17223"},{"taxonomy":"product_cat","embeddable":true,"href":"https:\/\/topholds.com\/sv\/wp-json\/wp\/v2\/product_cat?post=17223"},{"taxonomy":"product_tag","embeddable":true,"href":"https:\/\/topholds.com\/sv\/wp-json\/wp\/v2\/product_tag?post=17223"}],"curies":[{"name":"wp","href":"https:\/\/api.w.org\/{rel}","templated":true}]}}