{"id":17235,"date":"2022-10-07T16:58:50","date_gmt":"2022-10-07T16:58:50","guid":{"rendered":"https:\/\/topholds.com\/lion-holds\/"},"modified":"2024-08-26T05:02:35","modified_gmt":"2024-08-26T05:02:35","slug":"lion-holds","status":"publish","type":"product","link":"https:\/\/topholds.com\/sv\/erbjudande\/hinderbana\/traning\/grepp\/lion-holds\/","title":{"rendered":"Hinderbana Grepp Lion Holds"},"content":{"rendered":"<p><strong>Lion Holds \u00e4r ett OCR-grepp<\/strong> av mjuk textur som imiterar sandsten. Detta grepp har en stor sk\u00e5l som g\u00f6r det mycket bekv\u00e4mt att anv\u00e4nda med en eller tv\u00e5 h\u00e4nder.<\/p>\n<p>Idealisk f\u00f6r alla \u00f6verh\u00e4ng eller tak, detta grepp \u00e4r perfekt f\u00f6r dem som s\u00f6ker en <strong>extra utmaning i sin OCR- och\/eller kl\u00e4ttertr\u00e4ning<\/strong>.<\/p>\n<p>Greppet h\u00e5lls p\u00e5 plats med 2 skruvar f\u00f6r \u00f6kad stabilitet och s\u00e4kerhet under anv\u00e4ndning.<\/p>\n<p>Med Lion Holds f\u00e5r du ett <em><strong>h\u00f6gt kvalitetskl\u00e4ttergrepp<\/strong><\/em> och design som kommer att l\u00e4gga till variation och utmaning i din dagliga tr\u00e4ning.<\/p>\n<p>Dessutom, om du \u00f6nskar en speciell f\u00e4rg, tveka inte att kontakta oss, eftersom f\u00e4rgerna kan variera fr\u00e5n bilden som visas.<\/p>\n","protected":false},"excerpt":{"rendered":"<ul>\n<li>Ideal f\u00f6r tak och vinklar.<\/li>\n<li>Bekv\u00e4m att anv\u00e4nda med en eller tv\u00e5 h\u00e4nder.<\/li>\n<li>Passar f\u00f6r alla f\u00e4rdighetsniv\u00e5er.<\/li>\n<\/ul>\n","protected":false},"featured_media":21065,"comment_status":"open","ping_status":"closed","template":"","meta":[],"product_brand":[],"product_cat":[416,518,515,425],"product_tag":[],"class_list":{"0":"post-17235","1":"product","2":"type-product","3":"status-publish","4":"has-post-thumbnail","6":"product_cat-hinderbana","7":"product_cat-grepp","8":"product_cat-traning","9":"product_cat-klattringrepp","11":"first","12":"instock","13":"taxable","14":"shipping-taxable","15":"purchasable","16":"product-type-simple"},"_links":{"self":[{"href":"https:\/\/topholds.com\/sv\/wp-json\/wp\/v2\/product\/17235","targetHints":{"allow":["GET"]}}],"collection":[{"href":"https:\/\/topholds.com\/sv\/wp-json\/wp\/v2\/product"}],"about":[{"href":"https:\/\/topholds.com\/sv\/wp-json\/wp\/v2\/types\/product"}],"replies":[{"embeddable":true,"href":"https:\/\/topholds.com\/sv\/wp-json\/wp\/v2\/comments?post=17235"}],"wp:featuredmedia":[{"embeddable":true,"href":"https:\/\/topholds.com\/sv\/wp-json\/wp\/v2\/media\/21065"}],"wp:attachment":[{"href":"https:\/\/topholds.com\/sv\/wp-json\/wp\/v2\/media?parent=17235"}],"wp:term":[{"taxonomy":"product_brand","embeddable":true,"href":"https:\/\/topholds.com\/sv\/wp-json\/wp\/v2\/product_brand?post=17235"},{"taxonomy":"product_cat","embeddable":true,"href":"https:\/\/topholds.com\/sv\/wp-json\/wp\/v2\/product_cat?post=17235"},{"taxonomy":"product_tag","embeddable":true,"href":"https:\/\/topholds.com\/sv\/wp-json\/wp\/v2\/product_tag?post=17235"}],"curies":[{"name":"wp","href":"https:\/\/api.w.org\/{rel}","templated":true}]}}