{"id":17241,"date":"2022-10-07T17:14:26","date_gmt":"2022-10-07T17:14:26","guid":{"rendered":"https:\/\/topholds.com\/lion-grips\/"},"modified":"2024-08-26T05:03:15","modified_gmt":"2024-08-26T05:03:15","slug":"lion-grips","status":"publish","type":"product","link":"https:\/\/topholds.com\/sv\/erbjudande\/hinderbana\/traning\/upphangningar\/lion-grips\/","title":{"rendered":"Hinderbana Upph\u00e4ngningar Lion Grips"},"content":{"rendered":"<p><strong>Suspension OCR Lion Grips<\/strong> \u00e4r den perfekta tillbeh\u00f6ret f\u00f6r dem som vill ta sin tr\u00e4ning till n\u00e4sta niv\u00e5. Designad f\u00f6r upph\u00e4ngningar och drag, \u00e4r denna produkt <strong>idealisk f\u00f6r sporter som OCR, kl\u00e4ttring, calisthenics och Crossfit<\/strong>.<\/p>\n<p>Upph\u00e4ngningen har en <strong>mjuk men greppv\u00e4nlig textur som ger optimalt grepp<\/strong>, vare sig du anv\u00e4nder en eller tv\u00e5 h\u00e4nder fr\u00e5n toppen eller kl\u00e4mmer med sidorna. Dess l\u00e4tthet g\u00f6r att den kan tas med \u00f6verallt, medan det enkla h\u00e4ngsystemet med en glidknut g\u00f6r den mycket praktisk och <strong>anpassningsbar till alla tr\u00e4ningsmilj\u00f6er<\/strong>.<\/p>\n<p>Med Lion Grips-upph\u00e4ngningar finns det inga urs\u00e4kter f\u00f6r att inte l\u00e4gga till lite utmaning och lidande i din dagliga tr\u00e4ning.<\/p>\n<p>T\u00e4nk p\u00e5 att f\u00e4rgerna kan variera fr\u00e5n den visade bilden, s\u00e5 om du vill ha en speciell f\u00e4rg \u00e4r du v\u00e4lkommen att kontakta oss.<\/p>\n","protected":false},"excerpt":{"rendered":"<ul>\n<li>Ger ett optimalt grepp med sin mjuka men klibbiga textur.<\/li>\n<li>\u00c4r praktisk och anpassningsbar till alla tr\u00e4ningsmilj\u00f6er.<\/li>\n<li>Idealisk f\u00f6r OCR, kl\u00e4ttring, calisthenics och Crossfit.<\/li>\n<\/ul>\n","protected":false},"featured_media":21071,"comment_status":"open","ping_status":"closed","template":"","meta":[],"product_brand":[],"product_cat":[416,515,517],"product_tag":[],"class_list":{"0":"post-17241","1":"product","2":"type-product","3":"status-publish","4":"has-post-thumbnail","6":"product_cat-hinderbana","7":"product_cat-traning","8":"product_cat-upphangningar","10":"first","11":"instock","12":"taxable","13":"shipping-taxable","14":"purchasable","15":"product-type-simple"},"_links":{"self":[{"href":"https:\/\/topholds.com\/sv\/wp-json\/wp\/v2\/product\/17241","targetHints":{"allow":["GET"]}}],"collection":[{"href":"https:\/\/topholds.com\/sv\/wp-json\/wp\/v2\/product"}],"about":[{"href":"https:\/\/topholds.com\/sv\/wp-json\/wp\/v2\/types\/product"}],"replies":[{"embeddable":true,"href":"https:\/\/topholds.com\/sv\/wp-json\/wp\/v2\/comments?post=17241"}],"wp:featuredmedia":[{"embeddable":true,"href":"https:\/\/topholds.com\/sv\/wp-json\/wp\/v2\/media\/21071"}],"wp:attachment":[{"href":"https:\/\/topholds.com\/sv\/wp-json\/wp\/v2\/media?parent=17241"}],"wp:term":[{"taxonomy":"product_brand","embeddable":true,"href":"https:\/\/topholds.com\/sv\/wp-json\/wp\/v2\/product_brand?post=17241"},{"taxonomy":"product_cat","embeddable":true,"href":"https:\/\/topholds.com\/sv\/wp-json\/wp\/v2\/product_cat?post=17241"},{"taxonomy":"product_tag","embeddable":true,"href":"https:\/\/topholds.com\/sv\/wp-json\/wp\/v2\/product_tag?post=17241"}],"curies":[{"name":"wp","href":"https:\/\/api.w.org\/{rel}","templated":true}]}}