{"id":17246,"date":"2022-10-29T17:28:16","date_gmt":"2022-10-29T17:28:16","guid":{"rendered":"https:\/\/topholds.com\/kettlebell-grips\/"},"modified":"2024-08-26T05:03:48","modified_gmt":"2024-08-26T05:03:48","slug":"kettlebell-grips","status":"publish","type":"product","link":"https:\/\/topholds.com\/sv\/erbjudande\/hinderbana\/traning\/upphangningar\/kettlebell-grips\/","title":{"rendered":"Hinderbana Upph\u00e4ngningar Kettlebell Grips"},"content":{"rendered":"<div class=\"flex-1 overflow-hidden\">\n<div class=\"react-scroll-to-bottom--css-faerg-79elbk h-full dark:bg-gray-800\">\n<div class=\"react-scroll-to-bottom--css-faerg-1n7m0yu\">\n<div class=\"flex flex-col items-center text-sm dark:bg-gray-800\">\n<div class=\"w-full border-b border-black\/10 dark:border-gray-900\/50 text-gray-800 dark:text-gray-100 group bg-gray-50 dark:bg-[#444654]\">\n<div class=\"text-base gap-4 md:gap-6 m-auto md:max-w-2xl lg:max-w-2xl xl:max-w-3xl p-4 md:py-6 flex lg:px-0\">\n<div class=\"relative flex w-[calc(100%-50px)] flex-col gap-1 md:gap-3 lg:w-[calc(100%-115px)]\">\n<div class=\"flex flex-grow flex-col gap-3\">\n<div class=\"min-h-[20px] flex flex-col items-start gap-4 whitespace-pre-wrap\">\n<div class=\"markdown prose w-full break-words dark:prose-invert light\">\n<p>De <strong>suspension OCR Kettlebell Grips<\/strong> \u00e4r innovativa grepp f\u00f6r suspension och drag som kommer att f\u00f6r\u00e4ndra dina tr\u00e4ningspass radikalt. Med sin design i form av en sk\u00e5l p\u00e5 ovansidan eller kl\u00e4mma p\u00e5 sidorna erbjuder de m\u00e5nga greppalternativ f\u00f6r att tr\u00e4na olika muskelgrupper.<\/p>\n<p>Deras mjuka men greppv\u00e4nliga yta garanterar ett s\u00e4kert och bekv\u00e4mt grepp, vilket g\u00f6r dem till <strong>ett brutalt verktyg f\u00f6r OCR-tr\u00e4ning, kl\u00e4ttring, calisthenics och Crossfit<\/strong>. Dessutom g\u00f6r deras l\u00e4tta design dem perfekta att ta med vart som helst och h\u00e4nga upp p\u00e5 vilken gren eller pull-up bar som helst p\u00e5 bara 3 sekunder med en larkknut.<\/p>\n<p>Med Kettlebell Grips finns det inga urs\u00e4kter f\u00f6r att inte l\u00e4gga till lite lidande i din dagliga tr\u00e4ning och \u00f6vervinna dina gr\u00e4nser.<\/p>\n<p>Finns i olika f\u00e4rger, kontakta oss om du vill ha en speciell!<\/p>\n<\/div>\n<\/div>\n<\/div>\n<\/div>\n<\/div>\n<\/div>\n<\/div>\n<\/div>\n<\/div>\n","protected":false},"excerpt":{"rendered":"<ul>\n<li>Allsidighet i tr\u00e4ningen med flera greppalternativ<\/li>\n<li>S\u00e4ker och bekv\u00e4m grepp f\u00f6r intensiva tr\u00e4ningspass<\/li>\n<li>L\u00e4tt och b\u00e4rbar design f\u00f6r anv\u00e4ndning var som helst<\/li>\n<li>Enkel installation p\u00e5 alla l\u00e4mpliga ytor.<\/li>\n<\/ul>\n","protected":false},"featured_media":21081,"comment_status":"open","ping_status":"closed","template":"","meta":[],"product_brand":[],"product_cat":[416,515,517],"product_tag":[],"class_list":{"0":"post-17246","1":"product","2":"type-product","3":"status-publish","4":"has-post-thumbnail","6":"product_cat-hinderbana","7":"product_cat-traning","8":"product_cat-upphangningar","10":"first","11":"instock","12":"taxable","13":"shipping-taxable","14":"purchasable","15":"product-type-simple"},"_links":{"self":[{"href":"https:\/\/topholds.com\/sv\/wp-json\/wp\/v2\/product\/17246","targetHints":{"allow":["GET"]}}],"collection":[{"href":"https:\/\/topholds.com\/sv\/wp-json\/wp\/v2\/product"}],"about":[{"href":"https:\/\/topholds.com\/sv\/wp-json\/wp\/v2\/types\/product"}],"replies":[{"embeddable":true,"href":"https:\/\/topholds.com\/sv\/wp-json\/wp\/v2\/comments?post=17246"}],"wp:featuredmedia":[{"embeddable":true,"href":"https:\/\/topholds.com\/sv\/wp-json\/wp\/v2\/media\/21081"}],"wp:attachment":[{"href":"https:\/\/topholds.com\/sv\/wp-json\/wp\/v2\/media?parent=17246"}],"wp:term":[{"taxonomy":"product_brand","embeddable":true,"href":"https:\/\/topholds.com\/sv\/wp-json\/wp\/v2\/product_brand?post=17246"},{"taxonomy":"product_cat","embeddable":true,"href":"https:\/\/topholds.com\/sv\/wp-json\/wp\/v2\/product_cat?post=17246"},{"taxonomy":"product_tag","embeddable":true,"href":"https:\/\/topholds.com\/sv\/wp-json\/wp\/v2\/product_tag?post=17246"}],"curies":[{"name":"wp","href":"https:\/\/api.w.org\/{rel}","templated":true}]}}