{"id":17252,"date":"2022-11-13T09:12:13","date_gmt":"2022-11-13T09:12:13","guid":{"rendered":"https:\/\/topholds.com\/delta-raks\/"},"modified":"2024-08-26T05:04:27","modified_gmt":"2024-08-26T05:04:27","slug":"delta-raks","status":"publish","type":"product","link":"https:\/\/topholds.com\/sv\/erbjudande\/hinderbana\/traning\/upphangningar\/delta-raks\/","title":{"rendered":"Hinderbana Upph\u00e4ngningar Delta Raks"},"content":{"rendered":"<p>Med <strong>suspensioner fr\u00e5n OCR Delta Raks<\/strong> kan du ta dina tr\u00e4ningspass till n\u00e4sta niv\u00e5! Utformade f\u00f6r att utf\u00f6ra horisontella eller vertikala progressioner i ringar eller p\u00e5 st\u00e4nger, s\u00e5som i parker, monkey fly, stairway to heaven, volanter och alla \u00f6vningar du kan t\u00e4nka dig.<\/p>\n<p>Dessa suspensioner \u00e4r o\u00f6vervinneliga tack vare sina st\u00e4nger av st\u00e5l och handtag av polyuretan av senaste generation, <strong>l\u00e4mpliga f\u00f6r inomhus- eller utomhustr\u00e4ning i alla f\u00f6rh\u00e5llanden<\/strong>.<\/p>\n<p>Greppet \u00e4r enkelt och l\u00e4mpligt f\u00f6r nyb\u00f6rjare, med en anslutningsposition och ergonomiskt handtag som <strong>f\u00f6rhindrar \u00f6verbelastning i underarmen f\u00f6r att arbeta med uth\u00e5llighet<\/strong> under l\u00e5nga perioder. Perfekt f\u00f6r kl\u00e4ttringstr\u00e4ning, OCR och crossfit!<\/p>\n<p>Dessa suspensioner \u00e4r mycket l\u00e4tta och portabla, s\u00e5 du kan ta med dem till alla tr\u00e4ningspass. Inga fler urs\u00e4kter f\u00f6r att inte f\u00e5 in lite lidande varje dag!<\/p>\n<p>Varje paket inneh\u00e5ller tv\u00e5 enheter (en f\u00f6r varje hand) och om du \u00f6nskar en speciell f\u00e4rg, kontakta oss.<\/p>\n<p>Med Delta Raks, ta kontroll \u00f6ver din tr\u00e4ning och n\u00e5 dina m\u00e5l!<\/p>\n<p><iframe title=\"YouTube video player\" src=\"https:\/\/www.youtube.com\/embed\/oGDKpCePecA\" width=\"560\" height=\"315\" frameborder=\"0\" allowfullscreen=\"allowfullscreen\"><\/iframe><\/p>\n","protected":false},"excerpt":{"rendered":"<ul>\n<li>Till\u00e5ter att utf\u00f6ra horisontella och vertikala progressioner i ett brett utbud av strukturer och \u00f6vningar.<\/li>\n<li>De \u00e4r of\u00f6rst\u00f6rbara och kan anv\u00e4ndas under alla f\u00f6rh\u00e5llanden.<\/li>\n<li>Det l\u00e4tta och ergonomiska greppet f\u00f6rhindrar \u00f6verbelastning i underarmen.<\/li>\n<\/ul>\n","protected":false},"featured_media":12360,"comment_status":"open","ping_status":"closed","template":"","meta":[],"product_brand":[],"product_cat":[416,515,517],"product_tag":[],"class_list":{"0":"post-17252","1":"product","2":"type-product","3":"status-publish","4":"has-post-thumbnail","6":"product_cat-hinderbana","7":"product_cat-traning","8":"product_cat-upphangningar","10":"first","11":"instock","12":"sale","13":"featured","14":"taxable","15":"shipping-taxable","16":"purchasable","17":"product-type-simple"},"_links":{"self":[{"href":"https:\/\/topholds.com\/sv\/wp-json\/wp\/v2\/product\/17252","targetHints":{"allow":["GET"]}}],"collection":[{"href":"https:\/\/topholds.com\/sv\/wp-json\/wp\/v2\/product"}],"about":[{"href":"https:\/\/topholds.com\/sv\/wp-json\/wp\/v2\/types\/product"}],"replies":[{"embeddable":true,"href":"https:\/\/topholds.com\/sv\/wp-json\/wp\/v2\/comments?post=17252"}],"wp:featuredmedia":[{"embeddable":true,"href":"https:\/\/topholds.com\/sv\/wp-json\/wp\/v2\/media\/12360"}],"wp:attachment":[{"href":"https:\/\/topholds.com\/sv\/wp-json\/wp\/v2\/media?parent=17252"}],"wp:term":[{"taxonomy":"product_brand","embeddable":true,"href":"https:\/\/topholds.com\/sv\/wp-json\/wp\/v2\/product_brand?post=17252"},{"taxonomy":"product_cat","embeddable":true,"href":"https:\/\/topholds.com\/sv\/wp-json\/wp\/v2\/product_cat?post=17252"},{"taxonomy":"product_tag","embeddable":true,"href":"https:\/\/topholds.com\/sv\/wp-json\/wp\/v2\/product_tag?post=17252"}],"curies":[{"name":"wp","href":"https:\/\/api.w.org\/{rel}","templated":true}]}}