{"id":17258,"date":"2022-12-24T17:43:21","date_gmt":"2022-12-24T17:43:21","guid":{"rendered":"https:\/\/topholds.com\/yaguer-chain-evolution\/"},"modified":"2024-08-26T05:05:00","modified_gmt":"2024-08-26T05:05:00","slug":"yaguer-chain-evolution","status":"publish","type":"product","link":"https:\/\/topholds.com\/sv\/erbjudande\/hinderbana\/traning\/upphangningar\/yaguer-chain-evolution\/","title":{"rendered":"Hinderbana Upph\u00e4ngningar Yaguer Chain Evolution"},"content":{"rendered":"<p><strong>OCR Yaguer Chain Evolution upph\u00e4ngning<\/strong> \u00e4r det perfekta greppet f\u00f6r horisontella eller vertikala progressioner p\u00e5 kedjor eller sm\u00e5 ringar. Dess krok och ovalform g\u00f6r den <strong>idealisk f\u00f6r alla niv\u00e5er av tr\u00e4ning inom OCR<\/strong>.<\/p>\n<p>Den nya Evolution-serien <strong>representerar ett kvalitetshopp inom OCR-v\u00e4rlden<\/strong>. Tillverkade alltid med komponenter av h\u00f6gsta kvalitet, f\u00f6rb\u00e4ttrar TopHolds-produkterna inte bara i estetik utan \u00e4ven i f\u00e4stkroken. Nu tillverkad av h\u00f6gh\u00e5llfast h\u00e4rdat st\u00e5l, \u00e4r dess krok mycket mer \u00f6ppen och avl\u00e5ng \u00e4n den gamla Chain-serien, vilket g\u00f6r att vi kan arbeta med hinder p\u00e5 ett mycket mer effektivt s\u00e4tt.<\/p>\n<p>Yaguer Chain Evolution <strong>anpassar sig perfekt till handens naturliga position<\/strong>, vilket g\u00f6r den till ett bekv\u00e4mt och enkelt verktyg att anv\u00e4nda. Dessutom s\u00e4kerst\u00e4ller den h\u00f6ga motst\u00e5ndskraften att du kan anv\u00e4nda den under l\u00e5ng tid utan att beh\u00f6va oroa dig f\u00f6r dess h\u00e5llbarhet. L\u00e4gg till Yaguer Chain Evolution i din tr\u00e4ning och ta dina f\u00e4rdigheter till n\u00e4sta niv\u00e5!<\/p>\n<p>Texturen p\u00e5 TopHolds \u00e4r redan k\u00e4nd av alla, mycket greppv\u00e4nlig och mjuk mot h\u00e4nderna, vilket f\u00f6rhindrar att den glider ur handen och g\u00f6r det m\u00f6jligt att arbeta p\u00e5 uth\u00e5lligheten under l\u00e5ng tid.<\/p>\n<p>Mycket l\u00e4tta, perfekta att ta med till v\u00e5ra tr\u00e4ningar var som helst.<\/p>\n<p>Det finns inga urs\u00e4kter f\u00f6r lite lidande per dag l\u00e4ngre.<\/p>\n<p>F\u00e4rgerna kan skilja sig fr\u00e5n bilden (kontakta oss om du vill ha en speciell). <\/p>\n<p><iframe title=\"YouTube video player\" src=\"https:\/\/www.youtube.com\/embed\/n2_DwBUEgdU\" width=\"560\" height=\"315\" frameborder=\"0\" allowfullscreen=\"allowfullscreen\"><\/iframe><\/p>\n","protected":false},"excerpt":{"rendered":"<ul>\n<li>Perfekt grepp f\u00f6r horisontella eller vertikala progressioner<\/li>\n<li>Passar perfekt till handens naturliga position<\/li>\n<li>H\u00f6g resistens och h\u00e5llbarhet<\/li>\n<li>L\u00e4tta och portabla f\u00f6r att ta med \u00f6verallt<\/li>\n<\/ul>\n","protected":false},"featured_media":12506,"comment_status":"open","ping_status":"closed","template":"","meta":[],"product_brand":[],"product_cat":[416,515,517],"product_tag":[],"class_list":{"0":"post-17258","1":"product","2":"type-product","3":"status-publish","4":"has-post-thumbnail","6":"product_cat-hinderbana","7":"product_cat-traning","8":"product_cat-upphangningar","10":"first","11":"instock","12":"sale","13":"taxable","14":"shipping-taxable","15":"purchasable","16":"product-type-simple"},"_links":{"self":[{"href":"https:\/\/topholds.com\/sv\/wp-json\/wp\/v2\/product\/17258","targetHints":{"allow":["GET"]}}],"collection":[{"href":"https:\/\/topholds.com\/sv\/wp-json\/wp\/v2\/product"}],"about":[{"href":"https:\/\/topholds.com\/sv\/wp-json\/wp\/v2\/types\/product"}],"replies":[{"embeddable":true,"href":"https:\/\/topholds.com\/sv\/wp-json\/wp\/v2\/comments?post=17258"}],"wp:featuredmedia":[{"embeddable":true,"href":"https:\/\/topholds.com\/sv\/wp-json\/wp\/v2\/media\/12506"}],"wp:attachment":[{"href":"https:\/\/topholds.com\/sv\/wp-json\/wp\/v2\/media?parent=17258"}],"wp:term":[{"taxonomy":"product_brand","embeddable":true,"href":"https:\/\/topholds.com\/sv\/wp-json\/wp\/v2\/product_brand?post=17258"},{"taxonomy":"product_cat","embeddable":true,"href":"https:\/\/topholds.com\/sv\/wp-json\/wp\/v2\/product_cat?post=17258"},{"taxonomy":"product_tag","embeddable":true,"href":"https:\/\/topholds.com\/sv\/wp-json\/wp\/v2\/product_tag?post=17258"}],"curies":[{"name":"wp","href":"https:\/\/api.w.org\/{rel}","templated":true}]}}