{"id":17264,"date":"2022-12-24T19:05:11","date_gmt":"2022-12-24T19:05:11","guid":{"rendered":"https:\/\/topholds.com\/yaguer\/"},"modified":"2026-04-01T20:41:07","modified_gmt":"2026-04-01T20:41:07","slug":"yaguer","status":"publish","type":"product","link":"https:\/\/topholds.com\/sv\/erbjudande\/hinderbana\/traning\/upphangningar\/yaguer\/","title":{"rendered":"Hinderbana Upph\u00e4ngningar Yaguer"},"content":{"rendered":"<p><strong>Suspension med OCR Yaguer Grips<\/strong> \u00e4r ett annat brutalt verktyg f\u00f6r v\u00e5ra <strong>kl\u00e4ttringstr\u00e4ningar, OCR och Crossfit<\/strong>.<\/p>\n<p>V\u00e4ldigt l\u00e4tta, perfekta att ta med till v\u00e5ra tr\u00e4ningar var som helst.<\/p>\n<ul>\n<li style=\"text-align: left;\">P\u00e5 3 sekunder med en olofferknop kan vi h\u00e4nga dem p\u00e5 vilken gren, pull-up bar etc.<\/li>\n<li>Med en karbinhake h\u00e4nger vi dem f\u00f6r takg\u00e5ende eller \u00f6verh\u00e4ng.<\/li>\n<\/ul>\n<p>Det finns inga fler urs\u00e4kter f\u00f6r lite lidande varje dag.<\/p>\n<p>F\u00e4rgerna kan skilja sig fr\u00e5n bilden (kontakta oss om du \u00f6nskar en s\u00e4rskild).<\/p>\n","protected":false},"excerpt":{"rendered":"<ul>\n<li>Ideal f\u00f6r kl\u00e4ttringstr\u00e4ning, OCR och Crossfit.<\/li>\n<li>L\u00e4tta och enkla att transportera<\/li>\n<li>Mycket l\u00e4tta att h\u00e4nga p\u00e5 vilken yta som helst<\/li>\n<li>Dubbelt sn\u00f6re p\u00e5 6 mm ing\u00e5r.<\/li>\n<\/ul>\n","protected":false},"featured_media":12507,"comment_status":"open","ping_status":"closed","template":"","meta":[],"product_brand":[],"product_cat":[416,515,517],"product_tag":[],"class_list":{"0":"post-17264","1":"product","2":"type-product","3":"status-publish","4":"has-post-thumbnail","6":"product_cat-hinderbana","7":"product_cat-traning","8":"product_cat-upphangningar","10":"first","11":"instock","12":"taxable","13":"shipping-taxable","14":"purchasable","15":"product-type-simple"},"_links":{"self":[{"href":"https:\/\/topholds.com\/sv\/wp-json\/wp\/v2\/product\/17264","targetHints":{"allow":["GET"]}}],"collection":[{"href":"https:\/\/topholds.com\/sv\/wp-json\/wp\/v2\/product"}],"about":[{"href":"https:\/\/topholds.com\/sv\/wp-json\/wp\/v2\/types\/product"}],"replies":[{"embeddable":true,"href":"https:\/\/topholds.com\/sv\/wp-json\/wp\/v2\/comments?post=17264"}],"wp:featuredmedia":[{"embeddable":true,"href":"https:\/\/topholds.com\/sv\/wp-json\/wp\/v2\/media\/12507"}],"wp:attachment":[{"href":"https:\/\/topholds.com\/sv\/wp-json\/wp\/v2\/media?parent=17264"}],"wp:term":[{"taxonomy":"product_brand","embeddable":true,"href":"https:\/\/topholds.com\/sv\/wp-json\/wp\/v2\/product_brand?post=17264"},{"taxonomy":"product_cat","embeddable":true,"href":"https:\/\/topholds.com\/sv\/wp-json\/wp\/v2\/product_cat?post=17264"},{"taxonomy":"product_tag","embeddable":true,"href":"https:\/\/topholds.com\/sv\/wp-json\/wp\/v2\/product_tag?post=17264"}],"curies":[{"name":"wp","href":"https:\/\/api.w.org\/{rel}","templated":true}]}}