{"id":17270,"date":"2022-12-30T17:21:05","date_gmt":"2022-12-30T17:21:05","guid":{"rendered":"https:\/\/topholds.com\/disco-top\/"},"modified":"2024-08-26T05:06:12","modified_gmt":"2024-08-26T05:06:12","slug":"disco-top","status":"publish","type":"product","link":"https:\/\/topholds.com\/sv\/erbjudande\/hinderbana\/traning\/upphangningar\/disco-top\/","title":{"rendered":"Hinderbana Upph\u00e4ngningar Disco Top"},"content":{"rendered":"<p>La <strong>OCR Disco Top-grepp<\/strong> \u00e4r en viktig del f\u00f6r lopp och idrottscenter som vill j\u00e4mna ut greppet f\u00f6r deltagarna i sina t\u00e4vlingar. Dessa skivor placeras p\u00e5 toppen av v\u00e5ra TopHolds och f\u00f6rhindrar att deltagarna greppar delen oj\u00e4mnt, vilket s\u00e4kerst\u00e4ller en r\u00e4ttvis och j\u00e4mlik t\u00e4vling f\u00f6r alla.<\/p>\n<p>Top-skivorna \u00e4r s\u00e4rskilt anv\u00e4ndbara f\u00f6r dem som s\u00f6ker <strong>en mer utmanande tr\u00e4ning eller t\u00e4vling<\/strong>, eftersom de tvingar deltagarna att anv\u00e4nda ett str\u00e4ngt och enhetligt grepp. Dessutom anv\u00e4nds de i h\u00f6gpresterande evenemang, som Unbroken Race, som har f\u00f6rlitat sig p\u00e5 v\u00e5ra Top-skivor sedan 2018.<\/p>\n<p>Om du vill <strong>f\u00f6rb\u00e4ttra dina f\u00e4rdigheter i hinderlopp eller kl\u00e4ttringstr\u00e4ning<\/strong>, \u00e4r Top-skivorna ett ov\u00e4rderligt tillskott till dina OCR-grepp. Se till att du har den konkurrensf\u00f6rdel du beh\u00f6ver f\u00f6r att utm\u00e4rka dig i din n\u00e4sta utmaning!<\/p>\n<p>F\u00e4rgerna kan skilja sig fr\u00e5n bilden (kontakta oss om du \u00f6nskar en speciell).<\/p>\n","protected":false},"excerpt":{"rendered":"<ul>\n<li>Det \u00e4r en v\u00e4sentlig del f\u00f6r t\u00e4vlingar<\/li>\n<li>Topplattorna s\u00e4kerst\u00e4ller en r\u00e4ttvis och j\u00e4mlik t\u00e4vling f\u00f6r alla deltagare.<\/li>\n<li>De tvingar deltagarna att anv\u00e4nda ett strikt och enhetligt grepp, vilket \u00f6kar utmaningen i tr\u00e4ning eller t\u00e4vling.<\/li>\n<li>De anv\u00e4nds i h\u00f6gpresterande evenemang<\/li>\n<\/ul>\n","protected":false},"featured_media":12545,"comment_status":"open","ping_status":"closed","template":"","meta":[],"product_brand":[],"product_cat":[416,515,517],"product_tag":[],"class_list":{"0":"post-17270","1":"product","2":"type-product","3":"status-publish","4":"has-post-thumbnail","6":"product_cat-hinderbana","7":"product_cat-traning","8":"product_cat-upphangningar","10":"first","11":"instock","12":"taxable","13":"shipping-taxable","14":"purchasable","15":"product-type-simple"},"_links":{"self":[{"href":"https:\/\/topholds.com\/sv\/wp-json\/wp\/v2\/product\/17270","targetHints":{"allow":["GET"]}}],"collection":[{"href":"https:\/\/topholds.com\/sv\/wp-json\/wp\/v2\/product"}],"about":[{"href":"https:\/\/topholds.com\/sv\/wp-json\/wp\/v2\/types\/product"}],"replies":[{"embeddable":true,"href":"https:\/\/topholds.com\/sv\/wp-json\/wp\/v2\/comments?post=17270"}],"wp:featuredmedia":[{"embeddable":true,"href":"https:\/\/topholds.com\/sv\/wp-json\/wp\/v2\/media\/12545"}],"wp:attachment":[{"href":"https:\/\/topholds.com\/sv\/wp-json\/wp\/v2\/media?parent=17270"}],"wp:term":[{"taxonomy":"product_brand","embeddable":true,"href":"https:\/\/topholds.com\/sv\/wp-json\/wp\/v2\/product_brand?post=17270"},{"taxonomy":"product_cat","embeddable":true,"href":"https:\/\/topholds.com\/sv\/wp-json\/wp\/v2\/product_cat?post=17270"},{"taxonomy":"product_tag","embeddable":true,"href":"https:\/\/topholds.com\/sv\/wp-json\/wp\/v2\/product_tag?post=17270"}],"curies":[{"name":"wp","href":"https:\/\/api.w.org\/{rel}","templated":true}]}}