{"id":17276,"date":"2023-03-04T16:04:56","date_gmt":"2023-03-04T16:04:56","guid":{"rendered":"https:\/\/topholds.com\/poseidon\/"},"modified":"2024-08-26T05:06:49","modified_gmt":"2024-08-26T05:06:49","slug":"poseidon","status":"publish","type":"product","link":"https:\/\/topholds.com\/sv\/erbjudande\/hinderbana\/traning\/grepp\/poseidon\/","title":{"rendered":"Hinderbana Grepp Poseidon"},"content":{"rendered":"<p>Det verkar som om du inte har angett n\u00e5gon text att \u00f6vers\u00e4tta. V\u00e4nligen ge mig texten s\u00e5 hj\u00e4lper jag g\u00e4rna till med \u00f6vers\u00e4ttningen!<\/p>\n","protected":false},"excerpt":{"rendered":"<p>Poseid\u00f3n\u00a0 \u00a0\u00e4r ett grepp f\u00f6r kl\u00e4ttring med mjuk sandstensstruktur.<\/p>\n<p>Grepp med en stor sk\u00e5l, mycket bekv\u00e4m f\u00f6r en eller tv\u00e5 h\u00e4nder. Idealiskt grepp f\u00f6r vilket \u00f6verh\u00e4ng eller tak som helst.<\/p>\n<p>F\u00e4stning med 2 skruvplugg.<\/p>\n<p>F\u00e4rgerna kan skilja sig fr\u00e5n bilden. Om du \u00f6nskar en s\u00e4rskild f\u00e4rg, kontakta oss.<\/p>\n","protected":false},"featured_media":21105,"comment_status":"open","ping_status":"closed","template":"","meta":[],"product_brand":[],"product_cat":[416,518,515,425],"product_tag":[],"class_list":{"0":"post-17276","1":"product","2":"type-product","3":"status-publish","4":"has-post-thumbnail","6":"product_cat-hinderbana","7":"product_cat-grepp","8":"product_cat-traning","9":"product_cat-klattringrepp","11":"first","12":"instock","13":"taxable","14":"shipping-taxable","15":"purchasable","16":"product-type-simple"},"_links":{"self":[{"href":"https:\/\/topholds.com\/sv\/wp-json\/wp\/v2\/product\/17276","targetHints":{"allow":["GET"]}}],"collection":[{"href":"https:\/\/topholds.com\/sv\/wp-json\/wp\/v2\/product"}],"about":[{"href":"https:\/\/topholds.com\/sv\/wp-json\/wp\/v2\/types\/product"}],"replies":[{"embeddable":true,"href":"https:\/\/topholds.com\/sv\/wp-json\/wp\/v2\/comments?post=17276"}],"wp:featuredmedia":[{"embeddable":true,"href":"https:\/\/topholds.com\/sv\/wp-json\/wp\/v2\/media\/21105"}],"wp:attachment":[{"href":"https:\/\/topholds.com\/sv\/wp-json\/wp\/v2\/media?parent=17276"}],"wp:term":[{"taxonomy":"product_brand","embeddable":true,"href":"https:\/\/topholds.com\/sv\/wp-json\/wp\/v2\/product_brand?post=17276"},{"taxonomy":"product_cat","embeddable":true,"href":"https:\/\/topholds.com\/sv\/wp-json\/wp\/v2\/product_cat?post=17276"},{"taxonomy":"product_tag","embeddable":true,"href":"https:\/\/topholds.com\/sv\/wp-json\/wp\/v2\/product_tag?post=17276"}],"curies":[{"name":"wp","href":"https:\/\/api.w.org\/{rel}","templated":true}]}}