{"id":17282,"date":"2023-04-20T20:08:22","date_gmt":"2023-04-20T20:08:22","guid":{"rendered":"https:\/\/topholds.com\/gladius\/"},"modified":"2025-03-19T08:56:32","modified_gmt":"2025-03-19T08:56:32","slug":"gladius","status":"publish","type":"product","link":"https:\/\/topholds.com\/sv\/erbjudande\/hinderbana\/traning\/upphangningar\/gladius\/","title":{"rendered":"Hinderbana Upph\u00e4ngningar Gladius"},"content":{"rendered":"<p>Gladius var det ikoniska vapnet som f\u00f6redrogs av gladiatorer.<\/p>\n<p>H\u00e4r har ni v\u00e5r nya utmaning.<\/p>\n<p>Denna Gladius \u00e4r utformad f\u00f6r att kunna greppas med tv\u00e5 h\u00e4nder vid bladet eller med en hand vid handtaget. Dess dubbla textur, b\u00e5de p\u00e5 bladet och p\u00e5 handtaget, g\u00f6r Gladius till en mycket vacker skapelse, men utan att ge avkall p\u00e5 det maximala grepp som ni redan k\u00e4nner till fr\u00e5n v\u00e5rt m\u00e4rke.<\/p>\n","protected":false},"excerpt":{"rendered":"<ul>\n<li>Ger en mer dynamisk och intensiv tr\u00e4ning med pendelr\u00f6relser och kast.<\/li>\n<li>Utformad f\u00f6r att kunna greppas med tv\u00e5 h\u00e4nder vid bladet eller med en hand vid handtaget.<\/li>\n<li>Mjukt men greppv\u00e4nligt material, idealiskt f\u00f6r tr\u00e4ning inom OCR, kl\u00e4ttring, calisthenics och CrossFit.<\/li>\n<li>L\u00e4tt och enkel att transportera vart som helst.<\/li>\n<\/ul>\n","protected":false},"featured_media":17388,"comment_status":"open","ping_status":"closed","template":"","meta":[],"product_brand":[],"product_cat":[416,515,517],"product_tag":[],"class_list":{"0":"post-17282","1":"product","2":"type-product","3":"status-publish","4":"has-post-thumbnail","6":"product_cat-hinderbana","7":"product_cat-traning","8":"product_cat-upphangningar","10":"first","11":"instock","12":"sale","13":"taxable","14":"shipping-taxable","15":"purchasable","16":"product-type-simple"},"_links":{"self":[{"href":"https:\/\/topholds.com\/sv\/wp-json\/wp\/v2\/product\/17282","targetHints":{"allow":["GET"]}}],"collection":[{"href":"https:\/\/topholds.com\/sv\/wp-json\/wp\/v2\/product"}],"about":[{"href":"https:\/\/topholds.com\/sv\/wp-json\/wp\/v2\/types\/product"}],"replies":[{"embeddable":true,"href":"https:\/\/topholds.com\/sv\/wp-json\/wp\/v2\/comments?post=17282"}],"wp:featuredmedia":[{"embeddable":true,"href":"https:\/\/topholds.com\/sv\/wp-json\/wp\/v2\/media\/17388"}],"wp:attachment":[{"href":"https:\/\/topholds.com\/sv\/wp-json\/wp\/v2\/media?parent=17282"}],"wp:term":[{"taxonomy":"product_brand","embeddable":true,"href":"https:\/\/topholds.com\/sv\/wp-json\/wp\/v2\/product_brand?post=17282"},{"taxonomy":"product_cat","embeddable":true,"href":"https:\/\/topholds.com\/sv\/wp-json\/wp\/v2\/product_cat?post=17282"},{"taxonomy":"product_tag","embeddable":true,"href":"https:\/\/topholds.com\/sv\/wp-json\/wp\/v2\/product_tag?post=17282"}],"curies":[{"name":"wp","href":"https:\/\/api.w.org\/{rel}","templated":true}]}}