{"id":17288,"date":"2023-04-27T18:02:12","date_gmt":"2023-04-27T18:02:12","guid":{"rendered":"https:\/\/topholds.com\/samurai\/"},"modified":"2025-09-18T14:35:24","modified_gmt":"2025-09-18T14:35:24","slug":"samurai-2","status":"publish","type":"product","link":"https:\/\/topholds.com\/sv\/erbjudande\/hinderbana\/traning\/upphangningar\/samurai-2\/","title":{"rendered":"Hinderbana Upph\u00e4ngningar Samurai"},"content":{"rendered":"<p>Samurajerna var elitkrigare i det forna Japan.<\/p>\n<p>F\u00f6r att \u00f6vervinna utmaningen av Samurajen m\u00e5ste du maxa dina f\u00e4rdigheter.<\/p>\n<p>Denna utmanande TopHolds f\u00f6resl\u00e5r tre tr\u00e4ningsmetoder;<\/p>\n<p>&#8211; En l\u00e4tt, greppande med en eller tv\u00e5 h\u00e4nder i form av en sk\u00e5l fr\u00e5n den \u00f6vre delen av biten.<\/p>\n<p>&#8211; En mellanliggande, med tv\u00e5 h\u00e4nder i pincett fr\u00e5n sidorna.<\/p>\n<p>&#8211; En f\u00f6r de mest dj\u00e4rva, med ett rombisk grepp genom att placera b\u00e5da h\u00e4nderna i opposition p\u00e5 de nedre sidorna.<\/p>\n","protected":false},"excerpt":{"rendered":"<ul>\n<li>Stor enhet som ger en komplett tr\u00e4ning f\u00f6r styrkan i dina h\u00e4nder.<\/li>\n<li>Designad f\u00f6r att kunna tr\u00e4na p\u00e5 tre olika s\u00e4tt; &#8211; En enkel, greppande med en eller tv\u00e5 h\u00e4nder p\u00e5 toppen av delen.\n<p>&#8211; En mellanliggande, med tv\u00e5 h\u00e4nder i kl\u00e4m p\u00e5 sidorna.<\/p>\n<p>&#8211; En f\u00f6r de mer v\u00e5ghalsiga, med platt grepp genom att placera b\u00e5da h\u00e4nderna p\u00e5 motsatta sidor i de nedre delarna.<\/li>\n<li>Mjukt men greppv\u00e4nligt material, idealiskt f\u00f6r tr\u00e4ning f\u00f6r OCR, kl\u00e4ttring, calisthenics och CrossFit.<\/li>\n<li>L\u00e4tt och enkel att transportera var som helst.<\/li>\n<\/ul>\n<p>&nbsp;<\/p>\n","protected":false},"featured_media":21111,"comment_status":"open","ping_status":"closed","template":"","meta":[],"product_brand":[],"product_cat":[416,515,517],"product_tag":[],"class_list":{"0":"post-17288","1":"product","2":"type-product","3":"status-publish","4":"has-post-thumbnail","6":"product_cat-hinderbana","7":"product_cat-traning","8":"product_cat-upphangningar","10":"first","11":"instock","12":"taxable","13":"shipping-taxable","14":"purchasable","15":"product-type-simple"},"_links":{"self":[{"href":"https:\/\/topholds.com\/sv\/wp-json\/wp\/v2\/product\/17288","targetHints":{"allow":["GET"]}}],"collection":[{"href":"https:\/\/topholds.com\/sv\/wp-json\/wp\/v2\/product"}],"about":[{"href":"https:\/\/topholds.com\/sv\/wp-json\/wp\/v2\/types\/product"}],"replies":[{"embeddable":true,"href":"https:\/\/topholds.com\/sv\/wp-json\/wp\/v2\/comments?post=17288"}],"wp:featuredmedia":[{"embeddable":true,"href":"https:\/\/topholds.com\/sv\/wp-json\/wp\/v2\/media\/21111"}],"wp:attachment":[{"href":"https:\/\/topholds.com\/sv\/wp-json\/wp\/v2\/media?parent=17288"}],"wp:term":[{"taxonomy":"product_brand","embeddable":true,"href":"https:\/\/topholds.com\/sv\/wp-json\/wp\/v2\/product_brand?post=17288"},{"taxonomy":"product_cat","embeddable":true,"href":"https:\/\/topholds.com\/sv\/wp-json\/wp\/v2\/product_cat?post=17288"},{"taxonomy":"product_tag","embeddable":true,"href":"https:\/\/topholds.com\/sv\/wp-json\/wp\/v2\/product_tag?post=17288"}],"curies":[{"name":"wp","href":"https:\/\/api.w.org\/{rel}","templated":true}]}}