{"id":17294,"date":"2023-05-09T12:16:36","date_gmt":"2023-05-09T12:16:36","guid":{"rendered":"https:\/\/topholds.com\/stic\/"},"modified":"2024-08-26T05:08:29","modified_gmt":"2024-08-26T05:08:29","slug":"stic","status":"publish","type":"product","link":"https:\/\/topholds.com\/sv\/erbjudande\/hinderbana\/traning\/upphangningar\/stic\/","title":{"rendered":"Hinderbana Upph\u00e4ngningar Stic"},"content":{"rendered":"<p style=\"text-align: left;\">Suspension OCR Stic \u00e4r designad f\u00f6r upph\u00e4ngningar\/traktioner och f\u00f6r att anv\u00e4nda den f\u00f6r att h\u00e5lla last med h\u00e4nderna i grepp.<\/p>\n<p>Den \u00f6vre delen griper vi med h\u00e4nderna som en skopa, men vi kan ocks\u00e5 arbeta med styrka och uth\u00e5llighet i h\u00e4nderna genom att g\u00f6ra upph\u00e4ngningar under en viss tidsperiod, d\u00e4r vi greppar f\u00f6rem\u00e5let fr\u00e5n de plana sidorna.<\/p>\n<p>Vi kan ocks\u00e5 anv\u00e4nda dessa Stic f\u00f6r att g\u00f6ra serier d\u00e4r vi h\u00e5ller vikter med olika tyngd (repets \u00e4nde f\u00e4sts vid lasten f\u00f6r att arbeta p\u00e5 marken). Dessa \u00f6vningar anv\u00e4nds ofta av kl\u00e4ttrare f\u00f6r att gradvis \u00f6ka greppstyrkan f\u00f6r att uppn\u00e5 maximala resultat.<\/p>\n<ul>\n<li>Designad f\u00f6r upph\u00e4ngningar och traktioner, vi kan ocks\u00e5 anv\u00e4nda den i mark\u00f6vningar f\u00f6r att h\u00e5lla last med h\u00e4nderna i grepp.<\/li>\n<li>Ger ett optimalt grepp med sin mjuka men mycket klibbiga textur.<\/li>\n<li>\u00c4r praktisk och anpassningsbar till vilken tr\u00e4ningsmilj\u00f6 som helst, h\u00e4ngandes eller arbetande p\u00e5 marken med vikter i repets \u00e4ndar.<\/li>\n<li>T\u00e4nk p\u00e5 att f\u00e4rgerna kan variera fr\u00e5n den visade bilden, s\u00e5 om du \u00f6nskar en speciell f\u00e4rg, tveka inte att kontakta oss.<\/li>\n<\/ul>\n","protected":false},"excerpt":{"rendered":"<ul>\n<li>Designad f\u00f6r upph\u00e4ngningar och dragningar, kan vi ocks\u00e5 anv\u00e4nda den i mark\u00f6vningar, f\u00f6r att h\u00e5lla vikter med h\u00e4nderna i grepp.<\/li>\n<li>Ger ett optimalt grepp med sin mjuka men klibbiga textur.<\/li>\n<li>\u00c4r praktisk och anpassningsbar till alla tr\u00e4ningsmilj\u00f6er.<\/li>\n<li>Idealisk f\u00f6r OCR, kl\u00e4ttring, calisthenics och Crossfit.<\/li>\n<\/ul>\n","protected":false},"featured_media":21123,"comment_status":"open","ping_status":"closed","template":"","meta":[],"product_brand":[],"product_cat":[416,515,517],"product_tag":[],"class_list":{"0":"post-17294","1":"product","2":"type-product","3":"status-publish","4":"has-post-thumbnail","6":"product_cat-hinderbana","7":"product_cat-traning","8":"product_cat-upphangningar","10":"first","11":"instock","12":"sale","13":"taxable","14":"shipping-taxable","15":"purchasable","16":"product-type-simple"},"_links":{"self":[{"href":"https:\/\/topholds.com\/sv\/wp-json\/wp\/v2\/product\/17294","targetHints":{"allow":["GET"]}}],"collection":[{"href":"https:\/\/topholds.com\/sv\/wp-json\/wp\/v2\/product"}],"about":[{"href":"https:\/\/topholds.com\/sv\/wp-json\/wp\/v2\/types\/product"}],"replies":[{"embeddable":true,"href":"https:\/\/topholds.com\/sv\/wp-json\/wp\/v2\/comments?post=17294"}],"wp:featuredmedia":[{"embeddable":true,"href":"https:\/\/topholds.com\/sv\/wp-json\/wp\/v2\/media\/21123"}],"wp:attachment":[{"href":"https:\/\/topholds.com\/sv\/wp-json\/wp\/v2\/media?parent=17294"}],"wp:term":[{"taxonomy":"product_brand","embeddable":true,"href":"https:\/\/topholds.com\/sv\/wp-json\/wp\/v2\/product_brand?post=17294"},{"taxonomy":"product_cat","embeddable":true,"href":"https:\/\/topholds.com\/sv\/wp-json\/wp\/v2\/product_cat?post=17294"},{"taxonomy":"product_tag","embeddable":true,"href":"https:\/\/topholds.com\/sv\/wp-json\/wp\/v2\/product_tag?post=17294"}],"curies":[{"name":"wp","href":"https:\/\/api.w.org\/{rel}","templated":true}]}}