{"id":17300,"date":"2023-06-12T18:36:06","date_gmt":"2023-06-12T18:36:06","guid":{"rendered":"https:\/\/topholds.com\/medieval\/"},"modified":"2026-04-19T07:17:49","modified_gmt":"2026-04-19T07:17:49","slug":"medieval","status":"publish","type":"product","link":"https:\/\/topholds.com\/sv\/erbjudande\/hinderbana\/traning\/upphangningar\/medieval\/","title":{"rendered":"Hinderbana Upph\u00e4ngningar Medieval"},"content":{"rendered":"<p>Arte f\u00f6r att anpassa OCR.<\/p>\n<p>Medieval \u00e4r utformad f\u00f6r att kunna greppas med tv\u00e5 h\u00e4nder vid handtaget, med en hand vid kulan eller p\u00e5 ett hybrid s\u00e4tt f\u00f6r att g\u00f6ra h\u00f6jdjusteringar. Dess dubbla textur, b\u00e5de p\u00e5 handtaget och p\u00e5 kulan, g\u00f6r Medieval till en mycket vacker produkt, utan att ge avkall p\u00e5 den maximala greppf\u00f6rm\u00e5ga som ni redan k\u00e4nner till fr\u00e5n v\u00e5rt m\u00e4rke.<\/p>\n","protected":false},"excerpt":{"rendered":"<ul>\n<li>Ger en mer dynamisk och intensiv tr\u00e4ning med sidleds r\u00f6relser och h\u00f6jd\u00e4ndringar.<\/li>\n<li>Det \u00e4r designat f\u00f6r att kunna greppas med tv\u00e5 h\u00e4nder vid handtaget, med en hand vid kulan och p\u00e5 ett hybrid s\u00e4tt med h\u00f6jd\u00e4ndringar.<\/li>\n<li>Mjukt men gripv\u00e4nligt material, idealiskt f\u00f6r tr\u00e4ning inom OCR, kl\u00e4ttring, calisthenics och CrossFit.<\/li>\n<li>L\u00e4tt och l\u00e4tt att transportera var som helst.<\/li>\n<\/ul>\n","protected":false},"featured_media":17382,"comment_status":"open","ping_status":"closed","template":"","meta":[],"product_brand":[],"product_cat":[416,515,517],"product_tag":[],"class_list":{"0":"post-17300","1":"product","2":"type-product","3":"status-publish","4":"has-post-thumbnail","6":"product_cat-hinderbana","7":"product_cat-traning","8":"product_cat-upphangningar","10":"first","11":"instock","12":"sale","13":"taxable","14":"shipping-taxable","15":"purchasable","16":"product-type-simple"},"_links":{"self":[{"href":"https:\/\/topholds.com\/sv\/wp-json\/wp\/v2\/product\/17300","targetHints":{"allow":["GET"]}}],"collection":[{"href":"https:\/\/topholds.com\/sv\/wp-json\/wp\/v2\/product"}],"about":[{"href":"https:\/\/topholds.com\/sv\/wp-json\/wp\/v2\/types\/product"}],"replies":[{"embeddable":true,"href":"https:\/\/topholds.com\/sv\/wp-json\/wp\/v2\/comments?post=17300"}],"wp:featuredmedia":[{"embeddable":true,"href":"https:\/\/topholds.com\/sv\/wp-json\/wp\/v2\/media\/17382"}],"wp:attachment":[{"href":"https:\/\/topholds.com\/sv\/wp-json\/wp\/v2\/media?parent=17300"}],"wp:term":[{"taxonomy":"product_brand","embeddable":true,"href":"https:\/\/topholds.com\/sv\/wp-json\/wp\/v2\/product_brand?post=17300"},{"taxonomy":"product_cat","embeddable":true,"href":"https:\/\/topholds.com\/sv\/wp-json\/wp\/v2\/product_cat?post=17300"},{"taxonomy":"product_tag","embeddable":true,"href":"https:\/\/topholds.com\/sv\/wp-json\/wp\/v2\/product_tag?post=17300"}],"curies":[{"name":"wp","href":"https:\/\/api.w.org\/{rel}","templated":true}]}}