{"id":17306,"date":"2023-06-23T16:22:35","date_gmt":"2023-06-23T16:22:35","guid":{"rendered":"https:\/\/topholds.com\/down-holds\/"},"modified":"2024-08-26T05:09:44","modified_gmt":"2024-08-26T05:09:44","slug":"down-holds","status":"publish","type":"product","link":"https:\/\/topholds.com\/sv\/erbjudande\/klattringrepp\/down-holds\/","title":{"rendered":"Kl\u00e4ttergrepp Down Holds"},"content":{"rendered":"<p><strong>Down Holds \u00e4r ett h\u00f6gkvalitativt kl\u00e4ttringsgrepp<\/strong> med mjuk sandstensstruktur, designat f\u00f6r att m\u00f6ta behoven hos kl\u00e4ttrare p\u00e5 alla niv\u00e5er.<\/p>\n<p>Dess tv\u00e5 f\u00e4rger g\u00f6r den mycket i\u00f6gonfallande och g\u00f6r det m\u00f6jligt f\u00f6r anv\u00e4ndaren att snabbt identifiera den som ett ned-\u00e5t-grepp och inte f\u00f6rv\u00e4xla den med blockgrepp.<\/p>\n<p>Bekv\u00e4m grepp f\u00f6r en eller tv\u00e5 h\u00e4nder i form av skopa.<\/p>\n<p>Den kan installeras p\u00e5 vilket \u00f6verh\u00e4ng eller tak som helst.<\/p>\n<p>Greppet har tv\u00e5 sm\u00e5 h\u00e5l och ett stort h\u00e5l f\u00f6r att m\u00f6jligg\u00f6ra en <strong>l\u00e4tt installation med hj\u00e4lp av insexskruvar eller skruvmed huvuden<\/strong>. Vi rekommenderar anv\u00e4ndning av skruvar M10x50 (rekommenderas) eller M8x50.<\/p>\n<p>F\u00e4rgerna kan vara annorlunda \u00e4n de som visas p\u00e5 bilden. Om du \u00f6nskar en speciell f\u00e4rg, v\u00e4nligen kontakta oss.<\/p>\n","protected":false},"excerpt":{"rendered":"<ul>\n<li>Down Holds \u00e4r ett kl\u00e4ttergrepp med mjuk sandstenstextur.<\/li>\n<li>Grepp med bekv\u00e4m form f\u00f6r en eller tv\u00e5 h\u00e4nder, i form av en skopa.<\/li>\n<li>Tv\u00e5 f\u00e4rger f\u00f6r att snabbt kunna identifieras som ett nedstigningsgrepp.<\/li>\n<li>F\u00f6r installation i vilken \u00f6verh\u00e4ng eller tak som helst.<\/li>\n<li>Enkel installation med hj\u00e4lp av insexskruvar eller sj\u00e4lvsk\u00e4rande skruvar.<\/li>\n<\/ul>\n","protected":false},"featured_media":21135,"comment_status":"open","ping_status":"closed","template":"","meta":[],"product_brand":[],"product_cat":[425],"product_tag":[],"class_list":{"0":"post-17306","1":"product","2":"type-product","3":"status-publish","4":"has-post-thumbnail","6":"product_cat-klattringrepp","8":"first","9":"instock","10":"sale","11":"taxable","12":"shipping-taxable","13":"purchasable","14":"product-type-simple"},"_links":{"self":[{"href":"https:\/\/topholds.com\/sv\/wp-json\/wp\/v2\/product\/17306","targetHints":{"allow":["GET"]}}],"collection":[{"href":"https:\/\/topholds.com\/sv\/wp-json\/wp\/v2\/product"}],"about":[{"href":"https:\/\/topholds.com\/sv\/wp-json\/wp\/v2\/types\/product"}],"replies":[{"embeddable":true,"href":"https:\/\/topholds.com\/sv\/wp-json\/wp\/v2\/comments?post=17306"}],"wp:featuredmedia":[{"embeddable":true,"href":"https:\/\/topholds.com\/sv\/wp-json\/wp\/v2\/media\/21135"}],"wp:attachment":[{"href":"https:\/\/topholds.com\/sv\/wp-json\/wp\/v2\/media?parent=17306"}],"wp:term":[{"taxonomy":"product_brand","embeddable":true,"href":"https:\/\/topholds.com\/sv\/wp-json\/wp\/v2\/product_brand?post=17306"},{"taxonomy":"product_cat","embeddable":true,"href":"https:\/\/topholds.com\/sv\/wp-json\/wp\/v2\/product_cat?post=17306"},{"taxonomy":"product_tag","embeddable":true,"href":"https:\/\/topholds.com\/sv\/wp-json\/wp\/v2\/product_tag?post=17306"}],"curies":[{"name":"wp","href":"https:\/\/api.w.org\/{rel}","templated":true}]}}