{"id":17312,"date":"2023-06-23T17:36:11","date_gmt":"2023-06-23T17:36:11","guid":{"rendered":"https:\/\/topholds.com\/samurai\/"},"modified":"2024-08-26T05:10:17","modified_gmt":"2024-08-26T05:10:17","slug":"samurai","status":"publish","type":"product","link":"https:\/\/topholds.com\/sv\/erbjudande\/hinderbana\/traning\/grepp\/samurai\/","title":{"rendered":"Hinderbana Grepp Samurai"},"content":{"rendered":"<p>Det verkar som att du inte har inkluderat n\u00e5gon text att \u00f6vers\u00e4tta. V\u00e4nligen skriv eller klistra in texten du vill ha \u00f6versatt s\u00e5 hj\u00e4lper jag dig g\u00e4rna!<\/p>\n","protected":false},"excerpt":{"rendered":"<p>Samur\u00e1i \u00e4r ett kl\u00e4ttringsgrepp med mjuk sandstensstruktur.<\/p>\n<p>Greppet har en stor sk\u00e5l, vilket g\u00f6r det mycket bekv\u00e4mt f\u00f6r en eller tv\u00e5 h\u00e4nder. Det \u00e4r ett idealiskt grepp f\u00f6r alla \u00f6verh\u00e4ng och tak.<\/p>\n<p>F\u00e4stning med 3 skruvpluggar.<\/p>\n<p>F\u00e4rgerna kan skilja sig fr\u00e5n bilden. Om du \u00f6nskar en s\u00e4rskild f\u00e4rg, v\u00e4nligen kontakta oss.<\/p>\n","protected":false},"featured_media":21141,"comment_status":"open","ping_status":"closed","template":"","meta":[],"product_brand":[],"product_cat":[416,518,515,425],"product_tag":[],"class_list":{"0":"post-17312","1":"product","2":"type-product","3":"status-publish","4":"has-post-thumbnail","6":"product_cat-hinderbana","7":"product_cat-grepp","8":"product_cat-traning","9":"product_cat-klattringrepp","11":"first","12":"instock","13":"taxable","14":"shipping-taxable","15":"purchasable","16":"product-type-simple"},"_links":{"self":[{"href":"https:\/\/topholds.com\/sv\/wp-json\/wp\/v2\/product\/17312","targetHints":{"allow":["GET"]}}],"collection":[{"href":"https:\/\/topholds.com\/sv\/wp-json\/wp\/v2\/product"}],"about":[{"href":"https:\/\/topholds.com\/sv\/wp-json\/wp\/v2\/types\/product"}],"replies":[{"embeddable":true,"href":"https:\/\/topholds.com\/sv\/wp-json\/wp\/v2\/comments?post=17312"}],"wp:featuredmedia":[{"embeddable":true,"href":"https:\/\/topholds.com\/sv\/wp-json\/wp\/v2\/media\/21141"}],"wp:attachment":[{"href":"https:\/\/topholds.com\/sv\/wp-json\/wp\/v2\/media?parent=17312"}],"wp:term":[{"taxonomy":"product_brand","embeddable":true,"href":"https:\/\/topholds.com\/sv\/wp-json\/wp\/v2\/product_brand?post=17312"},{"taxonomy":"product_cat","embeddable":true,"href":"https:\/\/topholds.com\/sv\/wp-json\/wp\/v2\/product_cat?post=17312"},{"taxonomy":"product_tag","embeddable":true,"href":"https:\/\/topholds.com\/sv\/wp-json\/wp\/v2\/product_tag?post=17312"}],"curies":[{"name":"wp","href":"https:\/\/api.w.org\/{rel}","templated":true}]}}