{"id":17324,"date":"2023-07-02T14:19:05","date_gmt":"2023-07-02T14:19:05","guid":{"rendered":"https:\/\/topholds.com\/congo\/"},"modified":"2025-03-05T09:12:49","modified_gmt":"2025-03-05T09:12:49","slug":"congo","status":"publish","type":"product","link":"https:\/\/topholds.com\/sv\/erbjudande\/hinderbana\/traning\/upphangningar\/congo\/","title":{"rendered":"Hinderbana Upph\u00e4ngningar Congo"},"content":{"rendered":"<p style=\"text-align: left;\">P\u00e5 grund av sin styrka och smidighet \u00e4r gorillorna de obestridda kungarna av de centrala afrikanska skogarna.<\/p>\n<p>Den nya OCR-suspensionen fr\u00e5n TopHolds hyllar detta majest\u00e4tiska djur.<\/p>\n<p>&#8211; \u00d6verhandsgrepp av bolltyp, vilket \u00e4ven m\u00f6jligg\u00f6r placering av den andra handen.<\/p>\n<p>&#8211; Grepp fr\u00e5n baksidan f\u00f6r att st\u00e4rka greppstyrkan.<\/p>\n","protected":false},"excerpt":{"rendered":"<ul>\n<li>Del som ger en komplett tr\u00e4ning f\u00f6r styrkan i dina h\u00e4nder.<\/li>\n<li>Tv\u00e5 greppalternativ, fr\u00e5n toppen f\u00f6r dynamiska r\u00f6relser och fr\u00e5n baksidan i pincettgrepp f\u00f6r statiska \u00f6vningar.<\/li>\n<li>Mjukt men greppv\u00e4nligt material, idealiskt f\u00f6r OCR-tr\u00e4ning, kl\u00e4ttring, kalistenik och CrossFit.<\/li>\n<li>L\u00e4tt och l\u00e4tt att transportera var som helst.<\/li>\n<\/ul>\n<p>&nbsp;<\/p>\n","protected":false},"featured_media":21171,"comment_status":"open","ping_status":"closed","template":"","meta":[],"product_brand":[],"product_cat":[416,515,517],"product_tag":[],"class_list":{"0":"post-17324","1":"product","2":"type-product","3":"status-publish","4":"has-post-thumbnail","6":"product_cat-hinderbana","7":"product_cat-traning","8":"product_cat-upphangningar","10":"first","11":"instock","12":"sale","13":"taxable","14":"shipping-taxable","15":"purchasable","16":"product-type-simple"},"_links":{"self":[{"href":"https:\/\/topholds.com\/sv\/wp-json\/wp\/v2\/product\/17324","targetHints":{"allow":["GET"]}}],"collection":[{"href":"https:\/\/topholds.com\/sv\/wp-json\/wp\/v2\/product"}],"about":[{"href":"https:\/\/topholds.com\/sv\/wp-json\/wp\/v2\/types\/product"}],"replies":[{"embeddable":true,"href":"https:\/\/topholds.com\/sv\/wp-json\/wp\/v2\/comments?post=17324"}],"wp:featuredmedia":[{"embeddable":true,"href":"https:\/\/topholds.com\/sv\/wp-json\/wp\/v2\/media\/21171"}],"wp:attachment":[{"href":"https:\/\/topholds.com\/sv\/wp-json\/wp\/v2\/media?parent=17324"}],"wp:term":[{"taxonomy":"product_brand","embeddable":true,"href":"https:\/\/topholds.com\/sv\/wp-json\/wp\/v2\/product_brand?post=17324"},{"taxonomy":"product_cat","embeddable":true,"href":"https:\/\/topholds.com\/sv\/wp-json\/wp\/v2\/product_cat?post=17324"},{"taxonomy":"product_tag","embeddable":true,"href":"https:\/\/topholds.com\/sv\/wp-json\/wp\/v2\/product_tag?post=17324"}],"curies":[{"name":"wp","href":"https:\/\/api.w.org\/{rel}","templated":true}]}}