{"id":17330,"date":"2023-07-19T12:04:43","date_gmt":"2023-07-19T12:04:43","guid":{"rendered":"https:\/\/topholds.com\/ocr-dragon\/"},"modified":"2024-08-26T05:12:03","modified_gmt":"2024-08-26T05:12:03","slug":"ocr-dragon","status":"publish","type":"product","link":"https:\/\/topholds.com\/sv\/erbjudande\/hinderbana\/traning\/grepp\/ocr-dragon\/","title":{"rendered":"Hinderbana Grepp Dragon"},"content":{"rendered":"<p>Det verkar som att du inte har inkluderat n\u00e5gon text f\u00f6r \u00f6vers\u00e4ttning. V\u00e4nligen skriv eller klistra in texten du vill \u00f6vers\u00e4tta, s\u00e5 hj\u00e4lper jag dig g\u00e4rna!<\/p>\n","protected":false},"excerpt":{"rendered":"<blockquote><p>Dragon \u00e4r ett kl\u00e4gggrepp med mjuk sandstensyta.<\/p><\/blockquote>\n<blockquote><p>Greppet har en stor sk\u00e5lgrop, mycket bekv\u00e4m f\u00f6r en eller tv\u00e5 h\u00e4nder. Det \u00e4r ett idealiskt grepp f\u00f6r alla \u00f6verh\u00e4ng och tak.<\/p><\/blockquote>\n<blockquote><p>F\u00e4ste via allen-skruv 10&#215;50 (rekommenderas) eller M8x50.<\/p><\/blockquote>\n<blockquote><p>F\u00f6rsett med h\u00e5l f\u00f6r anti-rotation skruv.<\/p><\/blockquote>\n<blockquote><p>F\u00e4rgerna kan skilja sig fr\u00e5n bilden. Om du \u00f6nskar en speciell f\u00e4rg, v\u00e4nligen kontakta oss.<\/p><\/blockquote>\n","protected":false},"featured_media":21177,"comment_status":"open","ping_status":"closed","template":"","meta":[],"product_brand":[],"product_cat":[416,518,515,425],"product_tag":[],"class_list":{"0":"post-17330","1":"product","2":"type-product","3":"status-publish","4":"has-post-thumbnail","6":"product_cat-hinderbana","7":"product_cat-grepp","8":"product_cat-traning","9":"product_cat-klattringrepp","11":"first","12":"instock","13":"taxable","14":"shipping-taxable","15":"purchasable","16":"product-type-simple"},"_links":{"self":[{"href":"https:\/\/topholds.com\/sv\/wp-json\/wp\/v2\/product\/17330","targetHints":{"allow":["GET"]}}],"collection":[{"href":"https:\/\/topholds.com\/sv\/wp-json\/wp\/v2\/product"}],"about":[{"href":"https:\/\/topholds.com\/sv\/wp-json\/wp\/v2\/types\/product"}],"replies":[{"embeddable":true,"href":"https:\/\/topholds.com\/sv\/wp-json\/wp\/v2\/comments?post=17330"}],"wp:featuredmedia":[{"embeddable":true,"href":"https:\/\/topholds.com\/sv\/wp-json\/wp\/v2\/media\/21177"}],"wp:attachment":[{"href":"https:\/\/topholds.com\/sv\/wp-json\/wp\/v2\/media?parent=17330"}],"wp:term":[{"taxonomy":"product_brand","embeddable":true,"href":"https:\/\/topholds.com\/sv\/wp-json\/wp\/v2\/product_brand?post=17330"},{"taxonomy":"product_cat","embeddable":true,"href":"https:\/\/topholds.com\/sv\/wp-json\/wp\/v2\/product_cat?post=17330"},{"taxonomy":"product_tag","embeddable":true,"href":"https:\/\/topholds.com\/sv\/wp-json\/wp\/v2\/product_tag?post=17330"}],"curies":[{"name":"wp","href":"https:\/\/api.w.org\/{rel}","templated":true}]}}