{"id":17335,"date":"2023-11-26T11:41:49","date_gmt":"2023-11-26T11:41:49","guid":{"rendered":"https:\/\/topholds.com\/storm\/"},"modified":"2026-03-08T20:22:19","modified_gmt":"2026-03-08T20:22:19","slug":"storm","status":"publish","type":"product","link":"https:\/\/topholds.com\/sv\/erbjudande\/hinderbana\/traning\/upphangningar\/storm\/","title":{"rendered":"Hinderbana Upph\u00e4ngningar Storm"},"content":{"rendered":"<p><strong>Storm<\/strong> \u00e4r ett element av <strong>h\u00e4ngande tr\u00e4ning OCR<\/strong> som \u00e4r designat f\u00f6r att ge dig flera s\u00e4tt att \u00f6vervinna det och f\u00f6rb\u00e4ttra dina tr\u00e4ningspass. Ett grepp f\u00f6r fingrarna f\u00f6r att f\u00f6rb\u00e4ttra styrkan i dina fingrar och ett konformat grepp f\u00f6r att f\u00f6rb\u00e4ttra greppkraften i dina h\u00e4nder. Du kan ocks\u00e5 anv\u00e4nda det f\u00f6r <strong>Fly Monkey<\/strong>, h\u00e5ll det med b\u00e5da h\u00e4nderna i motsatta skopositioner f\u00f6r att g\u00f6ra dynamiska r\u00f6relser. Dess ergonomi och dess mjuka men klibbiga textur g\u00f6r det till ett <strong>komfortabelt och s\u00e4kert grepp<\/strong>, som f\u00f6rhindrar skador som kan uppst\u00e5 med ett platt grepp.<\/p>\n<p>Det \u00e4r <strong>ett grepp f\u00f6r att f\u00f6rb\u00e4ttra din styrka och uth\u00e5llighet i kl\u00e4ttring<\/strong>, OCR, ninjautmaningar och Crossfit.<\/p>\n<p>F\u00e4rgerna p\u00e5 Storm kan variera fr\u00e5n fotot. Om du vill v\u00e4lja en specifik f\u00e4rg, kontakta oss.<\/p>\n<p>Denna m\u00e5ngsidiga h\u00e4ngande tr\u00e4ning h\u00e4ngs enkelt upp p\u00e5 en chinsst\u00e5ng, i parken eller p\u00e5 en gren, vilket m\u00f6jligg\u00f6r en m\u00e4ngd olika \u00f6vningar varsomhelst.<\/p>\n<p>Maximera potentialen av <em>h\u00e4ngande tr\u00e4ning <strong>Storm<\/strong><\/em> genom att kombinera den med andra vertikalt, vilket skapar unika och anpassade utmaningar efter dina behov. Dess noggrant genomt\u00e4nkta design g\u00f6r att du kan utnyttja dina tr\u00e4ningspass maximalt, utan att beh\u00f6va stort utrymme f\u00f6r att g\u00f6ra kombinationer av valfri l\u00e4ngd.<\/p>\n<p><strong><em>Storm<\/em><\/strong> \u00e4r ett exceptionellt verktyg f\u00f6r <strong>tr\u00e4ning av OCR, calisthenics, ninjautmaningar, kl\u00e4ttring, Crossfit, gymnastik<\/strong> och mycket mer. Dessutom erbjuder det inte bara effektiv tr\u00e4ning, utan ocks\u00e5 mycket roligt. V\u00e5gar du prova det?<\/p>\n","protected":false},"excerpt":{"rendered":"<ul>\n<li>Upph\u00e4ngning med flera grepp och f\u00f6r fly monkey med tv\u00e5 h\u00e4nder.<\/li>\n<li>En perfekt ergonomi f\u00f6r grepp med en eller tv\u00e5 h\u00e4nder.<\/li>\n<li>Mjukt men mycket gripande textur.<\/li>\n<li>Ett brutalt verktyg f\u00f6r v\u00e5ra kl\u00e4ttringstr\u00e4ningar, OCR, ninjautmaningar och Crossfit.<\/li>\n<\/ul>\n","protected":false},"featured_media":22928,"comment_status":"open","ping_status":"closed","template":"","meta":[],"product_brand":[],"product_cat":[416,515,517],"product_tag":[],"class_list":{"0":"post-17335","1":"product","2":"type-product","3":"status-publish","4":"has-post-thumbnail","6":"product_cat-hinderbana","7":"product_cat-traning","8":"product_cat-upphangningar","10":"first","11":"instock","12":"sale","13":"featured","14":"taxable","15":"shipping-taxable","16":"purchasable","17":"product-type-simple"},"_links":{"self":[{"href":"https:\/\/topholds.com\/sv\/wp-json\/wp\/v2\/product\/17335","targetHints":{"allow":["GET"]}}],"collection":[{"href":"https:\/\/topholds.com\/sv\/wp-json\/wp\/v2\/product"}],"about":[{"href":"https:\/\/topholds.com\/sv\/wp-json\/wp\/v2\/types\/product"}],"replies":[{"embeddable":true,"href":"https:\/\/topholds.com\/sv\/wp-json\/wp\/v2\/comments?post=17335"}],"wp:featuredmedia":[{"embeddable":true,"href":"https:\/\/topholds.com\/sv\/wp-json\/wp\/v2\/media\/22928"}],"wp:attachment":[{"href":"https:\/\/topholds.com\/sv\/wp-json\/wp\/v2\/media?parent=17335"}],"wp:term":[{"taxonomy":"product_brand","embeddable":true,"href":"https:\/\/topholds.com\/sv\/wp-json\/wp\/v2\/product_brand?post=17335"},{"taxonomy":"product_cat","embeddable":true,"href":"https:\/\/topholds.com\/sv\/wp-json\/wp\/v2\/product_cat?post=17335"},{"taxonomy":"product_tag","embeddable":true,"href":"https:\/\/topholds.com\/sv\/wp-json\/wp\/v2\/product_tag?post=17335"}],"curies":[{"name":"wp","href":"https:\/\/api.w.org\/{rel}","templated":true}]}}