{"id":17340,"date":"2023-12-02T12:42:26","date_gmt":"2023-12-02T12:42:26","guid":{"rendered":"https:\/\/topholds.com\/hinderbana-paket-niva-1\/"},"modified":"2026-03-06T05:23:57","modified_gmt":"2026-03-06T05:23:57","slug":"pack-ocr-nivel-1","status":"publish","type":"product","link":"https:\/\/topholds.com\/sv\/erbjudande\/hinderbana\/paket\/pack-ocr-nivel-1\/","title":{"rendered":"Hinderbana Paket Niv\u00e5 1"},"content":{"rendered":"<p>F\u00f6r att st\u00e4rka din greppstyrka och din f\u00e4rdighet i upph\u00e4ngningar f\u00f6resl\u00e5r vi dessa sex viktiga delar som g\u00f6r det m\u00f6jligt f\u00f6r dig att g\u00f6ra framsteg i din tr\u00e4ning. B\u00f6rja med pullups i par och \u00f6ka uth\u00e5lligheten i upph\u00e4ngningstiden. Med engagemang och konstant anstr\u00e4ngning kommer du att avancera fr\u00e5n en niv\u00e5 till en annan p\u00e5 kort tid.<\/p>\n","protected":false},"excerpt":{"rendered":"<p>Om du precis har b\u00f6rjat tr\u00e4na Hinderbana Upph\u00e4ngningar \u00e4r dessa<\/p>\n<p>6 Kl\u00e4ttergrepp som \u00e4r oumb\u00e4rliga f\u00f6r att tr\u00e4na styrka och den n\u00f6dv\u00e4ndiga f\u00e4rdigheten :<\/p>\n<p>-2 Tr\u00e4ningsboll 9<\/p>\n<p>-2 Nunchaku Kl\u00e4ttergrepp<\/p>\n<p>-2 OCR Climb 2<\/p>\n","protected":false},"featured_media":21192,"comment_status":"open","ping_status":"closed","template":"","meta":[],"product_brand":[],"product_cat":[416,516],"product_tag":[],"class_list":{"0":"post-17340","1":"product","2":"type-product","3":"status-publish","4":"has-post-thumbnail","6":"product_cat-hinderbana","7":"product_cat-paket","9":"first","10":"instock","11":"sale","12":"taxable","13":"shipping-taxable","14":"purchasable","15":"product-type-simple"},"_links":{"self":[{"href":"https:\/\/topholds.com\/sv\/wp-json\/wp\/v2\/product\/17340","targetHints":{"allow":["GET"]}}],"collection":[{"href":"https:\/\/topholds.com\/sv\/wp-json\/wp\/v2\/product"}],"about":[{"href":"https:\/\/topholds.com\/sv\/wp-json\/wp\/v2\/types\/product"}],"replies":[{"embeddable":true,"href":"https:\/\/topholds.com\/sv\/wp-json\/wp\/v2\/comments?post=17340"}],"wp:featuredmedia":[{"embeddable":true,"href":"https:\/\/topholds.com\/sv\/wp-json\/wp\/v2\/media\/21192"}],"wp:attachment":[{"href":"https:\/\/topholds.com\/sv\/wp-json\/wp\/v2\/media?parent=17340"}],"wp:term":[{"taxonomy":"product_brand","embeddable":true,"href":"https:\/\/topholds.com\/sv\/wp-json\/wp\/v2\/product_brand?post=17340"},{"taxonomy":"product_cat","embeddable":true,"href":"https:\/\/topholds.com\/sv\/wp-json\/wp\/v2\/product_cat?post=17340"},{"taxonomy":"product_tag","embeddable":true,"href":"https:\/\/topholds.com\/sv\/wp-json\/wp\/v2\/product_tag?post=17340"}],"curies":[{"name":"wp","href":"https:\/\/api.w.org\/{rel}","templated":true}]}}