{"id":17345,"date":"2024-01-18T13:10:37","date_gmt":"2024-01-18T13:10:37","guid":{"rendered":"https:\/\/topholds.com\/ninja-track\/"},"modified":"2025-09-18T03:15:12","modified_gmt":"2025-09-18T03:15:12","slug":"ninja-track","status":"publish","type":"product","link":"https:\/\/topholds.com\/sv\/erbjudande\/hinderbana\/traning\/grepp\/ninja-track\/","title":{"rendered":"Hinderbana Grepp Ninja Track"},"content":{"rendered":"<p>Presa de escalada med specifika m\u00e5tt f\u00f6r Ninja Track Europeiska och V\u00e4rldsm\u00e4sterskapen OCR.<\/p>\n<p><strong>Presa de escalada<\/strong> av h\u00f6g kvalitet med mjuk sandstensstruktur, designad f\u00f6r Ninja Track OCR.<\/p>\n<p>Den uppfyller \u00e4ven behoven hos kl\u00e4ttrare p\u00e5 alla niv\u00e5er eftersom den kan installeras p\u00e5 vilken \u00f6verh\u00e4ng eller tak som helst.<\/p>\n<p>Bekv\u00e4m grepp f\u00f6r h\u00e4nderna i form av en sked.<\/p>\n<p>Pressen har fyra sm\u00e5 h\u00e5l och ett stort f\u00f6r att m\u00f6jligg\u00f6ra en <strong>l\u00e4tt installation med hj\u00e4lp av insexskruvar och skruvplugg<\/strong>. Det rekommenderas att anv\u00e4nda skruvar M10x100 (rekommenderat) eller M8x100 (tr\u00e4 med 2 cm tjocklek).<\/p>\n<p>F\u00e4rgerna kan skilja sig fr\u00e5n bilden. Om du \u00f6nskar en speciell f\u00e4rg, v\u00e4nligen kontakta oss.<\/p>\n","protected":false},"excerpt":{"rendered":"<p>Presa de escalada con las medidas espec\u00edficas de Ninja Track Europeos y Mundiales OCR.<\/p>\n","protected":false},"featured_media":15327,"comment_status":"open","ping_status":"closed","template":"","meta":[],"product_brand":[],"product_cat":[416,518],"product_tag":[],"class_list":{"0":"post-17345","1":"product","2":"type-product","3":"status-publish","4":"has-post-thumbnail","6":"product_cat-hinderbana","7":"product_cat-grepp","9":"first","10":"instock","11":"sale","12":"taxable","13":"shipping-taxable","14":"purchasable","15":"product-type-variable"},"_links":{"self":[{"href":"https:\/\/topholds.com\/sv\/wp-json\/wp\/v2\/product\/17345","targetHints":{"allow":["GET"]}}],"collection":[{"href":"https:\/\/topholds.com\/sv\/wp-json\/wp\/v2\/product"}],"about":[{"href":"https:\/\/topholds.com\/sv\/wp-json\/wp\/v2\/types\/product"}],"replies":[{"embeddable":true,"href":"https:\/\/topholds.com\/sv\/wp-json\/wp\/v2\/comments?post=17345"}],"wp:featuredmedia":[{"embeddable":true,"href":"https:\/\/topholds.com\/sv\/wp-json\/wp\/v2\/media\/15327"}],"wp:attachment":[{"href":"https:\/\/topholds.com\/sv\/wp-json\/wp\/v2\/media?parent=17345"}],"wp:term":[{"taxonomy":"product_brand","embeddable":true,"href":"https:\/\/topholds.com\/sv\/wp-json\/wp\/v2\/product_brand?post=17345"},{"taxonomy":"product_cat","embeddable":true,"href":"https:\/\/topholds.com\/sv\/wp-json\/wp\/v2\/product_cat?post=17345"},{"taxonomy":"product_tag","embeddable":true,"href":"https:\/\/topholds.com\/sv\/wp-json\/wp\/v2\/product_tag?post=17345"}],"curies":[{"name":"wp","href":"https:\/\/api.w.org\/{rel}","templated":true}]}}