{"id":17349,"date":"2024-03-19T16:19:45","date_gmt":"2024-03-19T16:19:45","guid":{"rendered":"https:\/\/topholds.com\/unbroken-ring\/"},"modified":"2025-09-18T03:17:21","modified_gmt":"2025-09-18T03:17:21","slug":"unbroken-ring","status":"publish","type":"product","link":"https:\/\/topholds.com\/sv\/erbjudande\/hinderbana\/traning\/upphangningar\/unbroken-ring\/","title":{"rendered":"Unbroken Ring"},"content":{"rendered":"<p>La Anilla Unbroken \u00e4r en produkt som kan anv\u00e4ndas som en vanlig ring.<\/p>\n<p>Dess design <strong>g\u00f6r det enkelt att h\u00e4nga den p\u00e5 pull-up-st\u00e4nger<\/strong>, parker, grenar eller andra ytor, vilket ger dig m\u00f6jlighet att utf\u00f6ra ett brett utbud av \u00f6vningar var som helst.<\/p>\n<p>Med en ergonomi som \u00e4r perfekt f\u00f6r handgrepp. Idealisk verktyg f\u00f6r <strong>kl\u00e4ttringstr\u00e4ning, OCR, calisthenics, ninja-utmaningar, CrossFit<\/strong>, gymnastik och mer.<\/p>\n<p>F\u00e4rgerna kan skilja sig fr\u00e5n de p\u00e5 bilden, kontakta oss om du \u00f6nskar en speciell f\u00e4rg.<\/p>\n","protected":false},"excerpt":{"rendered":"<ul>\n<li>Perfekt ergonomi f\u00f6r handgrepp<\/li>\n<li>F\u00f6r att anv\u00e4ndas som en vanlig ring.<\/li>\n<li>Idealisk f\u00f6r kl\u00e4ttring, OCR, calisthenics, ninja-utmaningar, CrossFit, gymnastik och mer<\/li>\n<\/ul>\n","protected":false},"featured_media":15569,"comment_status":"open","ping_status":"closed","template":"","meta":[],"product_brand":[],"product_cat":[416,515,517],"product_tag":[],"class_list":{"0":"post-17349","1":"product","2":"type-product","3":"status-publish","4":"has-post-thumbnail","6":"product_cat-hinderbana","7":"product_cat-traning","8":"product_cat-upphangningar","10":"first","11":"instock","12":"taxable","13":"shipping-taxable","14":"purchasable","15":"product-type-simple"},"_links":{"self":[{"href":"https:\/\/topholds.com\/sv\/wp-json\/wp\/v2\/product\/17349","targetHints":{"allow":["GET"]}}],"collection":[{"href":"https:\/\/topholds.com\/sv\/wp-json\/wp\/v2\/product"}],"about":[{"href":"https:\/\/topholds.com\/sv\/wp-json\/wp\/v2\/types\/product"}],"replies":[{"embeddable":true,"href":"https:\/\/topholds.com\/sv\/wp-json\/wp\/v2\/comments?post=17349"}],"wp:featuredmedia":[{"embeddable":true,"href":"https:\/\/topholds.com\/sv\/wp-json\/wp\/v2\/media\/15569"}],"wp:attachment":[{"href":"https:\/\/topholds.com\/sv\/wp-json\/wp\/v2\/media?parent=17349"}],"wp:term":[{"taxonomy":"product_brand","embeddable":true,"href":"https:\/\/topholds.com\/sv\/wp-json\/wp\/v2\/product_brand?post=17349"},{"taxonomy":"product_cat","embeddable":true,"href":"https:\/\/topholds.com\/sv\/wp-json\/wp\/v2\/product_cat?post=17349"},{"taxonomy":"product_tag","embeddable":true,"href":"https:\/\/topholds.com\/sv\/wp-json\/wp\/v2\/product_tag?post=17349"}],"curies":[{"name":"wp","href":"https:\/\/api.w.org\/{rel}","templated":true}]}}