{"id":17354,"date":"2024-04-23T16:57:48","date_gmt":"2024-04-23T16:57:48","guid":{"rendered":"https:\/\/topholds.com\/grand-poseidon\/"},"modified":"2025-09-18T03:13:54","modified_gmt":"2025-09-18T03:13:54","slug":"grand-poseidon","status":"publish","type":"product","link":"https:\/\/topholds.com\/sv\/erbjudande\/hinderbana\/traning\/upphangningar\/grand-poseidon\/","title":{"rendered":"Grand Poseidon"},"content":{"rendered":"<p><strong>Grand Poseidon<\/strong> \u00e4r ett <strong>suspensionsverktyg f\u00f6r OCR<\/strong> som \u00e4r designat f\u00f6r att f\u00f6rb\u00e4ttra styrkan i dina fingrar och grepptrycket i dina h\u00e4nder.<\/p>\n<p>Du kan enkelt h\u00e5lla det i toppen eller utmana dig sj\u00e4lv med sidogreppen med en eller tv\u00e5 h\u00e4nder.<\/p>\n<p>Det \u00e4r <strong>ett grepp f\u00f6r att f\u00f6rb\u00e4ttra din styrka och uth\u00e5llighet inom kl\u00e4ttring<\/strong>, OCR, ninja-utmaningar och Crossfit.<\/p>\n<p>F\u00e4rgerna p\u00e5 Grand Poseidon kan variera fr\u00e5n bilden. Om du vill v\u00e4lja en specifik f\u00e4rg, kontakta oss.<\/p>\n<p>Detta m\u00e5ngsidiga suspensionsverktyg h\u00e4ngs enkelt upp p\u00e5 en pull-up-st\u00e5ng, i parken eller p\u00e5 en gren, vilket m\u00f6jligg\u00f6r en m\u00e4ngd olika \u00f6vningar var som helst. Karbinhake med s\u00e4kerhetsl\u00e5s ing\u00e5r.<\/p>\n<p><strong><em>Grand Poseidon<\/em><\/strong> \u00e4r ett exceptionellt verktyg f\u00f6r <strong>tr\u00e4ning inom OCR, calisthenics, ninja-utmaningar, kl\u00e4ttring, Crossfit, gymnastik<\/strong> och mycket mer. Dessutom ger det inte bara en effektiv tr\u00e4ning, utan ocks\u00e5 mycket n\u00f6je. V\u00e5gar du prova?<\/p>\n","protected":false},"excerpt":{"rendered":"<ul>\n<li>Upph\u00e4ngning med sidof\u00e4sten.<\/li>\n<li>En perfekt ergonomi f\u00f6r grepp med en eller tv\u00e5 h\u00e4nder.<\/li>\n<li>Mjukt men mycket greppv\u00e4nligt material.<\/li>\n<li>En fantastisk verktyg f\u00f6r v\u00e5ra kl\u00e4ttringstr\u00e4ningar, OCR, ninjautmaningar och Crossfit.<\/li>\n<\/ul>\n","protected":false},"featured_media":15700,"comment_status":"open","ping_status":"closed","template":"","meta":[],"product_brand":[],"product_cat":[416,515,517],"product_tag":[],"class_list":{"0":"post-17354","1":"product","2":"type-product","3":"status-publish","4":"has-post-thumbnail","6":"product_cat-hinderbana","7":"product_cat-traning","8":"product_cat-upphangningar","10":"first","11":"instock","12":"featured","13":"taxable","14":"shipping-taxable","15":"purchasable","16":"product-type-simple"},"_links":{"self":[{"href":"https:\/\/topholds.com\/sv\/wp-json\/wp\/v2\/product\/17354","targetHints":{"allow":["GET"]}}],"collection":[{"href":"https:\/\/topholds.com\/sv\/wp-json\/wp\/v2\/product"}],"about":[{"href":"https:\/\/topholds.com\/sv\/wp-json\/wp\/v2\/types\/product"}],"replies":[{"embeddable":true,"href":"https:\/\/topholds.com\/sv\/wp-json\/wp\/v2\/comments?post=17354"}],"wp:featuredmedia":[{"embeddable":true,"href":"https:\/\/topholds.com\/sv\/wp-json\/wp\/v2\/media\/15700"}],"wp:attachment":[{"href":"https:\/\/topholds.com\/sv\/wp-json\/wp\/v2\/media?parent=17354"}],"wp:term":[{"taxonomy":"product_brand","embeddable":true,"href":"https:\/\/topholds.com\/sv\/wp-json\/wp\/v2\/product_brand?post=17354"},{"taxonomy":"product_cat","embeddable":true,"href":"https:\/\/topholds.com\/sv\/wp-json\/wp\/v2\/product_cat?post=17354"},{"taxonomy":"product_tag","embeddable":true,"href":"https:\/\/topholds.com\/sv\/wp-json\/wp\/v2\/product_tag?post=17354"}],"curies":[{"name":"wp","href":"https:\/\/api.w.org\/{rel}","templated":true}]}}