{"id":21242,"date":"2024-09-04T10:41:59","date_gmt":"2024-09-04T10:41:59","guid":{"rendered":"https:\/\/topholds.com\/?post_type=product&#038;p=21242"},"modified":"2026-03-06T04:17:34","modified_gmt":"2026-03-06T04:17:34","slug":"monster","status":"publish","type":"product","link":"https:\/\/topholds.com\/sv\/erbjudande\/hinderbana\/traning\/upphangningar\/monster\/","title":{"rendered":"Hinderbana Upph\u00e4ngningar Monster Grips"},"content":{"rendered":"<p>Monster Grips: Dominera Hinderbana Upph\u00e4ngningar<\/p>\n<p>Vad \u00e4r Monster Grips?<\/p>\n<p>Monster Grips \u00e4r greppet f\u00f6r OCR-atleter, utformat specifikt f\u00f6r att f\u00f6rfina din teknik f\u00f6r upph\u00e4ngning och h\u00f6ja din prestation i hinderlopp.<\/p>\n<p>&nbsp;<\/p>\n<p><strong>Nyckelf\u00f6rdelar:<\/strong><\/p>\n<p><strong>-St\u00e4rker din hand- och underarmsstyrka och uth\u00e5llighet:<\/strong><\/p>\n<p>Detta tr\u00e4ningsgrepp \u00e4r specifikt utformat f\u00f6r att utmana och f\u00f6rb\u00e4ttra fingerstyrka, handstyrka och underarmar, viktiga f\u00f6r att bem\u00e4stra hinderlopp och kl\u00e4ttringstr\u00e4ning.<\/p>\n<p><strong>-F\u00f6rb\u00e4ttra din teknik:<\/strong><\/p>\n<p>Enkel grepp tack vare dess f\u00f6rl\u00e4ngda, b\u00f6jda och koniska form. Den m\u00f6jligg\u00f6r tr\u00e4ning av olika grepptekniker och hj\u00e4lper till att f\u00f6rfina f\u00e4rdighet och koordination som beh\u00f6vs i disciplin\u00ader som kl\u00e4ttring och hinder.<\/p>\n<p><strong>-Enast\u00e5ende m\u00e5ngsidighet:<\/strong><\/p>\n<p>Med sin anpassningsbara design kan detta grepp enkelt h\u00e4ngas fr\u00e5n st\u00e4nger, strukturer och till och med tr\u00e4d, vilket ger flera tr\u00e4ningsm\u00f6jligheter i olika milj\u00f6er.<\/p>\n<p><strong>-Maximal b\u00e4rbarhet:<\/strong><\/p>\n<p>L\u00e4tt och kompakt, detta grepp \u00e4r l\u00e4tt att transportera, vilket g\u00f6r att du kan ta det \u00f6verallt f\u00f6r tr\u00e4ning, hemma, p\u00e5 gymmet eller utomhus.<\/p>\n<p><strong>-H\u00e5llbarhet garanterad:<\/strong><\/p>\n<p>Material med h\u00f6g h\u00e5llfasthet<\/p>\n<p>Designat f\u00f6r intensivt och l\u00e5ngvarigt bruk<\/p>\n<p>&nbsp;<\/p>\n<p><strong>Varf\u00f6r v\u00e4lja Monster Grips?<\/strong><\/p>\n<p>Bevisad Effekt: Skapad av och f\u00f6r OCR-atleter<\/p>\n<p>Helhetlig tr\u00e4ning: F\u00f6rb\u00e4ttrar styrka, teknik och sj\u00e4lvf\u00f6rtroende<\/p>\n<p>P\u00e5tagliga resultat: K\u00e4nn skillnaden i ditt n\u00e4sta lopp<\/p>\n<p>H\u00f6j din prestation i hinderbanor nu!<\/p>\n<p>Optimera din upph\u00e4ngning f\u00f6r hinderbanor idag och er\u00f6vra banan imorgon!<\/p>\n<p>&nbsp;<\/p>\n<p>F\u00e4rgerna kanske inte \u00e4r de p\u00e5 bilden (kontakta oss om du vill ha en speciell).<\/p>\n","protected":false},"excerpt":{"rendered":"<p>&nbsp;<\/p>\n<ul>\n<li>Den koniska formen ger bra grepp f\u00f6r din tr\u00e4ning.<\/li>\n<li>L\u00e4tta och enkla att ta med dig \u00f6verallt.<\/li>\n<li>F\u00f6rb\u00e4ttra din greppstyrka, uth\u00e5llighet och muskelkontroll.<\/li>\n<li>Material av h\u00f6g h\u00e5llfasthet.<\/li>\n<li>Designad f\u00f6r intensiv och l\u00e5ngvarig anv\u00e4ndning.<\/li>\n<li>Textur mycket greppv\u00e4nlig och mjuk.<\/li>\n<\/ul>\n","protected":false},"featured_media":21249,"comment_status":"open","ping_status":"closed","template":"","meta":[],"product_brand":[],"product_cat":[416,515,517],"product_tag":[],"class_list":{"0":"post-21242","1":"product","2":"type-product","3":"status-publish","4":"has-post-thumbnail","6":"product_cat-hinderbana","7":"product_cat-traning","8":"product_cat-upphangningar","10":"first","11":"instock","12":"featured","13":"taxable","14":"shipping-taxable","15":"purchasable","16":"product-type-simple"},"_links":{"self":[{"href":"https:\/\/topholds.com\/sv\/wp-json\/wp\/v2\/product\/21242","targetHints":{"allow":["GET"]}}],"collection":[{"href":"https:\/\/topholds.com\/sv\/wp-json\/wp\/v2\/product"}],"about":[{"href":"https:\/\/topholds.com\/sv\/wp-json\/wp\/v2\/types\/product"}],"replies":[{"embeddable":true,"href":"https:\/\/topholds.com\/sv\/wp-json\/wp\/v2\/comments?post=21242"}],"wp:featuredmedia":[{"embeddable":true,"href":"https:\/\/topholds.com\/sv\/wp-json\/wp\/v2\/media\/21249"}],"wp:attachment":[{"href":"https:\/\/topholds.com\/sv\/wp-json\/wp\/v2\/media?parent=21242"}],"wp:term":[{"taxonomy":"product_brand","embeddable":true,"href":"https:\/\/topholds.com\/sv\/wp-json\/wp\/v2\/product_brand?post=21242"},{"taxonomy":"product_cat","embeddable":true,"href":"https:\/\/topholds.com\/sv\/wp-json\/wp\/v2\/product_cat?post=21242"},{"taxonomy":"product_tag","embeddable":true,"href":"https:\/\/topholds.com\/sv\/wp-json\/wp\/v2\/product_tag?post=21242"}],"curies":[{"name":"wp","href":"https:\/\/api.w.org\/{rel}","templated":true}]}}