{"id":21969,"date":"2025-03-07T15:12:11","date_gmt":"2025-03-07T15:12:11","guid":{"rendered":"https:\/\/topholds.com\/?post_type=product&#038;p=21969"},"modified":"2026-03-14T16:59:46","modified_gmt":"2026-03-14T16:59:46","slug":"polyhedron-grips","status":"publish","type":"product","link":"https:\/\/topholds.com\/sv\/erbjudande\/hinderbana\/traning\/upphangningar\/polyhedron-grips\/","title":{"rendered":"Hinderbana Upph\u00e4ngningar Polyhedron Grips"},"content":{"rendered":"<p><strong>Polyhedron Grips \u00e4r ett tr\u00e4ningsgrepp f\u00f6r h\u00e4ngningar och drag.<\/strong><\/p>\n<p>Den <em>OCR Polyhedron Grepp-h\u00e4ngningen<\/em> \u00e4r utformad f\u00f6r att ta dina <strong>kl\u00e4ttrings-, OCR- och CrossFit-tr\u00e4ningar<\/strong> till n\u00e4sta niv\u00e5. Med fyra plana sidor, men med mycket rundade kanter, har den en perfekt ergonomi f\u00f6r handen, kombinerad med en mjuk men greppv\u00e4nlig textur som <strong>garanterar ett optimalt grepp<\/strong>.<\/p>\n<p>Den hj\u00e4lper till att \u00f6ka handens gripstyrka genom att greppa den fr\u00e5n sidan. Den har ocks\u00e5 ett rundat och l\u00e4tt \u00f6vre grepp.<\/p>\n<p><strong>Polyhedron Grepparna<\/strong> \u00e4r extremt l\u00e4tta, vilket g\u00f6r dem till det <strong>perfekta valet att ta med till dina tr\u00e4ningspass var du \u00e4n befinner dig<\/strong>. Dessutom har vi valt ett dubbelh\u00e4rdat 6 mm rep av flera sk\u00e4l:<\/p>\n<ul>\n<li>Inga hinder som st\u00f6r greppet<\/li>\n<li>P\u00e5 bara 3 sekunder anv\u00e4nder du en knut av typen alondra f\u00f6r att h\u00e4nga dem fr\u00e5n vilken gren, pull-up-st\u00e5ng osv.<\/li>\n<li>Anv\u00e4nder en karbinhake f\u00f6r att h\u00e4nga dem i takutg\u00e5ngar eller \u00f6verh\u00e4ng<\/li>\n<\/ul>\n<p>T\u00e4nk p\u00e5 att produktens f\u00e4rger kan skilja sig fr\u00e5n bilden som visas. Om du vill ha en specifik f\u00e4rg, tveka inte att kontakta oss.<\/p>\n","protected":false},"excerpt":{"rendered":"<ul>\n<li>F\u00e4ste f\u00f6r Suspensions\/Tracciones.<\/li>\n<li>Hj\u00e4lper till att \u00f6ka handens greppstyrka.<\/li>\n<li>Mycket l\u00e4tta, perfekta f\u00f6r att ta med till tr\u00e4ningar \u00f6verallt.<\/li>\n<li>Inga hinder i greppet.<\/li>\n<li>Med en karbinhake h\u00e4nger vi dem f\u00f6r tak- eller v\u00e4ggh\u00e4ng.<\/li>\n<\/ul>\n","protected":false},"featured_media":21976,"comment_status":"open","ping_status":"closed","template":"","meta":[],"product_brand":[],"product_cat":[416,515,517],"product_tag":[],"class_list":{"0":"post-21969","1":"product","2":"type-product","3":"status-publish","4":"has-post-thumbnail","6":"product_cat-hinderbana","7":"product_cat-traning","8":"product_cat-upphangningar","10":"first","11":"instock","12":"taxable","13":"shipping-taxable","14":"purchasable","15":"product-type-simple"},"_links":{"self":[{"href":"https:\/\/topholds.com\/sv\/wp-json\/wp\/v2\/product\/21969","targetHints":{"allow":["GET"]}}],"collection":[{"href":"https:\/\/topholds.com\/sv\/wp-json\/wp\/v2\/product"}],"about":[{"href":"https:\/\/topholds.com\/sv\/wp-json\/wp\/v2\/types\/product"}],"replies":[{"embeddable":true,"href":"https:\/\/topholds.com\/sv\/wp-json\/wp\/v2\/comments?post=21969"}],"wp:featuredmedia":[{"embeddable":true,"href":"https:\/\/topholds.com\/sv\/wp-json\/wp\/v2\/media\/21976"}],"wp:attachment":[{"href":"https:\/\/topholds.com\/sv\/wp-json\/wp\/v2\/media?parent=21969"}],"wp:term":[{"taxonomy":"product_brand","embeddable":true,"href":"https:\/\/topholds.com\/sv\/wp-json\/wp\/v2\/product_brand?post=21969"},{"taxonomy":"product_cat","embeddable":true,"href":"https:\/\/topholds.com\/sv\/wp-json\/wp\/v2\/product_cat?post=21969"},{"taxonomy":"product_tag","embeddable":true,"href":"https:\/\/topholds.com\/sv\/wp-json\/wp\/v2\/product_tag?post=21969"}],"curies":[{"name":"wp","href":"https:\/\/api.w.org\/{rel}","templated":true}]}}