{"id":21992,"date":"2025-03-07T16:38:57","date_gmt":"2025-03-07T16:38:57","guid":{"rendered":"https:\/\/topholds.com\/?post_type=product&#038;p=21992"},"modified":"2026-04-01T20:41:07","modified_gmt":"2026-04-01T20:41:07","slug":"low-grips","status":"publish","type":"product","link":"https:\/\/topholds.com\/sv\/erbjudande\/hinderbana\/traning\/upphangningar\/low-grips\/","title":{"rendered":"Hinderbana Upph\u00e4ngningar L\u00e5ga Kl\u00e4ttergrepp"},"content":{"rendered":"<p><strong>Low Grips<\/strong> \u00e4r ett mycket kr\u00e4vande element av <strong>Hinderbana Upph\u00e4ngningar<\/strong> som \u00e4r utformat f\u00f6r att tr\u00e4na pinchgrepp.<\/p>\n<p>Greppet utf\u00f6rs fr\u00e5n botten mot toppen, blir s\u00e5ledes upph\u00e4ngt endast av tummens motst\u00e5nd mot resten av fingrarna, som kommer att ha sitt starkaste st\u00f6d i cylinderns \u00f6vre del.<\/p>\n<p>Det \u00e4r avsett f\u00f6r krafttr\u00e4ning i statiskt l\u00e4ge p\u00e5 tv\u00e5 grepp p\u00e5 grund av dess komplexitet, men vi \u00e4r s\u00e4kra p\u00e5 att snart kommer vi att se atleter som utf\u00f6r dynamiska steg och kombinationer.<\/p>\n<p>M\u00e5let med detta grepp \u00e4r att bidra till v\u00e5ra kl\u00e4ttrings- och hinderbana tr\u00e4ningar med en av de mest komplexa greppen som finns och forts\u00e4tta bidra till att st\u00e4rka v\u00e5ra fingrar tack vare kvaliteten och m\u00e5ngsidigheten hos v\u00e5ra delar.<\/p>\n<p>&nbsp;<\/p>\n<p>F\u00e4rgerna p\u00e5 Low Grips kan variera j\u00e4mf\u00f6rt med bilden. Om du vill v\u00e4lja en specifik f\u00e4rg, kontakta oss.<\/p>\n<p>Denna m\u00e5ngsidiga upph\u00e4ngning h\u00e4nger enkelt i en pull-up-st\u00e5ng, i parken eller i en gren, vilket g\u00f6r det m\u00f6jligt att utf\u00f6ra ett brett utbud av \u00f6vningar var som helst.<\/p>\n<p>Det \u00e4r ett extraordin\u00e4rt grepp f\u00f6r att f\u00f6rb\u00e4ttra din styrka och uth\u00e5llighet i kl\u00e4ttring, hinderbana, calisthenics, ninja-utmaningar och Crossfit. V\u00e5gar du prova det?<\/p>\n<p>&nbsp;<\/p>\n","protected":false},"excerpt":{"rendered":"<ul>\n<li>Hinderbana Upph\u00e4ngningar mycket kr\u00e4vande, utformade f\u00f6r att tr\u00e4na pinchgrepp.<\/li>\n<li>F\u00f6rb\u00e4ttrar fingerstyrkan.<\/li>\n<li>Texturen \u00e4r mjuk men mycket greppfast.<\/li>\n<li>Ett brutalt verktyg f\u00f6r v\u00e5r kl\u00e4ttringstr\u00e4ning, Hinderbana Tr\u00e4ning, Calisthenics, ninja utmaningar och Crossfit.<\/li>\n<\/ul>\n","protected":false},"featured_media":22007,"comment_status":"open","ping_status":"closed","template":"","meta":[],"product_brand":[],"product_cat":[416,515,517],"product_tag":[],"class_list":{"0":"post-21992","1":"product","2":"type-product","3":"status-publish","4":"has-post-thumbnail","6":"product_cat-hinderbana","7":"product_cat-traning","8":"product_cat-upphangningar","10":"first","11":"instock","12":"featured","13":"taxable","14":"shipping-taxable","15":"purchasable","16":"product-type-simple"},"_links":{"self":[{"href":"https:\/\/topholds.com\/sv\/wp-json\/wp\/v2\/product\/21992","targetHints":{"allow":["GET"]}}],"collection":[{"href":"https:\/\/topholds.com\/sv\/wp-json\/wp\/v2\/product"}],"about":[{"href":"https:\/\/topholds.com\/sv\/wp-json\/wp\/v2\/types\/product"}],"replies":[{"embeddable":true,"href":"https:\/\/topholds.com\/sv\/wp-json\/wp\/v2\/comments?post=21992"}],"wp:featuredmedia":[{"embeddable":true,"href":"https:\/\/topholds.com\/sv\/wp-json\/wp\/v2\/media\/22007"}],"wp:attachment":[{"href":"https:\/\/topholds.com\/sv\/wp-json\/wp\/v2\/media?parent=21992"}],"wp:term":[{"taxonomy":"product_brand","embeddable":true,"href":"https:\/\/topholds.com\/sv\/wp-json\/wp\/v2\/product_brand?post=21992"},{"taxonomy":"product_cat","embeddable":true,"href":"https:\/\/topholds.com\/sv\/wp-json\/wp\/v2\/product_cat?post=21992"},{"taxonomy":"product_tag","embeddable":true,"href":"https:\/\/topholds.com\/sv\/wp-json\/wp\/v2\/product_tag?post=21992"}],"curies":[{"name":"wp","href":"https:\/\/api.w.org\/{rel}","templated":true}]}}