{"id":22034,"date":"2025-03-07T18:39:55","date_gmt":"2025-03-07T18:39:55","guid":{"rendered":"https:\/\/topholds.com\/?post_type=product&#038;p=22034"},"modified":"2026-03-06T05:58:14","modified_gmt":"2026-03-06T05:58:14","slug":"climb3","status":"publish","type":"product","link":"https:\/\/topholds.com\/sv\/erbjudande\/hinderbana\/traning\/upphangningar\/climb3\/","title":{"rendered":"Hinderbana Upph\u00e4ngningar Climb 3"},"content":{"rendered":"<div><strong>OCR Clim 3<\/strong>. Det ultimata greppet som kommer att f\u00f6rvandla din tr\u00e4ning och f\u00e5 dig att njuta av varje utmaning!<\/div>\n<div>Detta nya TopHolds \u00e4r ett oumb\u00e4rligt verktyg f\u00f6r att ta din styrka och uth\u00e5llighet till n\u00e4sta niv\u00e5.<\/div>\n<div>Med tre sv\u00e5righetsniv\u00e5er, en \u00f6verst och tv\u00e5 p\u00e5 sidorna, erbjuder den dig o\u00e4ndliga s\u00e4tt att klara det. Den tippande r\u00f6relsen kommer att testa din kontroll och tvinga dig att aktivera tummen i l\u00e5nga dynamiska steg.<\/div>\n<div>Det \u00e4r inte bara ett hinder, det \u00e4r ren adrenalin och roligt i varje tr\u00e4ning.<\/div>\n<div>Tack vare dess perfekta ergonomi och dess mjuka men greppv\u00e4nliga textur ger den dig maximal s\u00e4kerhet och komfort, samtidigt som den minskar risken f\u00f6r skador.<\/div>\n<div>N\u00f6dv\u00e4ndig f\u00f6r <strong>Hinderbana Upph\u00e4ngningar<\/strong>, kl\u00e4ttring och calisthenics.<\/div>\n<div>Tr\u00e4na, \u00f6vertr\u00e4ffa dig sj\u00e4lv och ha roligt som aldrig f\u00f6rr. Dominera det och bryt dina gr\u00e4nser!<\/div>\n<div>F\u00e4rgerna p\u00e5 OCR Climb 3 kan variera j\u00e4mf\u00f6rt med bilden. Om du vill v\u00e4lja en specifik f\u00e4rg, kontakta oss.<\/div>\n<div>Denna m\u00e5ngsidiga upph\u00e4ngning h\u00e4nger l\u00e4tt i en pull-up-st\u00e5ng, i parken eller i en gren, vilket g\u00f6r att du kan utf\u00f6ra ett brett utbud av \u00f6vningar var som helst.<\/div>\n<div>Maximera potentialen av <em>Hinderbana Upph\u00e4ngningar <b>OCR Climb 3 <\/b><\/em> genom att kombinera den med andra i vertikalt l\u00e4ge, vilket skapar unika utmaningar som passar dina behov. Dess noggrant genomt\u00e4nkta design g\u00f6r att du kan utnyttja dina tr\u00e4ningspass till fullo, utan behov av mycket utrymme f\u00f6r att genomf\u00f6ra kombinationer av vilken l\u00e4ngd som helst.<\/div>\n","protected":false},"excerpt":{"rendered":"<ul>\n<li>Hinderbana Upph\u00e4ngningar med tre sv\u00e5righetsniv\u00e5er.<\/li>\n<li>En perfekt ergonomi f\u00f6r ett grepp med en hand eller tv\u00e5 h\u00e4nder.<\/li>\n<li>Mjuk men mycket vidh\u00e4ftande textur.<\/li>\n<li>Ett oumb\u00e4rligt verktyg f\u00f6r v\u00e5r kl\u00e4ttringstr\u00e4ning, Hinderbana Tr\u00e4ning, ninjautmaningar och Crossfit.<\/li>\n<\/ul>\n","protected":false},"featured_media":21999,"comment_status":"open","ping_status":"closed","template":"","meta":[],"product_brand":[],"product_cat":[416,515,517],"product_tag":[],"class_list":{"0":"post-22034","1":"product","2":"type-product","3":"status-publish","4":"has-post-thumbnail","6":"product_cat-hinderbana","7":"product_cat-traning","8":"product_cat-upphangningar","10":"first","11":"instock","12":"featured","13":"taxable","14":"shipping-taxable","15":"purchasable","16":"product-type-simple"},"_links":{"self":[{"href":"https:\/\/topholds.com\/sv\/wp-json\/wp\/v2\/product\/22034","targetHints":{"allow":["GET"]}}],"collection":[{"href":"https:\/\/topholds.com\/sv\/wp-json\/wp\/v2\/product"}],"about":[{"href":"https:\/\/topholds.com\/sv\/wp-json\/wp\/v2\/types\/product"}],"replies":[{"embeddable":true,"href":"https:\/\/topholds.com\/sv\/wp-json\/wp\/v2\/comments?post=22034"}],"wp:featuredmedia":[{"embeddable":true,"href":"https:\/\/topholds.com\/sv\/wp-json\/wp\/v2\/media\/21999"}],"wp:attachment":[{"href":"https:\/\/topholds.com\/sv\/wp-json\/wp\/v2\/media?parent=22034"}],"wp:term":[{"taxonomy":"product_brand","embeddable":true,"href":"https:\/\/topholds.com\/sv\/wp-json\/wp\/v2\/product_brand?post=22034"},{"taxonomy":"product_cat","embeddable":true,"href":"https:\/\/topholds.com\/sv\/wp-json\/wp\/v2\/product_cat?post=22034"},{"taxonomy":"product_tag","embeddable":true,"href":"https:\/\/topholds.com\/sv\/wp-json\/wp\/v2\/product_tag?post=22034"}],"curies":[{"name":"wp","href":"https:\/\/api.w.org\/{rel}","templated":true}]}}