{"id":22075,"date":"2025-03-17T18:33:30","date_gmt":"2025-03-17T18:33:30","guid":{"rendered":"https:\/\/topholds.com\/?post_type=product&#038;p=22075"},"modified":"2026-03-06T03:04:05","modified_gmt":"2026-03-06T03:04:05","slug":"ring-grips","status":"publish","type":"product","link":"https:\/\/topholds.com\/sv\/erbjudande\/hinderbana\/traning\/upphangningar\/ring-grips\/","title":{"rendered":"Hinderbana Upph\u00e4ngningar Ringgrepp"},"content":{"rendered":"<p><strong>Hinderbana Upph\u00e4ngningar Ring Grips<\/strong> h\u00e5llbarhet och m\u00e5ngsidighet f\u00f6r hela familjen<\/p>\n<p>Optimera din tr\u00e4ning med <strong>Ring Grips<\/strong> designade f\u00f6r att erbjuda stabilitet, h\u00e5llbarhet och en exceptionell prestanda.<\/p>\n<p>De garanterar ett fast och bekv\u00e4mt grepp.<\/p>\n<p>\u00c4r idealiska f\u00f6r Hinderbana, calisthenics, gymnastik och funktionell tr\u00e4ning, och till\u00e5ter ett brett urval av r\u00f6relser som st\u00e4rker k\u00e4rnmusklerna, ryggen, armarna och axlarna.<\/p>\n<p>Anv\u00e4nd den som en vanlig ring eller f\u00f6r att variera greppen i TRX eller gymmaskiner, och mycket mer.<\/p>\n<p>Dessutom \u00e4r dess design s\u00e4ker och l\u00e4mplig f\u00f6r barn, vilket fr\u00e4mjar fysisk aktivitet och utvecklingen av koordination, styrka och sj\u00e4lvf\u00f6rtroende fr\u00e5n tidig \u00e5lder. Perfekt f\u00f6r lek och tr\u00e4ning f\u00f6r barn hemma, p\u00e5 gymmet eller utomhus.<\/p>\n<p>Dess design g\u00f6r att den enkelt kan h\u00e4ngas i pullupst\u00e4nger, lekparker, grenar eller andra ytor, vilket ger dig m\u00f6jlighet att utf\u00f6ra ett brett utbud av \u00f6vningar var som helst.<\/p>\n<p>Upplev den perfekta balansen mellan tr\u00e4ning och n\u00f6je med <strong>Ring Grips<\/strong>, verktyget som revolutionerar s\u00e4ttet du tr\u00e4nar p\u00e5.<\/p>\n<p>F\u00e4rgerna kanske inte \u00e4r som p\u00e5 bilden, kontakta oss om du vill ha en speciell f\u00e4rg.<\/p>\n","protected":false},"excerpt":{"rendered":"<ul>\n<li>Ergonomisk design f\u00f6r \u00f6kad komfort och stabilitet.<\/li>\n<li>Mycket t\u00e5liga, l\u00e4mpliga f\u00f6r vuxna och barn.<\/li>\n<li>Perfekt f\u00f6r kl\u00e4ttring, Hinderbana, kroppsvikts\u00f6vningar, ninjautmaningar, CrossFit, gymnastik och mer.<\/li>\n<li>Allsidighet f\u00f6r olika tr\u00e4ningsniv\u00e5er.<\/li>\n<\/ul>\n","protected":false},"featured_media":22093,"comment_status":"open","ping_status":"closed","template":"","meta":[],"product_brand":[],"product_cat":[416,515,517],"product_tag":[],"class_list":{"0":"post-22075","1":"product","2":"type-product","3":"status-publish","4":"has-post-thumbnail","6":"product_cat-hinderbana","7":"product_cat-traning","8":"product_cat-upphangningar","10":"first","11":"instock","12":"sale","13":"taxable","14":"shipping-taxable","15":"purchasable","16":"product-type-simple"},"_links":{"self":[{"href":"https:\/\/topholds.com\/sv\/wp-json\/wp\/v2\/product\/22075","targetHints":{"allow":["GET"]}}],"collection":[{"href":"https:\/\/topholds.com\/sv\/wp-json\/wp\/v2\/product"}],"about":[{"href":"https:\/\/topholds.com\/sv\/wp-json\/wp\/v2\/types\/product"}],"replies":[{"embeddable":true,"href":"https:\/\/topholds.com\/sv\/wp-json\/wp\/v2\/comments?post=22075"}],"wp:featuredmedia":[{"embeddable":true,"href":"https:\/\/topholds.com\/sv\/wp-json\/wp\/v2\/media\/22093"}],"wp:attachment":[{"href":"https:\/\/topholds.com\/sv\/wp-json\/wp\/v2\/media?parent=22075"}],"wp:term":[{"taxonomy":"product_brand","embeddable":true,"href":"https:\/\/topholds.com\/sv\/wp-json\/wp\/v2\/product_brand?post=22075"},{"taxonomy":"product_cat","embeddable":true,"href":"https:\/\/topholds.com\/sv\/wp-json\/wp\/v2\/product_cat?post=22075"},{"taxonomy":"product_tag","embeddable":true,"href":"https:\/\/topholds.com\/sv\/wp-json\/wp\/v2\/product_tag?post=22075"}],"curies":[{"name":"wp","href":"https:\/\/api.w.org\/{rel}","templated":true}]}}