{"id":22688,"date":"2025-09-05T11:59:51","date_gmt":"2025-09-05T11:59:51","guid":{"rendered":"https:\/\/topholds.com\/?post_type=product&#038;p=22688"},"modified":"2026-03-06T02:31:58","modified_gmt":"2026-03-06T02:31:58","slug":"barrel-grips","status":"publish","type":"product","link":"https:\/\/topholds.com\/sv\/erbjudande\/hinderbana\/traning\/upphangningar\/barrel-grips\/","title":{"rendered":"Hinderbana Upph\u00e4ngningar Barrel Grips"},"content":{"rendered":"<p><strong>Barrel Grips \u00e4r en kombination av tv\u00e5 greppformer f\u00f6r upph\u00e4ngningar\/dragningar<\/strong>, som \u00e4r m\u00e5ngsidig och utformad f\u00f6r en eller tv\u00e5 h\u00e4nder.<\/p>\n<p><em>Barrel Grips upph\u00e4ngningar<\/em> har tv\u00e5 sv\u00e5righetsniv\u00e5er:<\/p>\n<ol>\n<li>Ett plant grepp \u00f6verst, som l\u00e5ter repet ligga mellan fingrarna och tvingar dig att tr\u00e4na fingrarnas f\u00f6rsta falanger.<\/li>\n<li>Ett ovalformat grepp med en maximal diameter p\u00e5 85 mm. Det \u00e4r ett kr\u00e4vande grepp, avsett att stimulera och \u00f6ka pinchgreppets styrka. V\u00e4lj den utmaning som passar dig b\u00e4st!<\/li>\n<\/ol>\n<p>Med en ergonomisk design som passar handen perfekt och en mjuk yta \u00e4r detta grepp ett utm\u00e4rkt verktyg f\u00f6r kl\u00e4ttringstr\u00e4ning, hinderbana eller Crossfit.<\/p>\n<p>Trots sin robusthet \u00e4r dessa grepp l\u00e4tta och idealiska att b\u00e4ra i ryggs\u00e4cken och tr\u00e4na var som helst.<\/p>\n<p>Utrustade med ett dubbelt 6 mm sn\u00f6re ger flera f\u00f6rdelar:<\/p>\n<ul>\n<li>Det st\u00f6r inte greppet.<\/li>\n<li>De kan l\u00e4tt h\u00e4ngas upp i grenar, pull-up-st\u00e4nger osv., med Bowlineknut p\u00e5 bara 3 sekunder.<\/li>\n<li>Med en karabiner kan de h\u00e4ngas upp f\u00f6r tak- eller \u00f6verh\u00e4ng.<\/li>\n<\/ul>\n<p>Det finns inga urs\u00e4kter f\u00f6r att inte l\u00e4gga till lite utmaning i din dagliga tr\u00e4ning.<\/p>\n<p>Observera att f\u00e4rgerna p\u00e5 produkten kan skilja sig fr\u00e5n de p\u00e5 bilden.<\/p>\n","protected":false},"excerpt":{"rendered":"<ul>\n<li>En m\u00e5ngsidig del f\u00f6r upph\u00e4ngningar och drag.<\/li>\n<li>Kl\u00e4ttergrepp f\u00f6r en eller tv\u00e5 h\u00e4nder.<\/li>\n<li>Tv\u00e5 sv\u00e5righetsniv\u00e5er.<\/li>\n<li>L\u00e4mplig f\u00f6r kl\u00e4ttringstr\u00e4ningar, hinderbana Tr\u00e4ning eller Crossfit.<\/li>\n<li>Det finns inga st\u00f6rningar i greppet.<\/li>\n<\/ul>\n","protected":false},"featured_media":22709,"comment_status":"open","ping_status":"closed","template":"","meta":[],"product_brand":[],"product_cat":[416,515,517],"product_tag":[],"class_list":{"0":"post-22688","1":"product","2":"type-product","3":"status-publish","4":"has-post-thumbnail","6":"product_cat-hinderbana","7":"product_cat-traning","8":"product_cat-upphangningar","10":"first","11":"instock","12":"taxable","13":"shipping-taxable","14":"purchasable","15":"product-type-simple"},"_links":{"self":[{"href":"https:\/\/topholds.com\/sv\/wp-json\/wp\/v2\/product\/22688","targetHints":{"allow":["GET"]}}],"collection":[{"href":"https:\/\/topholds.com\/sv\/wp-json\/wp\/v2\/product"}],"about":[{"href":"https:\/\/topholds.com\/sv\/wp-json\/wp\/v2\/types\/product"}],"replies":[{"embeddable":true,"href":"https:\/\/topholds.com\/sv\/wp-json\/wp\/v2\/comments?post=22688"}],"wp:featuredmedia":[{"embeddable":true,"href":"https:\/\/topholds.com\/sv\/wp-json\/wp\/v2\/media\/22709"}],"wp:attachment":[{"href":"https:\/\/topholds.com\/sv\/wp-json\/wp\/v2\/media?parent=22688"}],"wp:term":[{"taxonomy":"product_brand","embeddable":true,"href":"https:\/\/topholds.com\/sv\/wp-json\/wp\/v2\/product_brand?post=22688"},{"taxonomy":"product_cat","embeddable":true,"href":"https:\/\/topholds.com\/sv\/wp-json\/wp\/v2\/product_cat?post=22688"},{"taxonomy":"product_tag","embeddable":true,"href":"https:\/\/topholds.com\/sv\/wp-json\/wp\/v2\/product_tag?post=22688"}],"curies":[{"name":"wp","href":"https:\/\/api.w.org\/{rel}","templated":true}]}}