{"id":22723,"date":"2025-09-05T13:43:05","date_gmt":"2025-09-05T13:43:05","guid":{"rendered":"https:\/\/topholds.com\/?post_type=product&#038;p=22723"},"modified":"2026-01-14T17:49:13","modified_gmt":"2026-01-14T17:49:13","slug":"handtag-for-imperial-pegboard","status":"publish","type":"product","link":"https:\/\/topholds.com\/sv\/erbjudande\/hinderbana\/klatterbrada\/handtag-for-imperial-pegboard\/","title":{"rendered":"Handtag f\u00f6r Imperial pegboard"},"content":{"rendered":"<p>Imperial grepp \u00e4r tv\u00e5 stycken pegboard-h\u00e5llare med boll i \u00e4nden f\u00f6r att \u00f6ka dina tr\u00e4ningsm\u00f6jligheter med detta system.<\/p>\n<p>Upplev maximal h\u00e5llbarhet med v\u00e5ra <strong>speciellt utformade h\u00e5llare f\u00f6r Pegboard och Volcano Balls systemet<\/strong>. Gl\u00f6m vanliga brott p\u00e5 traditionella furuhandtag och njut av en oavbruten tr\u00e4ning.<\/p>\n<p>Dessa extremt t\u00e5liga h\u00e5llare \u00e4r tillverkade av <strong>material av h\u00f6g kvalitet<\/strong> vilket g\u00f6r dem till det perfekta valet f\u00f6r dina intensiva tr\u00e4ningspass.<\/p>\n<p>2 stycken.<\/p>\n","protected":false},"excerpt":{"rendered":"<ul>\n<li>2 handtag med boll f\u00f6r hinderbana tr\u00e4ning med systemet Pegboard.<\/li>\n<li>Tillverkade av extremt t\u00e5lig tr\u00e4 f\u00f6r l\u00e4ngre h\u00e5llbarhet<\/li>\n<li>Designade f\u00f6r att klara intensiva tr\u00e4ningar<\/li>\n<li>Ytan med maximal greppf\u00f6rm\u00e5ga men utan att skada v\u00e5ra h\u00e4nder<\/li>\n<\/ul>\n<p>&nbsp;<\/p>\n","protected":false},"featured_media":22730,"comment_status":"open","ping_status":"closed","template":"","meta":[],"product_brand":[],"product_cat":[416,514],"product_tag":[],"class_list":{"0":"post-22723","1":"product","2":"type-product","3":"status-publish","4":"has-post-thumbnail","6":"product_cat-hinderbana","7":"product_cat-klatterbrada","9":"first","10":"instock","11":"taxable","12":"shipping-taxable","13":"purchasable","14":"product-type-simple"},"_links":{"self":[{"href":"https:\/\/topholds.com\/sv\/wp-json\/wp\/v2\/product\/22723","targetHints":{"allow":["GET"]}}],"collection":[{"href":"https:\/\/topholds.com\/sv\/wp-json\/wp\/v2\/product"}],"about":[{"href":"https:\/\/topholds.com\/sv\/wp-json\/wp\/v2\/types\/product"}],"replies":[{"embeddable":true,"href":"https:\/\/topholds.com\/sv\/wp-json\/wp\/v2\/comments?post=22723"}],"wp:featuredmedia":[{"embeddable":true,"href":"https:\/\/topholds.com\/sv\/wp-json\/wp\/v2\/media\/22730"}],"wp:attachment":[{"href":"https:\/\/topholds.com\/sv\/wp-json\/wp\/v2\/media?parent=22723"}],"wp:term":[{"taxonomy":"product_brand","embeddable":true,"href":"https:\/\/topholds.com\/sv\/wp-json\/wp\/v2\/product_brand?post=22723"},{"taxonomy":"product_cat","embeddable":true,"href":"https:\/\/topholds.com\/sv\/wp-json\/wp\/v2\/product_cat?post=22723"},{"taxonomy":"product_tag","embeddable":true,"href":"https:\/\/topholds.com\/sv\/wp-json\/wp\/v2\/product_tag?post=22723"}],"curies":[{"name":"wp","href":"https:\/\/api.w.org\/{rel}","templated":true}]}}