{"id":22738,"date":"2025-09-05T14:26:18","date_gmt":"2025-09-05T14:26:18","guid":{"rendered":"https:\/\/topholds.com\/?post_type=product&#038;p=22738"},"modified":"2025-09-19T14:36:11","modified_gmt":"2025-09-19T14:36:11","slug":"cannonball","status":"publish","type":"product","link":"https:\/\/topholds.com\/sv\/erbjudande\/hinderbana\/traning\/upphangningar\/cannonball\/","title":{"rendered":"Hinderbana Upph\u00e4ngningar Cannonball"},"content":{"rendered":"<p style=\"text-align: left;\">H\u00f6j din tr\u00e4ning med Cannonball som \u00e4r utformade f\u00f6r att f\u00f6rb\u00e4ttra styrka, uth\u00e5llighet och koordination.<\/p>\n<p style=\"text-align: left;\">Anv\u00e4ndningen \u00e4r enkel: L\u00e5t sn\u00f6rena mellan dina fingrar och st\u00e4ng n\u00e4ven med de tv\u00e5 bollarna inuti f\u00f6r att h\u00e5lla dig sv\u00e4vande.<\/p>\n<p>Denna typ av tr\u00e4ning utvecklar inte bara styrka utan st\u00e4rker ocks\u00e5 f\u00e4rdigheten och kroppskontrollen vilket g\u00f6r den till en kr\u00e4vande och rolig tr\u00e4ning.<\/p>\n<ul>\n<li>Designad f\u00f6r suspension och drag.<\/li>\n<li>Ger ett optimalt grepp med sin mjuka men mycket f\u00e4stande textur.<\/li>\n<li>Praktisk och anpassningsbar till alla tr\u00e4ningsmilj\u00f6er f\u00f6r upph\u00e4ngning.<\/li>\n<li>T\u00e4nk p\u00e5 att f\u00e4rger kan skilja sig fr\u00e5n bilden som visas, s\u00e5 om du vill ha en s\u00e4rskild f\u00e4rg tveka inte att kontakta oss.<\/li>\n<\/ul>\n","protected":false},"excerpt":{"rendered":"<ul>\n<li>F\u00f6rb\u00e4ttra styrkan och uth\u00e5lligheten i greppet.<\/li>\n<li>\u00d6ka koordinationen och kroppskontrollen.<\/li>\n<li>Praktiskt och anpassningsbart till vilken tr\u00e4ningsmilj\u00f6 som helst.<\/li>\n<li>Kompakta, l\u00e4tta och enkla att transportera.<\/li>\n<li>Perfekta f\u00f6r tr\u00e4ningspass med suspension, OCR, kl\u00e4ttring, calisthenics och Crossfit.<\/li>\n<\/ul>\n","protected":false},"featured_media":22702,"comment_status":"open","ping_status":"closed","template":"","meta":[],"product_brand":[],"product_cat":[416,515,517],"product_tag":[],"class_list":{"0":"post-22738","1":"product","2":"type-product","3":"status-publish","4":"has-post-thumbnail","6":"product_cat-hinderbana","7":"product_cat-traning","8":"product_cat-upphangningar","10":"first","11":"instock","12":"taxable","13":"shipping-taxable","14":"purchasable","15":"product-type-simple"},"_links":{"self":[{"href":"https:\/\/topholds.com\/sv\/wp-json\/wp\/v2\/product\/22738","targetHints":{"allow":["GET"]}}],"collection":[{"href":"https:\/\/topholds.com\/sv\/wp-json\/wp\/v2\/product"}],"about":[{"href":"https:\/\/topholds.com\/sv\/wp-json\/wp\/v2\/types\/product"}],"replies":[{"embeddable":true,"href":"https:\/\/topholds.com\/sv\/wp-json\/wp\/v2\/comments?post=22738"}],"wp:featuredmedia":[{"embeddable":true,"href":"https:\/\/topholds.com\/sv\/wp-json\/wp\/v2\/media\/22702"}],"wp:attachment":[{"href":"https:\/\/topholds.com\/sv\/wp-json\/wp\/v2\/media?parent=22738"}],"wp:term":[{"taxonomy":"product_brand","embeddable":true,"href":"https:\/\/topholds.com\/sv\/wp-json\/wp\/v2\/product_brand?post=22738"},{"taxonomy":"product_cat","embeddable":true,"href":"https:\/\/topholds.com\/sv\/wp-json\/wp\/v2\/product_cat?post=22738"},{"taxonomy":"product_tag","embeddable":true,"href":"https:\/\/topholds.com\/sv\/wp-json\/wp\/v2\/product_tag?post=22738"}],"curies":[{"name":"wp","href":"https:\/\/api.w.org\/{rel}","templated":true}]}}