{"id":22867,"date":"2025-09-06T11:28:19","date_gmt":"2025-09-06T11:28:19","guid":{"rendered":"https:\/\/topholds.com\/oferta\/okategoriserad\/hinderbana-grepp-cazo-2\/"},"modified":"2025-09-18T03:01:26","modified_gmt":"2025-09-18T03:01:26","slug":"hinderbana-grepp-cazo-2","status":"publish","type":"product","link":"https:\/\/topholds.com\/sv\/erbjudande\/hinderbana\/traning\/grepp\/hinderbana-grepp-cazo-2\/","title":{"rendered":"Hinderbana Grepp Cazo 2"},"content":{"rendered":"<p><strong>Cazo 2 \u00e4r ett Hinderbana Grepp<\/strong> som \u00e4r speciellt utformat f\u00f6r <strong>drag och upph\u00e4ngningar<\/strong>, perfekt f\u00f6r anv\u00e4ndning i OCR-ropesuspended kl\u00e4tterv\u00e4ggar, campus board, blocknedstigningsleder och tak.<\/p>\n<p>Detta <em>Hinderbana Grepp<\/em> m\u00f6jligg\u00f6r grepp med en eller tv\u00e5 h\u00e4nder i olika vinklar p\u00e5 handleden utan att beh\u00f6va flytta greppet. Dess design ger st\u00f6rre m\u00e5ngsidighet i dina tr\u00e4ningspass och utmaningar.<\/p>\n<p>\u00d6verkanten \u00e4r <strong>utformad f\u00f6r att ge ett bekv\u00e4mt och optimalt st\u00f6d<\/strong> f\u00f6r handvilan, vilket f\u00f6rb\u00e4ttrar anv\u00e4ndarupplevelsen vid anv\u00e4ndning av greppet.<\/p>\n<p>Dessutom har greppet en mjuk textur f\u00f6r ett behagligare och mer s\u00e4kert grepp.<\/p>\n<p>F\u00f6r installation rekommenderas <strong>anv\u00e4ndning av M10x40 eller M8x40 skruvar<\/strong>, \u00e4ven med plugg.<\/p>\n<p>T\u00e4nk p\u00e5 att produktens f\u00e4rger kan variera j\u00e4mf\u00f6rt med bilden som visas. Om du vill ha en specifik f\u00e4rg, tveka inte att kontakta oss.<\/p>\n","protected":false},"excerpt":{"rendered":"<ul>\n<li>Kl\u00e4ttergrepp f\u00f6r drag- och h\u00e4ng\u00f6vningar.<\/li>\n<li>Ideal f\u00f6r hinderbana kl\u00e4tterv\u00e4ggar, campus board, nedf\u00e4rdsv\u00e4gar fr\u00e5n block och tak.<\/li>\n<li>St\u00f6d f\u00f6r en eller tv\u00e5 h\u00e4nder.<\/li>\n<li>Ger m\u00f6jlighet till grepp i olika vinklar p\u00e5 handleden utan att flytta kl\u00e4ttergreppet.<\/li>\n<li>\u00d6verkantens diameter \u00e4r mycket bekv\u00e4m f\u00f6r ett perfekt handvila.<\/li>\n<\/ul>\n","protected":false},"featured_media":22817,"comment_status":"open","ping_status":"closed","template":"","meta":[],"product_brand":[],"product_cat":[518,515,425,478],"product_tag":[],"class_list":{"0":"post-22867","1":"product","2":"type-product","3":"status-publish","4":"has-post-thumbnail","6":"product_cat-grepp","7":"product_cat-traning","8":"product_cat-klattringrepp","9":"product_cat-tranings","11":"first","12":"instock","13":"taxable","14":"shipping-taxable","15":"purchasable","16":"product-type-simple"},"_links":{"self":[{"href":"https:\/\/topholds.com\/sv\/wp-json\/wp\/v2\/product\/22867","targetHints":{"allow":["GET"]}}],"collection":[{"href":"https:\/\/topholds.com\/sv\/wp-json\/wp\/v2\/product"}],"about":[{"href":"https:\/\/topholds.com\/sv\/wp-json\/wp\/v2\/types\/product"}],"replies":[{"embeddable":true,"href":"https:\/\/topholds.com\/sv\/wp-json\/wp\/v2\/comments?post=22867"}],"wp:featuredmedia":[{"embeddable":true,"href":"https:\/\/topholds.com\/sv\/wp-json\/wp\/v2\/media\/22817"}],"wp:attachment":[{"href":"https:\/\/topholds.com\/sv\/wp-json\/wp\/v2\/media?parent=22867"}],"wp:term":[{"taxonomy":"product_brand","embeddable":true,"href":"https:\/\/topholds.com\/sv\/wp-json\/wp\/v2\/product_brand?post=22867"},{"taxonomy":"product_cat","embeddable":true,"href":"https:\/\/topholds.com\/sv\/wp-json\/wp\/v2\/product_cat?post=22867"},{"taxonomy":"product_tag","embeddable":true,"href":"https:\/\/topholds.com\/sv\/wp-json\/wp\/v2\/product_tag?post=22867"}],"curies":[{"name":"wp","href":"https:\/\/api.w.org\/{rel}","templated":true}]}}