{"id":22873,"date":"2025-09-06T09:35:23","date_gmt":"2025-09-06T09:35:23","guid":{"rendered":"https:\/\/topholds.com\/oferta\/okategoriserad\/paket-med-klattergrepp-zinia-10\/"},"modified":"2025-09-18T03:02:26","modified_gmt":"2025-09-18T03:02:26","slug":"paket-med-klattergrepp-zinia-10","status":"publish","type":"product","link":"https:\/\/topholds.com\/sv\/erbjudande\/klattringrepp\/barn\/paket-med-klattergrepp-zinia-10\/","title":{"rendered":"Paket med Kl\u00e4ttergrepp Zinia 10"},"content":{"rendered":"<p><strong>Zinia 10 \u00e4r ett paket med 10 kl\u00e4ttergrepp<\/strong> med en mjuk sandstensstruktur, utformat f\u00f6r att tillgodose behoven hos b\u00e5de barn och nyb\u00f6rjare inom kl\u00e4ttring.<\/p>\n<p>Dessa grepp har handtag i koppform, <strong>perfekta f\u00f6r de som b\u00f6rjar kl\u00e4ttra<\/strong>. Men om du v\u00e4nder p\u00e5 dem hittar du utmanande romerska och reglar med kanter i olika h\u00f6jder, perfekta f\u00f6r mer erfarna kl\u00e4ttrare.<\/p>\n<p>Zinia 10 \u00e4r en m\u00e5ngsidig sats, <strong>l\u00e4mpad f\u00f6r alla typer av v\u00e4ggar med lutning<\/strong>, och anpassar sig till ett brett spektrum av f\u00e4rdigheter och preferenser.<\/p>\n<p>F\u00f6r en s\u00e4ker och h\u00e5llbar installation rekommenderas <strong>att anv\u00e4nda M10x40 skruvar (helst) eller M8x40<\/strong>. Dessutom \u00e4r varje grepp utrustat med ett <strong>h\u00e5l f\u00f6r anti-rotation skruv<\/strong>, vilket garanterar \u00f6kad stabilitet och f\u00f6rhindrar o\u00f6nskade r\u00f6relser under anv\u00e4ndning.<\/p>\n<p>Observera att produktens f\u00e4rger kan skilja sig fr\u00e5n bilden som visas. Om du vill ha en specifik f\u00e4rg, tveka inte att kontakta oss.<\/p>\n","protected":false},"excerpt":{"rendered":"<ul>\n<li>Zinia 10 \u00e4r ett paket med 10 Kl\u00e4ttergrepp.<\/li>\n<li>Mjukt sandstensliknande textur.<\/li>\n<li>Mycket bra grepp i sk\u00e5l och breda fotst\u00f6d.<\/li>\n<li>Perfekta f\u00f6r barn eller nyb\u00f6rjare.<\/li>\n<li>Alla med h\u00e5l f\u00f6r skruv med anti-rotation funktion.<\/li>\n<\/ul>\n","protected":false},"featured_media":22747,"comment_status":"open","ping_status":"closed","template":"","meta":[],"product_brand":[],"product_cat":[479,425],"product_tag":[],"class_list":{"0":"post-22873","1":"product","2":"type-product","3":"status-publish","4":"has-post-thumbnail","6":"product_cat-barn","7":"product_cat-klattringrepp","9":"first","10":"instock","11":"taxable","12":"shipping-taxable","13":"purchasable","14":"product-type-simple"},"_links":{"self":[{"href":"https:\/\/topholds.com\/sv\/wp-json\/wp\/v2\/product\/22873","targetHints":{"allow":["GET"]}}],"collection":[{"href":"https:\/\/topholds.com\/sv\/wp-json\/wp\/v2\/product"}],"about":[{"href":"https:\/\/topholds.com\/sv\/wp-json\/wp\/v2\/types\/product"}],"replies":[{"embeddable":true,"href":"https:\/\/topholds.com\/sv\/wp-json\/wp\/v2\/comments?post=22873"}],"wp:featuredmedia":[{"embeddable":true,"href":"https:\/\/topholds.com\/sv\/wp-json\/wp\/v2\/media\/22747"}],"wp:attachment":[{"href":"https:\/\/topholds.com\/sv\/wp-json\/wp\/v2\/media?parent=22873"}],"wp:term":[{"taxonomy":"product_brand","embeddable":true,"href":"https:\/\/topholds.com\/sv\/wp-json\/wp\/v2\/product_brand?post=22873"},{"taxonomy":"product_cat","embeddable":true,"href":"https:\/\/topholds.com\/sv\/wp-json\/wp\/v2\/product_cat?post=22873"},{"taxonomy":"product_tag","embeddable":true,"href":"https:\/\/topholds.com\/sv\/wp-json\/wp\/v2\/product_tag?post=22873"}],"curies":[{"name":"wp","href":"https:\/\/api.w.org\/{rel}","templated":true}]}}