{"id":22880,"date":"2025-09-06T09:03:24","date_gmt":"2025-09-06T09:03:24","guid":{"rendered":"https:\/\/topholds.com\/oferta\/okategoriserad\/paket-med-klattergrepp-argus-8\/"},"modified":"2026-03-06T04:59:34","modified_gmt":"2026-03-06T04:59:34","slug":"pack-presas-de-escalada-argus-8","status":"publish","type":"product","link":"https:\/\/topholds.com\/sv\/erbjudande\/klattringrepp\/barn\/pack-presas-de-escalada-argus-8\/","title":{"rendered":"Paket med Kl\u00e4ttergrepp Argus 8"},"content":{"rendered":"<p><strong>Argus 8 \u00e4r ett paket med Kl\u00e4ttergrepp<\/strong> med en exceptionell sandstensstruktur som liknar upplevelsen av att kl\u00e4ttra p\u00e5 naturlig klippa. Dessa ergonomiska och bekv\u00e4ma Kl\u00e4ttergrepp erbjuder en utm\u00e4rkt niv\u00e5 av vidh\u00e4ftning och komfort f\u00f6r dina h\u00e4nder.<\/p>\n<p>F\u00f6r att s\u00e4kerst\u00e4lla en korrekt och s\u00e4ker installation rekommenderar vi anv\u00e4ndning av <strong>skruvar M10x40; d\u00e4remot kan man ocks\u00e5 anv\u00e4nda skruvar M8x40<\/strong> om det f\u00f6redras.<\/p>\n<p>Observera att f\u00e4rgerna p\u00e5 produkten kan avvika fr\u00e5n den visade bilden. Om du vill ha en specifik f\u00e4rg, tveka inte att kontakta oss.<\/p>\n","protected":false},"excerpt":{"rendered":"<ul>\n<li>Argus 8 \u00e4r ett paket med Kl\u00e4ttergrepp.<\/li>\n<li>Sandstensstruktur.<\/li>\n<li>Mycket bekv\u00e4ma Kl\u00e4ttergrepp.<\/li>\n<\/ul>\n","protected":false},"featured_media":22782,"comment_status":"open","ping_status":"closed","template":"","meta":[],"product_brand":[],"product_cat":[479,425],"product_tag":[],"class_list":{"0":"post-22880","1":"product","2":"type-product","3":"status-publish","4":"has-post-thumbnail","6":"product_cat-barn","7":"product_cat-klattringrepp","9":"first","10":"instock","11":"taxable","12":"shipping-taxable","13":"purchasable","14":"product-type-simple"},"_links":{"self":[{"href":"https:\/\/topholds.com\/sv\/wp-json\/wp\/v2\/product\/22880","targetHints":{"allow":["GET"]}}],"collection":[{"href":"https:\/\/topholds.com\/sv\/wp-json\/wp\/v2\/product"}],"about":[{"href":"https:\/\/topholds.com\/sv\/wp-json\/wp\/v2\/types\/product"}],"replies":[{"embeddable":true,"href":"https:\/\/topholds.com\/sv\/wp-json\/wp\/v2\/comments?post=22880"}],"wp:featuredmedia":[{"embeddable":true,"href":"https:\/\/topholds.com\/sv\/wp-json\/wp\/v2\/media\/22782"}],"wp:attachment":[{"href":"https:\/\/topholds.com\/sv\/wp-json\/wp\/v2\/media?parent=22880"}],"wp:term":[{"taxonomy":"product_brand","embeddable":true,"href":"https:\/\/topholds.com\/sv\/wp-json\/wp\/v2\/product_brand?post=22880"},{"taxonomy":"product_cat","embeddable":true,"href":"https:\/\/topholds.com\/sv\/wp-json\/wp\/v2\/product_cat?post=22880"},{"taxonomy":"product_tag","embeddable":true,"href":"https:\/\/topholds.com\/sv\/wp-json\/wp\/v2\/product_tag?post=22880"}],"curies":[{"name":"wp","href":"https:\/\/api.w.org\/{rel}","templated":true}]}}