{"id":22889,"date":"2025-09-06T08:51:32","date_gmt":"2025-09-06T08:51:32","guid":{"rendered":"https:\/\/topholds.com\/oferta\/okategoriserad\/paket-med-klattervaggsmaterial-minta-xl4\/"},"modified":"2025-09-18T03:03:53","modified_gmt":"2025-09-18T03:03:53","slug":"paket-med-klattervaggsmaterial-minta-xl4","status":"publish","type":"product","link":"https:\/\/topholds.com\/sv\/erbjudande\/klattringrepp\/paket-med-klattervaggsmaterial-minta-xl4\/","title":{"rendered":"Paket med Kl\u00e4tterv\u00e4ggsmaterial Minta XL4"},"content":{"rendered":"<p><strong>Minta XL4 \u00e4r ett paket med 4 Kl\u00e4ttergrepp<\/strong> med sandstensstruktur som utm\u00e4rker sig f\u00f6r sin m\u00e5ngsidighet och f\u00f6rm\u00e5ga att erbjuda flera grepp.<\/p>\n<p>Genom att vrida p\u00e5 dessa kl\u00e4ttergrepp kan du <strong>uppn\u00e5 olika grepp runt om<\/strong>, vilket g\u00f6r att du kan anpassa dem till olika sv\u00e5righetsniv\u00e5er och utmaningar.<\/p>\n<p>F\u00f6r att s\u00e4kerst\u00e4lla en stadig och h\u00e5llbar installation rekommenderas att <strong>anv\u00e4nda Allen Skruvar M10x40 eller M8x40<\/strong>.<\/p>\n<p>Varje <em>del av Minta-partiet<\/em> har ett <strong>extra h\u00e5l f\u00f6r anti-rotation f\u00e4ste<\/strong>, vilket ger st\u00f6rre stabilitet och s\u00e4kerhet under anv\u00e4ndning.<\/p>\n<p>T\u00e4nk p\u00e5 att f\u00e4rgerna p\u00e5 produkten kan skilja sig fr\u00e5n bilden som visas. Om du vill ha en specifik f\u00e4rg, tveka inte att kontakta oss.<\/p>\n","protected":false},"excerpt":{"rendered":"<ul>\n<li>Minta XL4 es una colecci\u00f3n de 4 presas de escalada.<\/li>\n<li>Textura arenisca.<\/li>\n<li>Presas muy vers\u00e1tiles, gir\u00e1ndolas conseguimos distintos agarres.<\/li>\n<li>Todas con agujero para tornillo anti-rotaci\u00f3n.<\/li>\n<\/ul>\n","protected":false},"featured_media":22810,"comment_status":"open","ping_status":"closed","template":"","meta":[],"product_brand":[],"product_cat":[425],"product_tag":[],"class_list":{"0":"post-22889","1":"product","2":"type-product","3":"status-publish","4":"has-post-thumbnail","6":"product_cat-klattringrepp","8":"first","9":"instock","10":"taxable","11":"shipping-taxable","12":"purchasable","13":"product-type-simple"},"_links":{"self":[{"href":"https:\/\/topholds.com\/sv\/wp-json\/wp\/v2\/product\/22889","targetHints":{"allow":["GET"]}}],"collection":[{"href":"https:\/\/topholds.com\/sv\/wp-json\/wp\/v2\/product"}],"about":[{"href":"https:\/\/topholds.com\/sv\/wp-json\/wp\/v2\/types\/product"}],"replies":[{"embeddable":true,"href":"https:\/\/topholds.com\/sv\/wp-json\/wp\/v2\/comments?post=22889"}],"wp:featuredmedia":[{"embeddable":true,"href":"https:\/\/topholds.com\/sv\/wp-json\/wp\/v2\/media\/22810"}],"wp:attachment":[{"href":"https:\/\/topholds.com\/sv\/wp-json\/wp\/v2\/media?parent=22889"}],"wp:term":[{"taxonomy":"product_brand","embeddable":true,"href":"https:\/\/topholds.com\/sv\/wp-json\/wp\/v2\/product_brand?post=22889"},{"taxonomy":"product_cat","embeddable":true,"href":"https:\/\/topholds.com\/sv\/wp-json\/wp\/v2\/product_cat?post=22889"},{"taxonomy":"product_tag","embeddable":true,"href":"https:\/\/topholds.com\/sv\/wp-json\/wp\/v2\/product_tag?post=22889"}],"curies":[{"name":"wp","href":"https:\/\/api.w.org\/{rel}","templated":true}]}}